{"id":13380,"date":"2023-11-22T09:38:20","date_gmt":"2023-11-22T08:38:20","guid":{"rendered":"https:\/\/swiat-tektury.pl\/?page_id=13380"},"modified":"2023-11-22T10:35:55","modified_gmt":"2023-11-22T09:35:55","slug":"postac-z-tektury-ze-zdjecia","status":"publish","type":"page","link":"https:\/\/swiat-tektury.pl\/en\/postac-z-tektury-ze-zdjecia\/","title":{"rendered":"Posta\u0107 z tektury ze zdj\u0119cia"},"content":{"rendered":"<figure class=\"wp-block-gallery has-nested-images columns-default is-cropped wp-block-gallery-1 is-layout-flex wp-block-gallery-is-layout-flex\">\n<figure class=\"wp-block-image size-large\"><a href=\"https:\/\/swiat-tektury.pl\/wp-content\/uploads\/2023\/10\/Zidane-Postac-z-tektury.jpg\"><img fetchpriority=\"high\" decoding=\"async\" width=\"558\" height=\"1024\" data-id=\"13331\" src=\"https:\/\/swiat-tektury.pl\/wp-content\/uploads\/2023\/10\/Zidane-Postac-z-tektury-558x1024.jpg\" alt=\"\" class=\"wp-image-13331\" srcset=\"https:\/\/swiat-tektury.pl\/wp-content\/uploads\/2023\/10\/Zidane-Postac-z-tektury-558x1024.jpg 558w, https:\/\/swiat-tektury.pl\/wp-content\/uploads\/2023\/10\/Zidane-Postac-z-tektury-164x300.jpg 164w, https:\/\/swiat-tektury.pl\/wp-content\/uploads\/2023\/10\/Zidane-Postac-z-tektury-768x1409.jpg 768w, https:\/\/swiat-tektury.pl\/wp-content\/uploads\/2023\/10\/Zidane-Postac-z-tektury-837x1536.jpg 837w, https:\/\/swiat-tektury.pl\/wp-content\/uploads\/2023\/10\/Zidane-Postac-z-tektury-7x12.jpg 7w, https:\/\/swiat-tektury.pl\/wp-content\/uploads\/2023\/10\/Zidane-Postac-z-tektury-636x1167.jpg 636w, https:\/\/swiat-tektury.pl\/wp-content\/uploads\/2023\/10\/Zidane-Postac-z-tektury.jpg 944w\" sizes=\"(max-width: 558px) 100vw, 558px\" \/><\/a><\/figure>\n\n\n\n<figure class=\"wp-block-image size-large\"><a href=\"https:\/\/swiat-tektury.pl\/wp-content\/uploads\/2023\/09\/postac-bagz-z-tektury.jpg\"><img decoding=\"async\" width=\"576\" height=\"1024\" data-id=\"13299\" src=\"https:\/\/swiat-tektury.pl\/wp-content\/uploads\/2023\/09\/postac-bagz-z-tektury-576x1024.jpg\" alt=\"\" class=\"wp-image-13299\" srcset=\"https:\/\/swiat-tektury.pl\/wp-content\/uploads\/2023\/09\/postac-bagz-z-tektury-576x1024.jpg 576w, https:\/\/swiat-tektury.pl\/wp-content\/uploads\/2023\/09\/postac-bagz-z-tektury-169x300.jpg 169w, https:\/\/swiat-tektury.pl\/wp-content\/uploads\/2023\/09\/postac-bagz-z-tektury-768x1365.jpg 768w, https:\/\/swiat-tektury.pl\/wp-content\/uploads\/2023\/09\/postac-bagz-z-tektury-864x1536.jpg 864w, https:\/\/swiat-tektury.pl\/wp-content\/uploads\/2023\/09\/postac-bagz-z-tektury-7x12.jpg 7w, https:\/\/swiat-tektury.pl\/wp-content\/uploads\/2023\/09\/postac-bagz-z-tektury-636x1131.jpg 636w, https:\/\/swiat-tektury.pl\/wp-content\/uploads\/2023\/09\/postac-bagz-z-tektury.jpg 1080w\" sizes=\"(max-width: 576px) 100vw, 576px\" \/><\/a><\/figure>\n\n\n\n<figure class=\"wp-block-image size-large\"><a href=\"https:\/\/swiat-tektury.pl\/wp-content\/uploads\/2023\/08\/Kartonowa-postac-bagz-mezczyzna.jpg\"><img decoding=\"async\" width=\"576\" height=\"1024\" data-id=\"13281\" src=\"https:\/\/swiat-tektury.pl\/wp-content\/uploads\/2023\/08\/Kartonowa-postac-bagz-mezczyzna-576x1024.jpg\" alt=\"\" class=\"wp-image-13281\" srcset=\"https:\/\/swiat-tektury.pl\/wp-content\/uploads\/2023\/08\/Kartonowa-postac-bagz-mezczyzna-576x1024.jpg 576w, https:\/\/swiat-tektury.pl\/wp-content\/uploads\/2023\/08\/Kartonowa-postac-bagz-mezczyzna-169x300.jpg 169w, https:\/\/swiat-tektury.pl\/wp-content\/uploads\/2023\/08\/Kartonowa-postac-bagz-mezczyzna-768x1365.jpg 768w, https:\/\/swiat-tektury.pl\/wp-content\/uploads\/2023\/08\/Kartonowa-postac-bagz-mezczyzna-864x1536.jpg 864w, https:\/\/swiat-tektury.pl\/wp-content\/uploads\/2023\/08\/Kartonowa-postac-bagz-mezczyzna-7x12.jpg 7w, https:\/\/swiat-tektury.pl\/wp-content\/uploads\/2023\/08\/Kartonowa-postac-bagz-mezczyzna-636x1131.jpg 636w, https:\/\/swiat-tektury.pl\/wp-content\/uploads\/2023\/08\/Kartonowa-postac-bagz-mezczyzna.jpg 1080w\" sizes=\"(max-width: 576px) 100vw, 576px\" \/><\/a><\/figure>\n\n\n\n<figure class=\"wp-block-image size-large\"><a href=\"https:\/\/swiat-tektury.pl\/wp-content\/uploads\/2023\/08\/Kartonowa-postac-bagz-kobieta.jpg\"><img loading=\"lazy\" decoding=\"async\" width=\"576\" height=\"1024\" data-id=\"13280\" src=\"https:\/\/swiat-tektury.pl\/wp-content\/uploads\/2023\/08\/Kartonowa-postac-bagz-kobieta-576x1024.jpg\" alt=\"\" class=\"wp-image-13280\" srcset=\"https:\/\/swiat-tektury.pl\/wp-content\/uploads\/2023\/08\/Kartonowa-postac-bagz-kobieta-576x1024.jpg 576w, https:\/\/swiat-tektury.pl\/wp-content\/uploads\/2023\/08\/Kartonowa-postac-bagz-kobieta-169x300.jpg 169w, https:\/\/swiat-tektury.pl\/wp-content\/uploads\/2023\/08\/Kartonowa-postac-bagz-kobieta-768x1365.jpg 768w, https:\/\/swiat-tektury.pl\/wp-content\/uploads\/2023\/08\/Kartonowa-postac-bagz-kobieta-864x1536.jpg 864w, https:\/\/swiat-tektury.pl\/wp-content\/uploads\/2023\/08\/Kartonowa-postac-bagz-kobieta-7x12.jpg 7w, https:\/\/swiat-tektury.pl\/wp-content\/uploads\/2023\/08\/Kartonowa-postac-bagz-kobieta-636x1131.jpg 636w, https:\/\/swiat-tektury.pl\/wp-content\/uploads\/2023\/08\/Kartonowa-postac-bagz-kobieta.jpg 1080w\" sizes=\"(max-width: 576px) 100vw, 576px\" \/><\/a><\/figure>\n\n\n\n<figure class=\"wp-block-image size-large\"><a href=\"https:\/\/swiat-tektury.pl\/wp-content\/uploads\/2023\/05\/Postac-z-tektury-6.jpg\"><img loading=\"lazy\" decoding=\"async\" width=\"576\" height=\"1024\" data-id=\"13184\" src=\"https:\/\/swiat-tektury.pl\/wp-content\/uploads\/2023\/05\/Postac-z-tektury-6-576x1024.jpg\" alt=\"\" class=\"wp-image-13184\" srcset=\"https:\/\/swiat-tektury.pl\/wp-content\/uploads\/2023\/05\/Postac-z-tektury-6-576x1024.jpg 576w, https:\/\/swiat-tektury.pl\/wp-content\/uploads\/2023\/05\/Postac-z-tektury-6-169x300.jpg 169w, https:\/\/swiat-tektury.pl\/wp-content\/uploads\/2023\/05\/Postac-z-tektury-6-768x1365.jpg 768w, https:\/\/swiat-tektury.pl\/wp-content\/uploads\/2023\/05\/Postac-z-tektury-6-864x1536.jpg 864w, https:\/\/swiat-tektury.pl\/wp-content\/uploads\/2023\/05\/Postac-z-tektury-6-636x1131.jpg 636w, https:\/\/swiat-tektury.pl\/wp-content\/uploads\/2023\/05\/Postac-z-tektury-6.jpg 1080w\" sizes=\"(max-width: 576px) 100vw, 576px\" \/><\/a><\/figure>\n\n\n\n<figure class=\"wp-block-image size-large\"><a href=\"https:\/\/swiat-tektury.pl\/wp-content\/uploads\/2023\/05\/zielarka.jpg\"><img loading=\"lazy\" decoding=\"async\" width=\"576\" height=\"1024\" data-id=\"13061\" src=\"https:\/\/swiat-tektury.pl\/wp-content\/uploads\/2023\/05\/zielarka-576x1024.jpg\" alt=\"\" class=\"wp-image-13061\" srcset=\"https:\/\/swiat-tektury.pl\/wp-content\/uploads\/2023\/05\/zielarka-576x1024.jpg 576w, https:\/\/swiat-tektury.pl\/wp-content\/uploads\/2023\/05\/zielarka-169x300.jpg 169w, https:\/\/swiat-tektury.pl\/wp-content\/uploads\/2023\/05\/zielarka-768x1365.jpg 768w, https:\/\/swiat-tektury.pl\/wp-content\/uploads\/2023\/05\/zielarka-864x1536.jpg 864w, https:\/\/swiat-tektury.pl\/wp-content\/uploads\/2023\/05\/zielarka-636x1131.jpg 636w, https:\/\/swiat-tektury.pl\/wp-content\/uploads\/2023\/05\/zielarka.jpg 1080w\" sizes=\"(max-width: 576px) 100vw, 576px\" \/><\/a><\/figure>\n\n\n\n<figure class=\"wp-block-image size-large\"><a href=\"https:\/\/swiat-tektury.pl\/wp-content\/uploads\/2023\/11\/2023112209373004.png\"><img loading=\"lazy\" decoding=\"async\" width=\"284\" height=\"1024\" data-id=\"13383\" src=\"https:\/\/swiat-tektury.pl\/wp-content\/uploads\/2023\/11\/2023112209373004-284x1024.png\" alt=\"\" class=\"wp-image-13383\" srcset=\"https:\/\/swiat-tektury.pl\/wp-content\/uploads\/2023\/11\/2023112209373004-284x1024.png 284w, https:\/\/swiat-tektury.pl\/wp-content\/uploads\/2023\/11\/2023112209373004-83x300.png 83w, https:\/\/swiat-tektury.pl\/wp-content\/uploads\/2023\/11\/2023112209373004-426x1536.png 426w, https:\/\/swiat-tektury.pl\/wp-content\/uploads\/2023\/11\/2023112209373004-3x12.png 3w, https:\/\/swiat-tektury.pl\/wp-content\/uploads\/2023\/11\/2023112209373004.png 532w\" sizes=\"(max-width: 284px) 100vw, 284px\" \/><\/a><\/figure>\n\n\n\n<figure class=\"wp-block-image size-large\"><a href=\"https:\/\/swiat-tektury.pl\/wp-content\/uploads\/2023\/11\/2023112209484933.png\"><img loading=\"lazy\" decoding=\"async\" width=\"332\" height=\"1024\" data-id=\"13387\" src=\"https:\/\/swiat-tektury.pl\/wp-content\/uploads\/2023\/11\/2023112209484933-332x1024.png\" alt=\"\" class=\"wp-image-13387\" srcset=\"https:\/\/swiat-tektury.pl\/wp-content\/uploads\/2023\/11\/2023112209484933-332x1024.png 332w, https:\/\/swiat-tektury.pl\/wp-content\/uploads\/2023\/11\/2023112209484933-97x300.png 97w, https:\/\/swiat-tektury.pl\/wp-content\/uploads\/2023\/11\/2023112209484933-498x1536.png 498w, https:\/\/swiat-tektury.pl\/wp-content\/uploads\/2023\/11\/2023112209484933-4x12.png 4w, https:\/\/swiat-tektury.pl\/wp-content\/uploads\/2023\/11\/2023112209484933.png 623w\" sizes=\"(max-width: 332px) 100vw, 332px\" \/><\/a><\/figure>\n\n\n\n<figure class=\"wp-block-image size-large\"><a href=\"https:\/\/swiat-tektury.pl\/wp-content\/uploads\/2023\/11\/2023112209491759.png\"><img loading=\"lazy\" decoding=\"async\" width=\"464\" height=\"1024\" data-id=\"13389\" src=\"https:\/\/swiat-tektury.pl\/wp-content\/uploads\/2023\/11\/2023112209491759-464x1024.png\" alt=\"\" class=\"wp-image-13389\" srcset=\"https:\/\/swiat-tektury.pl\/wp-content\/uploads\/2023\/11\/2023112209491759-464x1024.png 464w, https:\/\/swiat-tektury.pl\/wp-content\/uploads\/2023\/11\/2023112209491759-136x300.png 136w, https:\/\/swiat-tektury.pl\/wp-content\/uploads\/2023\/11\/2023112209491759-768x1695.png 768w, https:\/\/swiat-tektury.pl\/wp-content\/uploads\/2023\/11\/2023112209491759-696x1536.png 696w, https:\/\/swiat-tektury.pl\/wp-content\/uploads\/2023\/11\/2023112209491759-5x12.png 5w, https:\/\/swiat-tektury.pl\/wp-content\/uploads\/2023\/11\/2023112209491759-636x1404.png 636w, https:\/\/swiat-tektury.pl\/wp-content\/uploads\/2023\/11\/2023112209491759.png 870w\" sizes=\"(max-width: 464px) 100vw, 464px\" \/><\/a><\/figure>\n\n\n\n<figure class=\"wp-block-image size-large\"><a href=\"https:\/\/swiat-tektury.pl\/wp-content\/uploads\/2023\/11\/2023112209510390.png\"><img loading=\"lazy\" decoding=\"async\" width=\"335\" height=\"1024\" data-id=\"13388\" src=\"https:\/\/swiat-tektury.pl\/wp-content\/uploads\/2023\/11\/2023112209510390-335x1024.png\" alt=\"\" class=\"wp-image-13388\" srcset=\"https:\/\/swiat-tektury.pl\/wp-content\/uploads\/2023\/11\/2023112209510390-335x1024.png 335w, https:\/\/swiat-tektury.pl\/wp-content\/uploads\/2023\/11\/2023112209510390-98x300.png 98w, https:\/\/swiat-tektury.pl\/wp-content\/uploads\/2023\/11\/2023112209510390-502x1536.png 502w, https:\/\/swiat-tektury.pl\/wp-content\/uploads\/2023\/11\/2023112209510390-4x12.png 4w, https:\/\/swiat-tektury.pl\/wp-content\/uploads\/2023\/11\/2023112209510390.png 628w\" sizes=\"(max-width: 335px) 100vw, 335px\" \/><\/a><\/figure>\n\n\n\n<figure class=\"wp-block-image size-large\"><a href=\"https:\/\/swiat-tektury.pl\/wp-content\/uploads\/2023\/11\/2023112209513611.png\"><img loading=\"lazy\" decoding=\"async\" width=\"776\" height=\"1024\" data-id=\"13386\" src=\"https:\/\/swiat-tektury.pl\/wp-content\/uploads\/2023\/11\/2023112209513611-776x1024.png\" alt=\"\" class=\"wp-image-13386\" srcset=\"https:\/\/swiat-tektury.pl\/wp-content\/uploads\/2023\/11\/2023112209513611-776x1024.png 776w, https:\/\/swiat-tektury.pl\/wp-content\/uploads\/2023\/11\/2023112209513611-227x300.png 227w, https:\/\/swiat-tektury.pl\/wp-content\/uploads\/2023\/11\/2023112209513611-768x1013.png 768w, https:\/\/swiat-tektury.pl\/wp-content\/uploads\/2023\/11\/2023112209513611-1164x1536.png 1164w, https:\/\/swiat-tektury.pl\/wp-content\/uploads\/2023\/11\/2023112209513611-9x12.png 9w, https:\/\/swiat-tektury.pl\/wp-content\/uploads\/2023\/11\/2023112209513611-636x839.png 636w, https:\/\/swiat-tektury.pl\/wp-content\/uploads\/2023\/11\/2023112209513611.png 1455w\" sizes=\"(max-width: 776px) 100vw, 776px\" \/><\/a><\/figure>\n\n\n\n<figure class=\"wp-block-image size-large\"><a href=\"https:\/\/swiat-tektury.pl\/wp-content\/uploads\/2023\/11\/2023112209521643.png\"><img loading=\"lazy\" decoding=\"async\" width=\"654\" height=\"1024\" data-id=\"13390\" src=\"https:\/\/swiat-tektury.pl\/wp-content\/uploads\/2023\/11\/2023112209521643-654x1024.png\" alt=\"\" class=\"wp-image-13390\" srcset=\"https:\/\/swiat-tektury.pl\/wp-content\/uploads\/2023\/11\/2023112209521643-654x1024.png 654w, https:\/\/swiat-tektury.pl\/wp-content\/uploads\/2023\/11\/2023112209521643-192x300.png 192w, https:\/\/swiat-tektury.pl\/wp-content\/uploads\/2023\/11\/2023112209521643-768x1202.png 768w, https:\/\/swiat-tektury.pl\/wp-content\/uploads\/2023\/11\/2023112209521643-982x1536.png 982w, https:\/\/swiat-tektury.pl\/wp-content\/uploads\/2023\/11\/2023112209521643-8x12.png 8w, https:\/\/swiat-tektury.pl\/wp-content\/uploads\/2023\/11\/2023112209521643-636x995.png 636w, https:\/\/swiat-tektury.pl\/wp-content\/uploads\/2023\/11\/2023112209521643.png 1227w\" sizes=\"(max-width: 654px) 100vw, 654px\" \/><\/a><\/figure>\n<\/figure>","protected":false},"excerpt":{"rendered":"","protected":false},"author":1,"featured_media":0,"parent":0,"menu_order":0,"comment_status":"closed","ping_status":"closed","template":"","meta":{"footnotes":""},"class_list":["post-13380","page","type-page","status-publish","hentry"],"yoast_head":"<!-- This site is optimized with the Yoast SEO plugin v26.0 - https:\/\/yoast.com\/wordpress\/plugins\/seo\/ -->\n<title>Posta\u0107 z tektury ze zdj\u0119cia | \u015bwiat-tektury.pl<\/title>\n<meta name=\"robots\" content=\"index, follow, max-snippet:-1, max-image-preview:large, max-video-preview:-1\" \/>\n<link rel=\"canonical\" href=\"https:\/\/swiat-tektury.pl\/en\/postac-z-tektury-ze-zdjecia\/\" \/>\n<meta property=\"og:locale\" content=\"en_GB\" \/>\n<meta property=\"og:type\" content=\"article\" \/>\n<meta property=\"og:title\" content=\"Posta\u0107 z tektury ze zdj\u0119cia | \u015bwiat-tektury.pl\" \/>\n<meta property=\"og:url\" content=\"https:\/\/swiat-tektury.pl\/en\/postac-z-tektury-ze-zdjecia\/\" \/>\n<meta property=\"og:site_name\" content=\"\u015bwiat-tektury.pl\" \/>\n<meta property=\"article:publisher\" content=\"https:\/\/www.facebook.com\/swiattektury\/\" \/>\n<meta property=\"article:modified_time\" content=\"2023-11-22T09:35:55+00:00\" \/>\n<meta property=\"og:image\" content=\"https:\/\/swiat-tektury.pl\/wp-content\/uploads\/2023\/10\/Zidane-Postac-z-tektury-558x1024.jpg\" \/>\n<meta name=\"twitter:card\" content=\"summary_large_image\" \/>\n<meta name=\"twitter:label1\" content=\"Estimated reading time\" \/>\n\t<meta name=\"twitter:data1\" content=\"3 minutes\" \/>\n<script type=\"application\/ld+json\" class=\"yoast-schema-graph\">{\"@context\":\"https:\/\/schema.org\",\"@graph\":[{\"@type\":\"WebPage\",\"@id\":\"https:\/\/swiat-tektury.pl\/postac-z-tektury-ze-zdjecia\/\",\"url\":\"https:\/\/swiat-tektury.pl\/postac-z-tektury-ze-zdjecia\/\",\"name\":\"Posta\u0107 z tektury ze zdj\u0119cia | \u015bwiat-tektury.pl\",\"isPartOf\":{\"@id\":\"http:\/\/swiat-tektury.pl\/en\/#website\"},\"primaryImageOfPage\":{\"@id\":\"https:\/\/swiat-tektury.pl\/postac-z-tektury-ze-zdjecia\/#primaryimage\"},\"image\":{\"@id\":\"https:\/\/swiat-tektury.pl\/postac-z-tektury-ze-zdjecia\/#primaryimage\"},\"thumbnailUrl\":\"https:\/\/swiat-tektury.pl\/wp-content\/uploads\/2023\/10\/Zidane-Postac-z-tektury-558x1024.jpg\",\"datePublished\":\"2023-11-22T08:38:20+00:00\",\"dateModified\":\"2023-11-22T09:35:55+00:00\",\"breadcrumb\":{\"@id\":\"https:\/\/swiat-tektury.pl\/postac-z-tektury-ze-zdjecia\/#breadcrumb\"},\"inLanguage\":\"en-GB\",\"potentialAction\":[{\"@type\":\"ReadAction\",\"target\":[\"https:\/\/swiat-tektury.pl\/postac-z-tektury-ze-zdjecia\/\"]}]},{\"@type\":\"ImageObject\",\"inLanguage\":\"en-GB\",\"@id\":\"https:\/\/swiat-tektury.pl\/postac-z-tektury-ze-zdjecia\/#primaryimage\",\"url\":\"https:\/\/swiat-tektury.pl\/wp-content\/uploads\/2023\/10\/Zidane-Postac-z-tektury-558x1024.jpg\",\"contentUrl\":\"https:\/\/swiat-tektury.pl\/wp-content\/uploads\/2023\/10\/Zidane-Postac-z-tektury-558x1024.jpg\"},{\"@type\":\"BreadcrumbList\",\"@id\":\"https:\/\/swiat-tektury.pl\/postac-z-tektury-ze-zdjecia\/#breadcrumb\",\"itemListElement\":[{\"@type\":\"ListItem\",\"position\":1,\"name\":\"Strona g\u0142\u00f3wna\",\"item\":\"http:\/\/swiat-tektury.pl\/en\/\"},{\"@type\":\"ListItem\",\"position\":2,\"name\":\"Posta\u0107 z tektury ze zdj\u0119cia\"}]},{\"@type\":\"WebSite\",\"@id\":\"http:\/\/swiat-tektury.pl\/en\/#website\",\"url\":\"http:\/\/swiat-tektury.pl\/en\/\",\"name\":\"\u015bwiat-tektury.pl\",\"description\":\"Ekologiczne meble z tektury\",\"publisher\":{\"@id\":\"http:\/\/swiat-tektury.pl\/en\/#organization\"},\"potentialAction\":[{\"@type\":\"SearchAction\",\"target\":{\"@type\":\"EntryPoint\",\"urlTemplate\":\"http:\/\/swiat-tektury.pl\/en\/?s={search_term_string}\"},\"query-input\":{\"@type\":\"PropertyValueSpecification\",\"valueRequired\":true,\"valueName\":\"search_term_string\"}}],\"inLanguage\":\"en-GB\"},{\"@type\":\"Organization\",\"@id\":\"http:\/\/swiat-tektury.pl\/en\/#organization\",\"name\":\"\u015awiat tektury\",\"url\":\"http:\/\/swiat-tektury.pl\/en\/\",\"logo\":{\"@type\":\"ImageObject\",\"inLanguage\":\"en-GB\",\"@id\":\"http:\/\/swiat-tektury.pl\/en\/#\/schema\/logo\/image\/\",\"url\":\"https:\/\/swiat-tektury.pl\/wp-content\/uploads\/2019\/10\/WIAT-TEKTURY-LOGOTYP-01-e1572440309804.png\",\"contentUrl\":\"https:\/\/swiat-tektury.pl\/wp-content\/uploads\/2019\/10\/WIAT-TEKTURY-LOGOTYP-01-e1572440309804.png\",\"width\":1098,\"height\":1098,\"caption\":\"\u015awiat tektury\"},\"image\":{\"@id\":\"http:\/\/swiat-tektury.pl\/en\/#\/schema\/logo\/image\/\"},\"sameAs\":[\"https:\/\/www.facebook.com\/swiattektury\/\",\"https:\/\/www.instagram.com\/swiat_tektury\/\"]}]}<\/script>\n<!-- \/ Yoast SEO plugin. -->","yoast_head_json":{"title":"Posta\u0107 z tektury ze zdj\u0119cia | \u015bwiat-tektury.pl","robots":{"index":"index","follow":"follow","max-snippet":"max-snippet:-1","max-image-preview":"max-image-preview:large","max-video-preview":"max-video-preview:-1"},"canonical":"https:\/\/swiat-tektury.pl\/en\/postac-z-tektury-ze-zdjecia\/","og_locale":"en_GB","og_type":"article","og_title":"Posta\u0107 z tektury ze zdj\u0119cia | \u015bwiat-tektury.pl","og_url":"https:\/\/swiat-tektury.pl\/en\/postac-z-tektury-ze-zdjecia\/","og_site_name":"\u015bwiat-tektury.pl","article_publisher":"https:\/\/www.facebook.com\/swiattektury\/","article_modified_time":"2023-11-22T09:35:55+00:00","og_image":[{"url":"https:\/\/swiat-tektury.pl\/wp-content\/uploads\/2023\/10\/Zidane-Postac-z-tektury-558x1024.jpg","type":"","width":"","height":""}],"twitter_card":"summary_large_image","twitter_misc":{"Estimated reading time":"3 minutes"},"schema":{"@context":"https:\/\/schema.org","@graph":[{"@type":"WebPage","@id":"https:\/\/swiat-tektury.pl\/postac-z-tektury-ze-zdjecia\/","url":"https:\/\/swiat-tektury.pl\/postac-z-tektury-ze-zdjecia\/","name":"Posta\u0107 z tektury ze zdj\u0119cia | \u015bwiat-tektury.pl","isPartOf":{"@id":"http:\/\/swiat-tektury.pl\/en\/#website"},"primaryImageOfPage":{"@id":"https:\/\/swiat-tektury.pl\/postac-z-tektury-ze-zdjecia\/#primaryimage"},"image":{"@id":"https:\/\/swiat-tektury.pl\/postac-z-tektury-ze-zdjecia\/#primaryimage"},"thumbnailUrl":"https:\/\/swiat-tektury.pl\/wp-content\/uploads\/2023\/10\/Zidane-Postac-z-tektury-558x1024.jpg","datePublished":"2023-11-22T08:38:20+00:00","dateModified":"2023-11-22T09:35:55+00:00","breadcrumb":{"@id":"https:\/\/swiat-tektury.pl\/postac-z-tektury-ze-zdjecia\/#breadcrumb"},"inLanguage":"en-GB","potentialAction":[{"@type":"ReadAction","target":["https:\/\/swiat-tektury.pl\/postac-z-tektury-ze-zdjecia\/"]}]},{"@type":"ImageObject","inLanguage":"en-GB","@id":"https:\/\/swiat-tektury.pl\/postac-z-tektury-ze-zdjecia\/#primaryimage","url":"https:\/\/swiat-tektury.pl\/wp-content\/uploads\/2023\/10\/Zidane-Postac-z-tektury-558x1024.jpg","contentUrl":"https:\/\/swiat-tektury.pl\/wp-content\/uploads\/2023\/10\/Zidane-Postac-z-tektury-558x1024.jpg"},{"@type":"BreadcrumbList","@id":"https:\/\/swiat-tektury.pl\/postac-z-tektury-ze-zdjecia\/#breadcrumb","itemListElement":[{"@type":"ListItem","position":1,"name":"Strona g\u0142\u00f3wna","item":"http:\/\/swiat-tektury.pl\/en\/"},{"@type":"ListItem","position":2,"name":"Posta\u0107 z tektury ze zdj\u0119cia"}]},{"@type":"WebSite","@id":"http:\/\/swiat-tektury.pl\/en\/#website","url":"http:\/\/swiat-tektury.pl\/en\/","name":"\u015bwiat-tektury.pl","description":"Ekologiczne meble z tektury","publisher":{"@id":"http:\/\/swiat-tektury.pl\/en\/#organization"},"potentialAction":[{"@type":"SearchAction","target":{"@type":"EntryPoint","urlTemplate":"http:\/\/swiat-tektury.pl\/en\/?s={search_term_string}"},"query-input":{"@type":"PropertyValueSpecification","valueRequired":true,"valueName":"search_term_string"}}],"inLanguage":"en-GB"},{"@type":"Organization","@id":"http:\/\/swiat-tektury.pl\/en\/#organization","name":"\u015awiat tektury","url":"http:\/\/swiat-tektury.pl\/en\/","logo":{"@type":"ImageObject","inLanguage":"en-GB","@id":"http:\/\/swiat-tektury.pl\/en\/#\/schema\/logo\/image\/","url":"https:\/\/swiat-tektury.pl\/wp-content\/uploads\/2019\/10\/WIAT-TEKTURY-LOGOTYP-01-e1572440309804.png","contentUrl":"https:\/\/swiat-tektury.pl\/wp-content\/uploads\/2019\/10\/WIAT-TEKTURY-LOGOTYP-01-e1572440309804.png","width":1098,"height":1098,"caption":"\u015awiat tektury"},"image":{"@id":"http:\/\/swiat-tektury.pl\/en\/#\/schema\/logo\/image\/"},"sameAs":["https:\/\/www.facebook.com\/swiattektury\/","https:\/\/www.instagram.com\/swiat_tektury\/"]}]}},"_links":{"self":[{"href":"https:\/\/swiat-tektury.pl\/en\/wp-json\/wp\/v2\/pages\/13380","targetHints":{"allow":["GET"]}}],"collection":[{"href":"https:\/\/swiat-tektury.pl\/en\/wp-json\/wp\/v2\/pages"}],"about":[{"href":"https:\/\/swiat-tektury.pl\/en\/wp-json\/wp\/v2\/types\/page"}],"author":[{"embeddable":true,"href":"https:\/\/swiat-tektury.pl\/en\/wp-json\/wp\/v2\/users\/1"}],"replies":[{"embeddable":true,"href":"https:\/\/swiat-tektury.pl\/en\/wp-json\/wp\/v2\/comments?post=13380"}],"version-history":[{"count":2,"href":"https:\/\/swiat-tektury.pl\/en\/wp-json\/wp\/v2\/pages\/13380\/revisions"}],"predecessor-version":[{"id":13391,"href":"https:\/\/swiat-tektury.pl\/en\/wp-json\/wp\/v2\/pages\/13380\/revisions\/13391"}],"wp:attachment":[{"href":"https:\/\/swiat-tektury.pl\/en\/wp-json\/wp\/v2\/media?parent=13380"}],"curies":[{"name":"wp","href":"https:\/\/api.w.org\/{rel}","templated":true}]}}