{"id":3,"date":"2019-02-09T20:04:13","date_gmt":"2019-02-09T19:04:13","guid":{"rendered":"http:\/\/swiat-tektury.pl\/?page_id=3"},"modified":"2022-08-31T10:37:21","modified_gmt":"2022-08-31T08:37:21","slug":"polityka-prywatnosci","status":"publish","type":"page","link":"https:\/\/swiat-tektury.pl\/en\/polityka-prywatnosci\/","title":{"rendered":"Privacy policy"},"content":{"rendered":"<p><br>W zakresie, w jakim Pa\u0144stwa dane s\u0105 przetwarzane na podstawie zgody, przys\u0142uguje Pa\u0144stwu prawo jej cofni\u0119cia w dowolnym momencie. Wycofanie zgody nie wp\u0142ywa na zgodno\u015b\u0107 z prawem przetwarzania, kt\u00f3rego dokonano przed jej wycofaniem. Zgoda mo\u017ce zosta\u0107 wycofana poprzez wys\u0142anie o\u015bwiadczenia o wycofaniu zgody przez formularz kontaktowy&nbsp;<a href=\"https:\/\/swiat-tektury.pl\/en\/kontakt\/\">https:\/\/swiat-tektury.pl\/kontakt\/<\/a><\/p>\n\n\n\n<p>6.&nbsp;&nbsp;&nbsp;&nbsp;&nbsp;<strong>Polityka \u201ecookies\u201d<\/strong><\/p>\n\n\n\n<p>U\u017cywamy plik\u00f3w cookies w celu poprawienia funkcjonalno\u015bci strony internetowej i poprawienia szybko\u015bci jej dzia\u0142ania. Pliki cookies wykorzystujemy r\u00f3wnie\u017c dla dopasowania tre\u015bci oferty do Pa\u0144stwa oczekiwa\u0144 i preferencji ustalonych na podstawie Pa\u0144stwa aktywno\u015bci online podczas przegl\u0105dania stron internetowych. Oferty kierowane do Pa\u0144stwa mog\u0105 by\u0107 zamieszczane zar\u00f3wno na naszej stronie Internetowej, jak i stronach internetowych innych podmiot\u00f3w. W zwi\u0105zku z tym, \u017ce w zakresie promocji i reklamy naszych produkt\u00f3w wsp\u00f3\u0142pracujemy z innymi podmiotami, pliki cookie mog\u0105 by\u0107 zamieszczane przez te podmioty. Pliki cookie mog\u0105 zbiera\u0107 dane o Pa\u0144stwa zachowaniu w sieci czy Pa\u0144stwa adresie IP. Pliki cookie s\u0142u\u017c\u0105 ponadto zbieraniu anonimowych zagregowanych statystyk o przegl\u0105dania artyku\u0142\u00f3w i produkt\u00f3w na stronach naszego serwisu, utrzymania sesji u\u017cytkownika serwisu internetowego (po zalogowaniu), dzi\u0119ki kt\u00f3rej u\u017cytkownik nie musi na ka\u017cdej podstronie serwisu ponownie wpisywa\u0107 loginu i has\u0142a.<\/p>\n\n\n\n<p>\u00b7&nbsp;&nbsp;&nbsp;&nbsp;&nbsp;&nbsp;&nbsp; Sklep tzw. Cookies (\u201eciasteczka\u201d), stanowi\u0105ce informacje zapisywane przez&nbsp;serwery na&nbsp;urz\u0105dzeniu ko\u0144cowym U\u017cytkownika. Informacje te mog\u0105 by\u0107 odczytywane przez&nbsp;serwery przy ka\u017cdorazowym po\u0142\u0105czeniu si\u0119 z&nbsp;tego urz\u0105dzenia ko\u0144cowego.<\/p>\n\n\n\n<p>\u00b7&nbsp;&nbsp;&nbsp;&nbsp;&nbsp;&nbsp;&nbsp; Cookies u\u017cywane s\u0105 przez&nbsp;nas m.in.&nbsp;w&nbsp;celu dostosowania tre\u015bci i&nbsp;us\u0142ug dost\u0119pnych na&nbsp;Stronie Internetowej do&nbsp;indywidualnych potrzeb i&nbsp;zainteresowa\u0144 poszczeg\u00f3lnych U\u017cytkownik\u00f3w. Cookies dostarczaj\u0105 danych statystycznych o&nbsp;ruchu U\u017cytkownik\u00f3w i&nbsp;korzystaniu przez&nbsp;nich z&nbsp;poszczeg\u00f3lnych stron. Cookies umieszczane s\u0105 te\u017c w&nbsp;celu monitorowania ruchu U\u017cytkownik\u00f3w pomi\u0119dzy Stron\u0105 Internetow\u0105 a&nbsp;wsp\u00f3\u0142pracuj\u0105cymi z&nbsp;nim serwisami internetowymi.<\/p>\n\n\n\n<p>\u00b7&nbsp;&nbsp;&nbsp;&nbsp;&nbsp;&nbsp;&nbsp; Mo\u017cesz w&nbsp;ka\u017cdej chwili wy\u0142\u0105czy\u0107 w&nbsp;swojej przegl\u0105darce opcj\u0119 przyjmowania Cookies, jednak\u017ce wy\u0142\u0105czenie Cookies mo\u017ce utrudni\u0107 lub uniemo\u017cliwi\u0107 korzystanie z&nbsp;niekt\u00f3rych us\u0142ug. W&nbsp;niekt\u00f3rych przypadkach mo\u017cesz tak\u017ce ustawi\u0107 przegl\u0105dark\u0119 w&nbsp;taki spos\u00f3b, by&nbsp;w&nbsp;ka\u017cdym przypadku wy\u015bwietlane by\u0142o pytanie o&nbsp;zgod\u0119 u\u017cytkownika na&nbsp;pliki Cookies. Zapewni CI to&nbsp;mo\u017cliwo\u015b\u0107 kontroli nad&nbsp;plikami Cookies, ale&nbsp;mo\u017ce jednocze\u015bnie spowolni\u0107 dzia\u0142anie przegl\u0105darki.<\/p>\n\n\n\n<p>\u00b7&nbsp;&nbsp;&nbsp;&nbsp;&nbsp;&nbsp;&nbsp; Brak dokonania zmiany ustawie\u0144 w&nbsp;zakresie Cookies oznacza, \u017ce&nbsp;b\u0119d\u0105 one zamieszczone w&nbsp;urz\u0105dzeniu ko\u0144cowym, a&nbsp;tym samym mo\u017cemy przechowywa\u0107 informacje w&nbsp;Twoim urz\u0105dzeniu ko\u0144cowym i&nbsp;uzyskiwa\u0107 do&nbsp;nich dost\u0119p.<\/p>\n\n\n\n<p>\u00b7&nbsp;&nbsp;&nbsp;&nbsp;&nbsp;&nbsp;&nbsp; Informujemy, \u017ce&nbsp;nie&nbsp;odpowiadamy za&nbsp;stosowanie Cookies na&nbsp;innych stronach internetowych, dost\u0119pnych dla U\u017cytkownik\u00f3w dzi\u0119ki linkom umieszczonym w&nbsp;naszym Portalu.<\/p>\n\n\n\n<p>\u00b7&nbsp;&nbsp;&nbsp;&nbsp;&nbsp;&nbsp;&nbsp; Mo\u017cemy tak\u017ce u\u017cywa\u0107 innych technologii o&nbsp;funkcjach podobnych lub to\u017csamych z&nbsp;Cookies. Zasady okre\u015blone w&nbsp;tej&nbsp;Polityce Prywatno\u015bci w&nbsp;odniesieniu do&nbsp;&nbsp;\u201eCookies\u201d maj\u0105 zastosowanie tak\u017ce do&nbsp;tych innych podobnych technologii stosowanych w&nbsp;ramach witryn internetowych.<\/p>\n\n\n\n<p>\u00b7&nbsp;&nbsp;&nbsp;&nbsp;&nbsp;&nbsp;&nbsp; Cookies zawieraj\u0105 zazwyczaj nazw\u0119 domeny serwisu internetowego, z&nbsp;kt\u00f3rego&nbsp;pochodz\u0105, czas przechowywania ich na&nbsp;urz\u0105dzeniu ko\u0144cowym oraz&nbsp;unikalny numer. Pliki Cookies mog\u0105 by\u0107 zamieszczane w&nbsp;urz\u0105dzeniu ko\u0144cowym U\u017cytkownika, a&nbsp;nast\u0119pnie wykorzystywane przez&nbsp;nas do&nbsp;monitorowania ruchu i&nbsp;aktywno\u015bci w&nbsp;Portalu.<\/p>\n\n\n\n<p>\u00b7&nbsp;&nbsp;&nbsp;&nbsp;&nbsp;&nbsp;&nbsp; Nasz Portal stosuje nast\u0119puj\u0105ce rodzaje plik\u00f3w Cookies:<\/p>\n\n\n\n<p>\u00b7&nbsp;&nbsp;&nbsp;&nbsp;&nbsp;&nbsp;&nbsp; \u201eniezb\u0119dne\u201d pliki Cookies, umo\u017cliwiaj\u0105ce korzystanie z&nbsp;us\u0142ug dost\u0119pnych w&nbsp;ramach serwisu, np.&nbsp;umo\u017cliwiaj\u0105ce korzystanie z&nbsp;sesji<\/p>\n\n\n\n<p>\u00b7&nbsp;&nbsp;&nbsp;&nbsp;&nbsp;&nbsp;&nbsp; \u201efunkcjonalne\u201d pliki Cookies, umo\u017cliwiaj\u0105ce \u201ezapami\u0119tanie\u201d wybranych przez&nbsp;U\u017cytkownika ustawie\u0144 i&nbsp;personalizacj\u0119 interfejsu U\u017cytkownika, np.&nbsp;w&nbsp;zakresie wybranej wersji mobilnej\/klasycznej, ostatnich fraz wpisywanych przez&nbsp;U\u017cytkownika, wygl\u0105du strony internetowej, stanu mechanizmu zak\u0142adek itp.<\/p>\n\n\n\n<p>\u00b7&nbsp;&nbsp;&nbsp;&nbsp;&nbsp;&nbsp;&nbsp; \u201eanalityczne\u201d pliki Cookies, umo\u017cliwiaj\u0105ce monitorowanie aktywno\u015bci U\u017cytkownik\u00f3w w&nbsp;serwisie.<\/p>\n\n\n\n<p>\u00b7&nbsp;&nbsp;&nbsp;&nbsp;&nbsp;&nbsp;&nbsp; Pliki Cookies nie&nbsp;s\u0142u\u017c\u0105 do&nbsp;przetwarzania ani do&nbsp;przechowywania danych osobowych, nie&nbsp;mo\u017cna za&nbsp;ich pomoc\u0105 dokona\u0107 bezpo\u015bredniej identyfikacji U\u017cytkownika oraz&nbsp;nie&nbsp;wprowadzaj\u0105 zmian konfiguracyjnych w&nbsp;przegl\u0105darce i&nbsp;telekomunikacyjnym urz\u0105dzeniu ko\u0144cowym.<\/p>\n\n\n\n<p>7.&nbsp;&nbsp;&nbsp;&nbsp;&nbsp;<strong>Pytania i skargi dotycz\u0105ce ochrony prywatno\u015bci:<\/strong><\/p>\n\n\n\n<p>Ewentualne pytania oraz skargi zwi\u0105zane z tym, w jaki spos\u00f3b Administrator przetwarza dane osobowe nale\u017cy kierowa\u0107 na adres: biuro@swiat-tektury.pl<\/p>\n\n\n\n<p>8.&nbsp;&nbsp;&nbsp;&nbsp;&nbsp;<strong>Okres przechowywania pozosta\u0142ych danych:<\/strong><\/p>\n\n\n\n<p>Przechowujemy dane przez okres obowi\u0105zywania umowy o \u015bwiadczenie na Pa\u0144stwa rzecz us\u0142ug elektronicznych przez Sklep.<\/p>\n\n\n\n<p>Przechowujemy dane r\u00f3wnie\u017c po zako\u0144czeniu okresu umowy, w nast\u0119puj\u0105cych celach:<\/p>\n\n\n\n<p>\u00b7&nbsp;&nbsp;&nbsp;&nbsp;&nbsp;&nbsp;&nbsp; dochodzenia roszcze\u0144 wynikaj\u0105cych z powy\u017cszej umowy lub um\u00f3w zawartych<br>w zwi\u0105zku z nabywaniem us\u0142ug lub towar\u00f3w przez klient\u00f3w Sklepu<\/p>\n\n\n\n<p>\u00b7&nbsp;&nbsp;&nbsp;&nbsp;&nbsp;&nbsp;&nbsp; realizacji obowi\u0105zk\u00f3w prawnych, np. podatkowych;<\/p>\n\n\n\n<p>\u00b7&nbsp;&nbsp;&nbsp;&nbsp;&nbsp;&nbsp;&nbsp; zwalczania oszustw lub nadu\u017cy\u0107 na szkod\u0119 Sklepu, klient\u00f3w i innych os\u00f3b;<\/p>\n\n\n\n<p>\u00b7&nbsp;&nbsp;&nbsp;&nbsp;&nbsp;&nbsp;&nbsp; statystyki i dokumentacji archiwalnej.<\/p>\n\n\n\n<p>\u00b7&nbsp;&nbsp;&nbsp;&nbsp;&nbsp;&nbsp;&nbsp; Dane osobowe dla cel\u00f3w marketingowych przechowujemy przez okres obowi\u0105zywania umowy o \u015bwiadczenie us\u0142ug elektronicznych albo do wniesienia sprzeciwu.<\/p>\n\n\n\n<p><em>Administrator zastrzega prawo do dokonywania zmian b\u0105d\u017a aktualizacji w Polityce Prywatno\u015bci o czym poinformuje udost\u0119pniaj\u0105c odpowiednie tre\u015bci na stronie internetowej.<\/em><\/p>","protected":false},"excerpt":{"rendered":"<p>W zakresie, w jakim Pa\u0144stwa dane s\u0105 przetwarzane na podstawie zgody, przys\u0142uguje Pa\u0144stwu prawo jej cofni\u0119cia w dowolnym momencie. Wycofanie zgody nie wp\u0142ywa na zgodno\u015b\u0107 z prawem przetwarzania, kt\u00f3rego dokonano przed jej wycofaniem. Zgoda mo\u017ce zosta\u0107 wycofana poprzez wys\u0142anie o\u015bwiadczenia o wycofaniu zgody przez formularz kontaktowy&nbsp;https:\/\/swiat-tektury.pl\/kontakt\/ 6.&nbsp;&nbsp;&nbsp;&nbsp;&nbsp;Polityka \u201ecookies\u201d U\u017cywamy plik\u00f3w cookies w celu poprawienia funkcjonalno\u015bci &hellip; <\/p>\n<p class=\"link-more\"><a href=\"https:\/\/swiat-tektury.pl\/en\/polityka-prywatnosci\/\" class=\"more-link\">Read More <span class=\"screen-reader-text\"> &#8222;Polityka prywatno\u015bci&#8221;<\/span><\/a><\/p>","protected":false},"author":1,"featured_media":0,"parent":0,"menu_order":0,"comment_status":"closed","ping_status":"closed","template":"","meta":{"footnotes":""},"class_list":["post-3","page","type-page","status-publish","hentry"],"yoast_head":"<!-- This site is optimized with the Yoast SEO plugin v26.0 - https:\/\/yoast.com\/wordpress\/plugins\/seo\/ -->\n<title>Polityka prywatno\u015bci | \u015bwiat-tektury.pl<\/title>\n<meta name=\"robots\" content=\"index, follow, max-snippet:-1, max-image-preview:large, max-video-preview:-1\" \/>\n<link rel=\"canonical\" href=\"https:\/\/swiat-tektury.pl\/en\/polityka-prywatnosci\/\" \/>\n<meta property=\"og:locale\" content=\"en_GB\" \/>\n<meta property=\"og:type\" content=\"article\" \/>\n<meta property=\"og:title\" content=\"Polityka prywatno\u015bci | \u015bwiat-tektury.pl\" \/>\n<meta property=\"og:description\" content=\"W zakresie, w jakim Pa\u0144stwa dane s\u0105 przetwarzane na podstawie zgody, przys\u0142uguje Pa\u0144stwu prawo jej cofni\u0119cia w dowolnym momencie. Wycofanie zgody nie wp\u0142ywa na zgodno\u015b\u0107 z prawem przetwarzania, kt\u00f3rego dokonano przed jej wycofaniem. Zgoda mo\u017ce zosta\u0107 wycofana poprzez wys\u0142anie o\u015bwiadczenia o wycofaniu zgody przez formularz kontaktowy&nbsp;https:\/\/swiat-tektury.pl\/kontakt\/ 6.&nbsp;&nbsp;&nbsp;&nbsp;&nbsp;Polityka \u201ecookies\u201d U\u017cywamy plik\u00f3w cookies w celu poprawienia funkcjonalno\u015bci &hellip; Read More &quot;Polityka prywatno\u015bci&quot;\" \/>\n<meta property=\"og:url\" content=\"https:\/\/swiat-tektury.pl\/en\/polityka-prywatnosci\/\" \/>\n<meta property=\"og:site_name\" content=\"\u015bwiat-tektury.pl\" \/>\n<meta property=\"article:publisher\" content=\"https:\/\/www.facebook.com\/swiattektury\/\" \/>\n<meta property=\"article:modified_time\" content=\"2022-08-31T08:37:21+00:00\" \/>\n<meta name=\"twitter:card\" content=\"summary_large_image\" \/>\n<meta name=\"twitter:label1\" content=\"Estimated reading time\" \/>\n\t<meta name=\"twitter:data1\" content=\"5 minutes\" \/>\n<script type=\"application\/ld+json\" class=\"yoast-schema-graph\">{\"@context\":\"https:\/\/schema.org\",\"@graph\":[{\"@type\":\"WebPage\",\"@id\":\"https:\/\/swiat-tektury.pl\/en\/polityka-prywatnosci\/\",\"url\":\"https:\/\/swiat-tektury.pl\/en\/polityka-prywatnosci\/\",\"name\":\"Polityka prywatno\u015bci | \u015bwiat-tektury.pl\",\"isPartOf\":{\"@id\":\"http:\/\/swiat-tektury.pl\/en\/#website\"},\"datePublished\":\"2019-02-09T19:04:13+00:00\",\"dateModified\":\"2022-08-31T08:37:21+00:00\",\"breadcrumb\":{\"@id\":\"https:\/\/swiat-tektury.pl\/en\/polityka-prywatnosci\/#breadcrumb\"},\"inLanguage\":\"en-GB\",\"potentialAction\":[{\"@type\":\"ReadAction\",\"target\":[\"https:\/\/swiat-tektury.pl\/en\/polityka-prywatnosci\/\"]}]},{\"@type\":\"BreadcrumbList\",\"@id\":\"https:\/\/swiat-tektury.pl\/en\/polityka-prywatnosci\/#breadcrumb\",\"itemListElement\":[{\"@type\":\"ListItem\",\"position\":1,\"name\":\"Strona g\u0142\u00f3wna\",\"item\":\"http:\/\/swiat-tektury.pl\/en\/\"},{\"@type\":\"ListItem\",\"position\":2,\"name\":\"Polityka prywatno\u015bci\"}]},{\"@type\":\"WebSite\",\"@id\":\"http:\/\/swiat-tektury.pl\/en\/#website\",\"url\":\"http:\/\/swiat-tektury.pl\/en\/\",\"name\":\"\u015bwiat-tektury.pl\",\"description\":\"Ekologiczne meble z tektury\",\"publisher\":{\"@id\":\"http:\/\/swiat-tektury.pl\/en\/#organization\"},\"potentialAction\":[{\"@type\":\"SearchAction\",\"target\":{\"@type\":\"EntryPoint\",\"urlTemplate\":\"http:\/\/swiat-tektury.pl\/en\/?s={search_term_string}\"},\"query-input\":{\"@type\":\"PropertyValueSpecification\",\"valueRequired\":true,\"valueName\":\"search_term_string\"}}],\"inLanguage\":\"en-GB\"},{\"@type\":\"Organization\",\"@id\":\"http:\/\/swiat-tektury.pl\/en\/#organization\",\"name\":\"\u015awiat tektury\",\"url\":\"http:\/\/swiat-tektury.pl\/en\/\",\"logo\":{\"@type\":\"ImageObject\",\"inLanguage\":\"en-GB\",\"@id\":\"http:\/\/swiat-tektury.pl\/en\/#\/schema\/logo\/image\/\",\"url\":\"https:\/\/swiat-tektury.pl\/wp-content\/uploads\/2019\/10\/WIAT-TEKTURY-LOGOTYP-01-e1572440309804.png\",\"contentUrl\":\"https:\/\/swiat-tektury.pl\/wp-content\/uploads\/2019\/10\/WIAT-TEKTURY-LOGOTYP-01-e1572440309804.png\",\"width\":1098,\"height\":1098,\"caption\":\"\u015awiat tektury\"},\"image\":{\"@id\":\"http:\/\/swiat-tektury.pl\/en\/#\/schema\/logo\/image\/\"},\"sameAs\":[\"https:\/\/www.facebook.com\/swiattektury\/\",\"https:\/\/www.instagram.com\/swiat_tektury\/\"]}]}<\/script>\n<!-- \/ Yoast SEO plugin. -->","yoast_head_json":{"title":"Polityka prywatno\u015bci | \u015bwiat-tektury.pl","robots":{"index":"index","follow":"follow","max-snippet":"max-snippet:-1","max-image-preview":"max-image-preview:large","max-video-preview":"max-video-preview:-1"},"canonical":"https:\/\/swiat-tektury.pl\/en\/polityka-prywatnosci\/","og_locale":"en_GB","og_type":"article","og_title":"Polityka prywatno\u015bci | \u015bwiat-tektury.pl","og_description":"W zakresie, w jakim Pa\u0144stwa dane s\u0105 przetwarzane na podstawie zgody, przys\u0142uguje Pa\u0144stwu prawo jej cofni\u0119cia w dowolnym momencie. Wycofanie zgody nie wp\u0142ywa na zgodno\u015b\u0107 z prawem przetwarzania, kt\u00f3rego dokonano przed jej wycofaniem. Zgoda mo\u017ce zosta\u0107 wycofana poprzez wys\u0142anie o\u015bwiadczenia o wycofaniu zgody przez formularz kontaktowy&nbsp;https:\/\/swiat-tektury.pl\/kontakt\/ 6.&nbsp;&nbsp;&nbsp;&nbsp;&nbsp;Polityka \u201ecookies\u201d U\u017cywamy plik\u00f3w cookies w celu poprawienia funkcjonalno\u015bci &hellip; Read More \"Polityka prywatno\u015bci\"","og_url":"https:\/\/swiat-tektury.pl\/en\/polityka-prywatnosci\/","og_site_name":"\u015bwiat-tektury.pl","article_publisher":"https:\/\/www.facebook.com\/swiattektury\/","article_modified_time":"2022-08-31T08:37:21+00:00","twitter_card":"summary_large_image","twitter_misc":{"Estimated reading time":"5 minutes"},"schema":{"@context":"https:\/\/schema.org","@graph":[{"@type":"WebPage","@id":"https:\/\/swiat-tektury.pl\/en\/polityka-prywatnosci\/","url":"https:\/\/swiat-tektury.pl\/en\/polityka-prywatnosci\/","name":"Polityka prywatno\u015bci | \u015bwiat-tektury.pl","isPartOf":{"@id":"http:\/\/swiat-tektury.pl\/en\/#website"},"datePublished":"2019-02-09T19:04:13+00:00","dateModified":"2022-08-31T08:37:21+00:00","breadcrumb":{"@id":"https:\/\/swiat-tektury.pl\/en\/polityka-prywatnosci\/#breadcrumb"},"inLanguage":"en-GB","potentialAction":[{"@type":"ReadAction","target":["https:\/\/swiat-tektury.pl\/en\/polityka-prywatnosci\/"]}]},{"@type":"BreadcrumbList","@id":"https:\/\/swiat-tektury.pl\/en\/polityka-prywatnosci\/#breadcrumb","itemListElement":[{"@type":"ListItem","position":1,"name":"Strona g\u0142\u00f3wna","item":"http:\/\/swiat-tektury.pl\/en\/"},{"@type":"ListItem","position":2,"name":"Polityka prywatno\u015bci"}]},{"@type":"WebSite","@id":"http:\/\/swiat-tektury.pl\/en\/#website","url":"http:\/\/swiat-tektury.pl\/en\/","name":"\u015bwiat-tektury.pl","description":"Ekologiczne meble z tektury","publisher":{"@id":"http:\/\/swiat-tektury.pl\/en\/#organization"},"potentialAction":[{"@type":"SearchAction","target":{"@type":"EntryPoint","urlTemplate":"http:\/\/swiat-tektury.pl\/en\/?s={search_term_string}"},"query-input":{"@type":"PropertyValueSpecification","valueRequired":true,"valueName":"search_term_string"}}],"inLanguage":"en-GB"},{"@type":"Organization","@id":"http:\/\/swiat-tektury.pl\/en\/#organization","name":"\u015awiat tektury","url":"http:\/\/swiat-tektury.pl\/en\/","logo":{"@type":"ImageObject","inLanguage":"en-GB","@id":"http:\/\/swiat-tektury.pl\/en\/#\/schema\/logo\/image\/","url":"https:\/\/swiat-tektury.pl\/wp-content\/uploads\/2019\/10\/WIAT-TEKTURY-LOGOTYP-01-e1572440309804.png","contentUrl":"https:\/\/swiat-tektury.pl\/wp-content\/uploads\/2019\/10\/WIAT-TEKTURY-LOGOTYP-01-e1572440309804.png","width":1098,"height":1098,"caption":"\u015awiat tektury"},"image":{"@id":"http:\/\/swiat-tektury.pl\/en\/#\/schema\/logo\/image\/"},"sameAs":["https:\/\/www.facebook.com\/swiattektury\/","https:\/\/www.instagram.com\/swiat_tektury\/"]}]}},"_links":{"self":[{"href":"https:\/\/swiat-tektury.pl\/en\/wp-json\/wp\/v2\/pages\/3","targetHints":{"allow":["GET"]}}],"collection":[{"href":"https:\/\/swiat-tektury.pl\/en\/wp-json\/wp\/v2\/pages"}],"about":[{"href":"https:\/\/swiat-tektury.pl\/en\/wp-json\/wp\/v2\/types\/page"}],"author":[{"embeddable":true,"href":"https:\/\/swiat-tektury.pl\/en\/wp-json\/wp\/v2\/users\/1"}],"replies":[{"embeddable":true,"href":"https:\/\/swiat-tektury.pl\/en\/wp-json\/wp\/v2\/comments?post=3"}],"version-history":[{"count":1,"href":"https:\/\/swiat-tektury.pl\/en\/wp-json\/wp\/v2\/pages\/3\/revisions"}],"predecessor-version":[{"id":11725,"href":"https:\/\/swiat-tektury.pl\/en\/wp-json\/wp\/v2\/pages\/3\/revisions\/11725"}],"wp:attachment":[{"href":"https:\/\/swiat-tektury.pl\/en\/wp-json\/wp\/v2\/media?parent=3"}],"curies":[{"name":"wp","href":"https:\/\/api.w.org\/{rel}","templated":true}]}}