{"id":10985,"date":"2020-06-12T10:05:14","date_gmt":"2020-06-12T08:05:14","guid":{"rendered":"https:\/\/swiat-tektury.pl\/?post_type=product&#038;p=10985"},"modified":"2023-09-18T13:33:04","modified_gmt":"2023-09-18T11:33:04","slug":"scianka-oddzielajaca","status":"publish","type":"product","link":"https:\/\/swiat-tektury.pl\/en\/product\/scianka-oddzielajaca\/","title":{"rendered":"Separating wall"},"content":{"rendered":"<div class=\"mrd3w m6et0 _2d49e_1O4vF\">\n<div class=\"_2d49e_5pK0q\">\n<h1>\u015aciana dzia\u0142owa ochronna oddzielaj\u0105ca<\/h1>\n<p><b>\u015aciana dzia\u0142owa z tektury&nbsp;<\/b>mog\u0105c\u0105 rozdziela\u0107 stanowiska pracownik\u00f3w lub oddziela\u0107 pracownik\u00f3w od innych os\u00f3b.<\/p>\n<p>\u015awietnie sprawdzi si\u0119 r\u00f3wnie\u017c jako przegroda oddzielaj\u0105ca w&nbsp;<b>lokalach us\u0142ugowych<\/b>&nbsp;takich jak:<\/p>\n<ul>\n<li><b>lokale gastronomiczne<\/b><\/li>\n<li><b>salony urody<\/b><\/li>\n<li><b>salony fryzjerskie<\/b><\/li>\n<li><b>biura open space<\/b><\/li>\n<\/ul>\n<p><b>Partition wall<\/b>&nbsp;wykonana jest z&nbsp;<b>wytrzyma\u0142ej tektury pi\u0119ciowarstwowej o gramaturze ok. 1000 g\/m2<\/b>.<\/p>\n<p><b>\u0141atwo j\u0105 z\u0142o\u017cy\u0107<\/b>&nbsp;i w razie potrzeby roz\u0142o\u017cy\u0107, a ca\u0142y proces trwa&nbsp;<b>kilka minut<\/b>.<\/p>\n<\/div>\n<\/div>\n<div class=\"mrd3w m6et0 _2d49e_1O4vF\">\n<div class=\"_2d49e_5pK0q\">\n<p>Wyst\u0119puje w czterech rozmiarach:<\/p>\n<\/div>\n<\/div>\n<ul>\n<li>do pracy na stoj\u0105co : <strong>180cm x 120cm x 34cm<\/strong> oraz <strong>180cm x 100cm x 34cm<\/strong><\/li>\n<li>do pracy na siedz\u0105co: <strong>150cm x 120cm x 34cm<\/strong> oraz <strong>150cm x 100cm x 34cm&nbsp;<\/strong><\/li>\n<\/ul>\n<div>\n<p>Do z\u0142o\u017cenia naszych <strong>mebli<\/strong> nie potrzebne s\u0105 \u017cadne narz\u0119dzia. Do ka\u017cdego zestawu do\u0142\u0105czona jest instrukcja monta\u017cu, a ca\u0142y process trwa zaledwie kilka minut. Klikaj\u0105c w poni\u017cszy link mo\u017cesz zobaczy\u0107, jak sk\u0142adany jest ten <strong>mebel<\/strong>.<\/p>\n<p style=\"text-align: center;\"><a class=\"fasc-button fasc-size-xlarge fasc-type-flat fasc-rounded-medium fasc-ico-before dashicons-admin-tools fasc-style-bold\" style=\"background-color: #000000; color: #ffffff;\" href=\"https:\/\/swiat-tektury.pl\/wp-content\/uploads\/2022\/12\/Instrukcja-Sciana-dzialowa-eko.pdf\">Instrukcja monta\u017cu<\/a><\/p>\n\n<div id=\"rev_slider_11_1_wrapper\" class=\"rev_slider_wrapper fullwidthbanner-container\" data-source=\"gallery\" style=\"margin:0px auto;background:transparent;padding:0px;margin-top:0px;margin-bottom:0px;\">\n<!-- START REVOLUTION SLIDER 5.4.8.1 fullwidth mode -->\n\t<div id=\"rev_slider_11_1\" class=\"rev_slider fullwidthabanner\" style=\"display:none;\" data-version=\"5.4.8.1\">\n<ul>\t<!-- SLIDE  -->\n\t<li data-index=\"rs-25\" data-transition=\"fade\" data-slotamount=\"default\" data-hideafterloop=\"0\" data-hideslideonmobile=\"off\"  data-easein=\"default\" data-easeout=\"default\" data-masterspeed=\"300\"  data-rotate=\"0\"  data-saveperformance=\"off\"  data-title=\"Tektura - zawarto\u015b\u0107\" data-param1=\"\" data-param2=\"\" data-param3=\"\" data-param4=\"\" data-param5=\"\" data-param6=\"\" data-param7=\"\" data-param8=\"\" data-param9=\"\" data-param10=\"\" data-description=\"\">\n\t\t<!-- MAIN IMAGE -->\n\t\t<img fetchpriority=\"high\" decoding=\"async\" src=\"https:\/\/swiat-tektury.pl\/wp-content\/uploads\/2024\/09\/Meble-z-tektury-sklad.jpg\"  alt=\"\" title=\"Meble z tektury &#8211; sk\u0142ad\"  width=\"1920\" height=\"1440\" data-bgposition=\"center center\" data-bgfit=\"contain\" data-bgrepeat=\"no-repeat\" class=\"rev-slidebg\" data-no-retina>\n\t\t<!-- LAYERS -->\n\t<\/li>\n<\/ul>\n<div class=\"tp-bannertimer tp-bottom\" style=\"visibility: hidden !important;\"><\/div>\t<\/div>\n<script>var htmlDiv = document.getElementById(\"rs-plugin-settings-inline-css\"); var htmlDivCss=\"\";\n\t\t\t\tif(htmlDiv) {\n\t\t\t\t\thtmlDiv.innerHTML = htmlDiv.innerHTML + htmlDivCss;\n\t\t\t\t}else{\n\t\t\t\t\tvar htmlDiv = document.createElement(\"div\");\n\t\t\t\t\thtmlDiv.innerHTML = \"<style>\" + htmlDivCss + \"<\/style>\";\n\t\t\t\t\tdocument.getElementsByTagName(\"head\")[0].appendChild(htmlDiv.childNodes[0]);\n\t\t\t\t}\n\t\t\t<\/script>\n\t\t<script type=\"text\/javascript\">\nif (setREVStartSize!==undefined) setREVStartSize(\n\t{c: '#rev_slider_11_1', gridwidth: [1240], gridheight: [868], sliderLayout: 'auto'});\n\t\t\t\nvar revapi11,\n\ttpj;\t\n(function() {\t\t\t\n\tif (!\/loaded|interactive|complete\/.test(document.readyState)) document.addEventListener(\"DOMContentLoaded\",onLoad); else onLoad();\t\n\tfunction onLoad() {\t\t\t\t\n\t\tif (tpj===undefined) { tpj = jQuery; if(\"off\" == \"on\") tpj.noConflict();}\n\tif(tpj(\"#rev_slider_11_1\").revolution == undefined){\n\t\trevslider_showDoubleJqueryError(\"#rev_slider_11_1\");\n\t}else{\n\t\trevapi11 = tpj(\"#rev_slider_11_1\").show().revolution({\n\t\t\tsliderType:\"hero\",\n\t\t\tjsFileLocation:\"\/\/swiat-tektury.pl\/wp-content\/plugins\/revslider\/public\/assets\/js\/\",\n\t\t\tsliderLayout:\"auto\",\n\t\t\tdottedOverlay:\"none\",\n\t\t\tdelay:9000,\n\t\t\tvisibilityLevels:[1240,1024,778,480],\n\t\t\tgridwidth:1240,\n\t\t\tgridheight:868,\n\t\t\tlazyType:\"none\",\n\t\t\tshadow:0,\n\t\t\tspinner:\"spinner0\",\n\t\t\tautoHeight:\"on\",\n\t\t\tdisableProgressBar:\"on\",\n\t\t\thideThumbsOnMobile:\"off\",\n\t\t\thideSliderAtLimit:0,\n\t\t\thideCaptionAtLimit:0,\n\t\t\thideAllCaptionAtLilmit:0,\n\t\t\tdebugMode:false,\n\t\t\tfallbacks: {\n\t\t\t\tsimplifyAll:\"off\",\n\t\t\t\tdisableFocusListener:false,\n\t\t\t}\n\t\t});\n\t}; \/* END OF revapi call *\/\n\t\n }; \/* END OF ON LOAD FUNCTION *\/\n}()); \/* END OF WRAPPING FUNCTION *\/\n<\/script>\n\t\t<\/div><!-- END REVOLUTION SLIDER -->\n<\/div>","protected":false},"excerpt":{"rendered":"<p>\u015aciana dzia\u0142owa ochronna oddzielaj\u0105ca \u015aciana dzia\u0142owa z tektury&nbsp;mog\u0105c\u0105 rozdziela\u0107 stanowiska pracownik\u00f3w lub oddziela\u0107 pracownik\u00f3w od innych os\u00f3b. \u015awietnie sprawdzi si\u0119 r\u00f3wnie\u017c jako przegroda oddzielaj\u0105ca w&nbsp;lokalach us\u0142ugowych&nbsp;takich jak: lokale gastronomiczne salony urody salony fryzjerskie biura open space \u015aciana dzia\u0142owa&nbsp;wykonana jest z&nbsp;wytrzyma\u0142ej tektury pi\u0119ciowarstwowej o gramaturze ok. 1000 g\/m2. \u0141atwo j\u0105 z\u0142o\u017cy\u0107&nbsp;i w razie potrzeby roz\u0142o\u017cy\u0107, a &hellip; <\/p>\n<p class=\"link-more\"><a href=\"https:\/\/swiat-tektury.pl\/en\/product\/scianka-oddzielajaca\/\" class=\"more-link\">Read More <span class=\"screen-reader-text\"> &#8222;\u015acianka oddzielaj\u0105ca&#8221;<\/span><\/a><\/p>","protected":false},"featured_media":12679,"template":"","meta":[],"product_brand":[],"product_cat":[15],"product_tag":[167,208,166,288,287,284,21,20,165,192],"class_list":{"0":"post-10985","1":"product","2":"type-product","3":"status-publish","4":"has-post-thumbnail","6":"product_cat-meble-dla-firm","7":"product_tag-eko","8":"product_tag-ekologia","9":"product_tag-karton","10":"product_tag-kartonowe-meble","11":"product_tag-meble-eventowe","12":"product_tag-meble-konferencyjne","13":"product_tag-meble-z-kartonu","14":"product_tag-meble-z-tektury","15":"product_tag-tektura","16":"product_tag-zero-waste","17":"pa_meble-z-tektury-przegrody-parawany","19":"first","20":"instock","21":"taxable","22":"shipping-taxable","23":"purchasable","24":"product-type-variable","25":"has-default-attributes"},"yoast_head":"<!-- This site is optimized with the Yoast SEO plugin v26.0 - https:\/\/yoast.com\/wordpress\/plugins\/seo\/ -->\n<title>\u015acianka oddzielaj\u0105ca | \u015bwiat-tektury.pl<\/title>\n<meta name=\"description\" content=\"\u015aciana dzia\u0142owa mog\u0105c\u0105 rozdziela\u0107 stanowiska pracownik\u00f3w lub oddziela\u0107 pracownik\u00f3w od innych os\u00f3b.\" \/>\n<meta name=\"robots\" content=\"index, follow, max-snippet:-1, max-image-preview:large, max-video-preview:-1\" \/>\n<link rel=\"canonical\" href=\"https:\/\/swiat-tektury.pl\/en\/product\/scianka-oddzielajaca\/\" \/>\n<meta property=\"og:locale\" content=\"en_GB\" \/>\n<meta property=\"og:type\" content=\"article\" \/>\n<meta property=\"og:title\" content=\"\u015acianka oddzielaj\u0105ca | \u015bwiat-tektury.pl\" \/>\n<meta property=\"og:description\" content=\"\u015aciana dzia\u0142owa mog\u0105c\u0105 rozdziela\u0107 stanowiska pracownik\u00f3w lub oddziela\u0107 pracownik\u00f3w od innych os\u00f3b.\" \/>\n<meta property=\"og:url\" content=\"https:\/\/swiat-tektury.pl\/en\/product\/scianka-oddzielajaca\/\" \/>\n<meta property=\"og:site_name\" content=\"\u015bwiat-tektury.pl\" \/>\n<meta property=\"article:publisher\" content=\"https:\/\/www.facebook.com\/swiattektury\/\" \/>\n<meta property=\"article:modified_time\" content=\"2023-09-18T11:33:04+00:00\" \/>\n<meta property=\"og:image\" content=\"https:\/\/swiat-tektury.pl\/wp-content\/uploads\/2020\/06\/scianka-100x150-EKO-1-1024x1024.png\" \/>\n\t<meta property=\"og:image:width\" content=\"1024\" \/>\n\t<meta property=\"og:image:height\" content=\"1024\" \/>\n\t<meta property=\"og:image:type\" content=\"image\/png\" \/>\n<meta name=\"twitter:card\" content=\"summary_large_image\" \/>\n<meta name=\"twitter:label1\" content=\"Estimated reading time\" \/>\n\t<meta name=\"twitter:data1\" content=\"1 minute\" \/>\n<script type=\"application\/ld+json\" class=\"yoast-schema-graph\">{\"@context\":\"https:\/\/schema.org\",\"@graph\":[{\"@type\":\"WebPage\",\"@id\":\"https:\/\/swiat-tektury.pl\/produkt\/scianka-oddzielajaca\/\",\"url\":\"https:\/\/swiat-tektury.pl\/produkt\/scianka-oddzielajaca\/\",\"name\":\"\u015acianka oddzielaj\u0105ca | \u015bwiat-tektury.pl\",\"isPartOf\":{\"@id\":\"http:\/\/swiat-tektury.pl\/en\/#website\"},\"primaryImageOfPage\":{\"@id\":\"https:\/\/swiat-tektury.pl\/produkt\/scianka-oddzielajaca\/#primaryimage\"},\"image\":{\"@id\":\"https:\/\/swiat-tektury.pl\/produkt\/scianka-oddzielajaca\/#primaryimage\"},\"thumbnailUrl\":\"https:\/\/swiat-tektury.pl\/wp-content\/uploads\/2020\/06\/scianka-100x150-EKO-1.png\",\"datePublished\":\"2020-06-12T08:05:14+00:00\",\"dateModified\":\"2023-09-18T11:33:04+00:00\",\"description\":\"\u015aciana dzia\u0142owa mog\u0105c\u0105 rozdziela\u0107 stanowiska pracownik\u00f3w lub oddziela\u0107 pracownik\u00f3w od innych os\u00f3b.\",\"breadcrumb\":{\"@id\":\"https:\/\/swiat-tektury.pl\/produkt\/scianka-oddzielajaca\/#breadcrumb\"},\"inLanguage\":\"en-GB\",\"potentialAction\":[{\"@type\":\"ReadAction\",\"target\":[\"https:\/\/swiat-tektury.pl\/produkt\/scianka-oddzielajaca\/\"]}]},{\"@type\":\"ImageObject\",\"inLanguage\":\"en-GB\",\"@id\":\"https:\/\/swiat-tektury.pl\/produkt\/scianka-oddzielajaca\/#primaryimage\",\"url\":\"https:\/\/swiat-tektury.pl\/wp-content\/uploads\/2020\/06\/scianka-100x150-EKO-1.png\",\"contentUrl\":\"https:\/\/swiat-tektury.pl\/wp-content\/uploads\/2020\/06\/scianka-100x150-EKO-1.png\",\"width\":1920,\"height\":1920},{\"@type\":\"BreadcrumbList\",\"@id\":\"https:\/\/swiat-tektury.pl\/produkt\/scianka-oddzielajaca\/#breadcrumb\",\"itemListElement\":[{\"@type\":\"ListItem\",\"position\":1,\"name\":\"Strona g\u0142\u00f3wna\",\"item\":\"http:\/\/swiat-tektury.pl\/en\/\"},{\"@type\":\"ListItem\",\"position\":2,\"name\":\"Sklep\",\"item\":\"http:\/\/swiat-tektury.pl\/sklep\/\"},{\"@type\":\"ListItem\",\"position\":3,\"name\":\"\u015acianka oddzielaj\u0105ca\"}]},{\"@type\":\"WebSite\",\"@id\":\"http:\/\/swiat-tektury.pl\/en\/#website\",\"url\":\"http:\/\/swiat-tektury.pl\/en\/\",\"name\":\"\u015bwiat-tektury.pl\",\"description\":\"Ekologiczne meble z tektury\",\"publisher\":{\"@id\":\"http:\/\/swiat-tektury.pl\/en\/#organization\"},\"potentialAction\":[{\"@type\":\"SearchAction\",\"target\":{\"@type\":\"EntryPoint\",\"urlTemplate\":\"http:\/\/swiat-tektury.pl\/en\/?s={search_term_string}\"},\"query-input\":{\"@type\":\"PropertyValueSpecification\",\"valueRequired\":true,\"valueName\":\"search_term_string\"}}],\"inLanguage\":\"en-GB\"},{\"@type\":\"Organization\",\"@id\":\"http:\/\/swiat-tektury.pl\/en\/#organization\",\"name\":\"\u015awiat tektury\",\"url\":\"http:\/\/swiat-tektury.pl\/en\/\",\"logo\":{\"@type\":\"ImageObject\",\"inLanguage\":\"en-GB\",\"@id\":\"http:\/\/swiat-tektury.pl\/en\/#\/schema\/logo\/image\/\",\"url\":\"https:\/\/swiat-tektury.pl\/wp-content\/uploads\/2019\/10\/WIAT-TEKTURY-LOGOTYP-01-e1572440309804.png\",\"contentUrl\":\"https:\/\/swiat-tektury.pl\/wp-content\/uploads\/2019\/10\/WIAT-TEKTURY-LOGOTYP-01-e1572440309804.png\",\"width\":1098,\"height\":1098,\"caption\":\"\u015awiat tektury\"},\"image\":{\"@id\":\"http:\/\/swiat-tektury.pl\/en\/#\/schema\/logo\/image\/\"},\"sameAs\":[\"https:\/\/www.facebook.com\/swiattektury\/\",\"https:\/\/www.instagram.com\/swiat_tektury\/\"]}]}<\/script>\n<!-- \/ Yoast SEO plugin. -->","yoast_head_json":{"title":"\u015acianka oddzielaj\u0105ca | \u015bwiat-tektury.pl","description":"\u015aciana dzia\u0142owa mog\u0105c\u0105 rozdziela\u0107 stanowiska pracownik\u00f3w lub oddziela\u0107 pracownik\u00f3w od innych os\u00f3b.","robots":{"index":"index","follow":"follow","max-snippet":"max-snippet:-1","max-image-preview":"max-image-preview:large","max-video-preview":"max-video-preview:-1"},"canonical":"https:\/\/swiat-tektury.pl\/en\/product\/scianka-oddzielajaca\/","og_locale":"en_GB","og_type":"article","og_title":"\u015acianka oddzielaj\u0105ca | \u015bwiat-tektury.pl","og_description":"\u015aciana dzia\u0142owa mog\u0105c\u0105 rozdziela\u0107 stanowiska pracownik\u00f3w lub oddziela\u0107 pracownik\u00f3w od innych os\u00f3b.","og_url":"https:\/\/swiat-tektury.pl\/en\/product\/scianka-oddzielajaca\/","og_site_name":"\u015bwiat-tektury.pl","article_publisher":"https:\/\/www.facebook.com\/swiattektury\/","article_modified_time":"2023-09-18T11:33:04+00:00","og_image":[{"width":1024,"height":1024,"url":"https:\/\/swiat-tektury.pl\/wp-content\/uploads\/2020\/06\/scianka-100x150-EKO-1-1024x1024.png","type":"image\/png"}],"twitter_card":"summary_large_image","twitter_misc":{"Estimated reading time":"1 minute"},"schema":{"@context":"https:\/\/schema.org","@graph":[{"@type":"WebPage","@id":"https:\/\/swiat-tektury.pl\/produkt\/scianka-oddzielajaca\/","url":"https:\/\/swiat-tektury.pl\/produkt\/scianka-oddzielajaca\/","name":"\u015acianka oddzielaj\u0105ca | \u015bwiat-tektury.pl","isPartOf":{"@id":"http:\/\/swiat-tektury.pl\/en\/#website"},"primaryImageOfPage":{"@id":"https:\/\/swiat-tektury.pl\/produkt\/scianka-oddzielajaca\/#primaryimage"},"image":{"@id":"https:\/\/swiat-tektury.pl\/produkt\/scianka-oddzielajaca\/#primaryimage"},"thumbnailUrl":"https:\/\/swiat-tektury.pl\/wp-content\/uploads\/2020\/06\/scianka-100x150-EKO-1.png","datePublished":"2020-06-12T08:05:14+00:00","dateModified":"2023-09-18T11:33:04+00:00","description":"\u015aciana dzia\u0142owa mog\u0105c\u0105 rozdziela\u0107 stanowiska pracownik\u00f3w lub oddziela\u0107 pracownik\u00f3w od innych os\u00f3b.","breadcrumb":{"@id":"https:\/\/swiat-tektury.pl\/produkt\/scianka-oddzielajaca\/#breadcrumb"},"inLanguage":"en-GB","potentialAction":[{"@type":"ReadAction","target":["https:\/\/swiat-tektury.pl\/produkt\/scianka-oddzielajaca\/"]}]},{"@type":"ImageObject","inLanguage":"en-GB","@id":"https:\/\/swiat-tektury.pl\/produkt\/scianka-oddzielajaca\/#primaryimage","url":"https:\/\/swiat-tektury.pl\/wp-content\/uploads\/2020\/06\/scianka-100x150-EKO-1.png","contentUrl":"https:\/\/swiat-tektury.pl\/wp-content\/uploads\/2020\/06\/scianka-100x150-EKO-1.png","width":1920,"height":1920},{"@type":"BreadcrumbList","@id":"https:\/\/swiat-tektury.pl\/produkt\/scianka-oddzielajaca\/#breadcrumb","itemListElement":[{"@type":"ListItem","position":1,"name":"Strona g\u0142\u00f3wna","item":"http:\/\/swiat-tektury.pl\/en\/"},{"@type":"ListItem","position":2,"name":"Sklep","item":"http:\/\/swiat-tektury.pl\/sklep\/"},{"@type":"ListItem","position":3,"name":"\u015acianka oddzielaj\u0105ca"}]},{"@type":"WebSite","@id":"http:\/\/swiat-tektury.pl\/en\/#website","url":"http:\/\/swiat-tektury.pl\/en\/","name":"\u015bwiat-tektury.pl","description":"Ekologiczne meble z tektury","publisher":{"@id":"http:\/\/swiat-tektury.pl\/en\/#organization"},"potentialAction":[{"@type":"SearchAction","target":{"@type":"EntryPoint","urlTemplate":"http:\/\/swiat-tektury.pl\/en\/?s={search_term_string}"},"query-input":{"@type":"PropertyValueSpecification","valueRequired":true,"valueName":"search_term_string"}}],"inLanguage":"en-GB"},{"@type":"Organization","@id":"http:\/\/swiat-tektury.pl\/en\/#organization","name":"\u015awiat tektury","url":"http:\/\/swiat-tektury.pl\/en\/","logo":{"@type":"ImageObject","inLanguage":"en-GB","@id":"http:\/\/swiat-tektury.pl\/en\/#\/schema\/logo\/image\/","url":"https:\/\/swiat-tektury.pl\/wp-content\/uploads\/2019\/10\/WIAT-TEKTURY-LOGOTYP-01-e1572440309804.png","contentUrl":"https:\/\/swiat-tektury.pl\/wp-content\/uploads\/2019\/10\/WIAT-TEKTURY-LOGOTYP-01-e1572440309804.png","width":1098,"height":1098,"caption":"\u015awiat tektury"},"image":{"@id":"http:\/\/swiat-tektury.pl\/en\/#\/schema\/logo\/image\/"},"sameAs":["https:\/\/www.facebook.com\/swiattektury\/","https:\/\/www.instagram.com\/swiat_tektury\/"]}]}},"_links":{"self":[{"href":"https:\/\/swiat-tektury.pl\/en\/wp-json\/wp\/v2\/product\/10985","targetHints":{"allow":["GET"]}}],"collection":[{"href":"https:\/\/swiat-tektury.pl\/en\/wp-json\/wp\/v2\/product"}],"about":[{"href":"https:\/\/swiat-tektury.pl\/en\/wp-json\/wp\/v2\/types\/product"}],"wp:featuredmedia":[{"embeddable":true,"href":"https:\/\/swiat-tektury.pl\/en\/wp-json\/wp\/v2\/media\/12679"}],"wp:attachment":[{"href":"https:\/\/swiat-tektury.pl\/en\/wp-json\/wp\/v2\/media?parent=10985"}],"wp:term":[{"taxonomy":"product_brand","embeddable":true,"href":"https:\/\/swiat-tektury.pl\/en\/wp-json\/wp\/v2\/product_brand?post=10985"},{"taxonomy":"product_cat","embeddable":true,"href":"https:\/\/swiat-tektury.pl\/en\/wp-json\/wp\/v2\/product_cat?post=10985"},{"taxonomy":"product_tag","embeddable":true,"href":"https:\/\/swiat-tektury.pl\/en\/wp-json\/wp\/v2\/product_tag?post=10985"}],"curies":[{"name":"wp","href":"https:\/\/api.w.org\/{rel}","templated":true}]}}