{"id":12356,"date":"2022-12-06T13:35:00","date_gmt":"2022-12-06T12:35:00","guid":{"rendered":"https:\/\/swiat-tektury.pl\/?post_type=product&#038;p=12356"},"modified":"2026-01-23T11:45:15","modified_gmt":"2026-01-23T10:45:15","slug":"fotel-z-nadrukiem-na-oparciu","status":"publish","type":"product","link":"https:\/\/swiat-tektury.pl\/en\/product\/fotel-z-nadrukiem-na-oparciu\/","title":{"rendered":"Fotel z nadrukiem na oparciu"},"content":{"rendered":"<p>Nasz <strong>fotel z tektury<\/strong> jest elegancki, wygodny i trwa\u0142y.<br \/>\nWniesienie go po schodach nie wymaga wysi\u0142ku.<br \/>\nDo zestawu do\u0142\u0105czamy instrukcj\u0119 monta\u017cu, kt\u00f3ry potrwa kilka chwil. W razie potrzeby, fotel mo\u017cna z\u0142o\u017cy\u0107 i schowa\u0107 np. za szaf\u0119 \ud83d\ude09<br \/>\nDost\u0119pny w wersji eko oraz w okleinach. Okleina dodatkowo zabezpiecza przed zabrudzeniem i zamoczeniem. Fotel mo\u017cna zmywa\u0107 wilgotn\u0105 szmatk\u0105.<br \/>\nBez trudu wytrzyma obci\u0105\u017cenie nawet dw\u00f3ch os\u00f3b, je\u015bli przypadkiem kto\u015b usi\u0105dzie Ci na kolanach&#8230; \ud83d\ude09<\/p>\n<table class=\"woocommerce-product-attributes shop_attributes\">\n<tbody>\n<tr class=\"woocommerce-product-attributes-item woocommerce-product-attributes-item--attribute_wymiary\">\n<th class=\"woocommerce-product-attributes-item__label\">Wymiary<\/th>\n<td class=\"woocommerce-product-attributes-item__value\">55 x 80 x 88 cm<\/td>\n<\/tr>\n<tr class=\"woocommerce-product-attributes-item woocommerce-product-attributes-item--attribute_waga\">\n<th class=\"woocommerce-product-attributes-item__label\">Weight<\/th>\n<td class=\"woocommerce-product-attributes-item__value\">4,1 kg<\/td>\n<\/tr>\n<\/tbody>\n<\/table>\n<p><a href=\"https:\/\/swiat-tektury.pl\/wp-content\/uploads\/2019\/11\/Instrukcja_fotel_A3.pdf\" target=\"_blank\" rel=\"noopener noreferrer\">Instrukcja monta\u017cu<\/a><\/p>\n<p>Masz pytanie odno\u015bnie tego produktu? Zadaj je w formularzu poni\u017cej.<\/p>","protected":false},"excerpt":{"rendered":"<p>Ekologiczny fotel z tektury.<\/p>","protected":false},"featured_media":0,"template":"","meta":[],"product_brand":[],"product_cat":[15,16],"product_tag":[19,21,20],"class_list":{"0":"post-12356","1":"product","2":"type-product","3":"status-publish","5":"product_cat-meble-dla-firm","6":"product_cat-meble-do-domu","7":"product_tag-fotel-z-tektury","8":"product_tag-meble-z-kartonu","9":"product_tag-meble-z-tektury","10":"pa_meble-z-tektury-krzesla-i-fotele","12":"first","13":"instock","14":"taxable","15":"shipping-taxable","16":"purchasable","17":"product-type-simple"},"yoast_head":"<!-- This site is optimized with the Yoast SEO plugin v26.0 - https:\/\/yoast.com\/wordpress\/plugins\/seo\/ -->\n<title>Fotel z nadrukiem na oparciu | \u015bwiat-tektury.pl<\/title>\n<meta name=\"robots\" content=\"index, follow, max-snippet:-1, max-image-preview:large, max-video-preview:-1\" \/>\n<link rel=\"canonical\" href=\"https:\/\/swiat-tektury.pl\/en\/product\/fotel-z-nadrukiem-na-oparciu\/\" \/>\n<meta property=\"og:locale\" content=\"en_GB\" \/>\n<meta property=\"og:type\" content=\"article\" \/>\n<meta property=\"og:title\" content=\"Fotel z nadrukiem na oparciu | \u015bwiat-tektury.pl\" \/>\n<meta property=\"og:description\" content=\"Ekologiczny fotel z tektury.\" \/>\n<meta property=\"og:url\" content=\"https:\/\/swiat-tektury.pl\/en\/product\/fotel-z-nadrukiem-na-oparciu\/\" \/>\n<meta property=\"og:site_name\" content=\"\u015bwiat-tektury.pl\" \/>\n<meta property=\"article:publisher\" content=\"https:\/\/www.facebook.com\/swiattektury\/\" \/>\n<meta property=\"article:modified_time\" content=\"2026-01-23T10:45:15+00:00\" \/>\n<meta property=\"og:image\" content=\"http:\/\/swiat-tektury.pl\/wp-content\/uploads\/2022\/12\/Fotel_z_tektury_eko_1.jpg\" \/>\n\t<meta property=\"og:image:width\" content=\"1920\" \/>\n\t<meta property=\"og:image:height\" content=\"1920\" \/>\n\t<meta property=\"og:image:type\" content=\"image\/jpeg\" \/>\n<meta name=\"twitter:card\" content=\"summary_large_image\" \/>\n<meta name=\"twitter:label1\" content=\"Estimated reading time\" \/>\n\t<meta name=\"twitter:data1\" content=\"1 minute\" \/>\n<script type=\"application\/ld+json\" class=\"yoast-schema-graph\">{\"@context\":\"https:\/\/schema.org\",\"@graph\":[{\"@type\":\"WebPage\",\"@id\":\"https:\/\/swiat-tektury.pl\/produkt\/fotel-z-nadrukiem-na-oparciu\/\",\"url\":\"https:\/\/swiat-tektury.pl\/produkt\/fotel-z-nadrukiem-na-oparciu\/\",\"name\":\"Fotel z nadrukiem na oparciu | \u015bwiat-tektury.pl\",\"isPartOf\":{\"@id\":\"http:\/\/swiat-tektury.pl\/en\/#website\"},\"datePublished\":\"2022-12-06T12:35:00+00:00\",\"dateModified\":\"2026-01-23T10:45:15+00:00\",\"breadcrumb\":{\"@id\":\"https:\/\/swiat-tektury.pl\/produkt\/fotel-z-nadrukiem-na-oparciu\/#breadcrumb\"},\"inLanguage\":\"en-GB\",\"potentialAction\":[{\"@type\":\"ReadAction\",\"target\":[\"https:\/\/swiat-tektury.pl\/produkt\/fotel-z-nadrukiem-na-oparciu\/\"]}]},{\"@type\":\"BreadcrumbList\",\"@id\":\"https:\/\/swiat-tektury.pl\/produkt\/fotel-z-nadrukiem-na-oparciu\/#breadcrumb\",\"itemListElement\":[{\"@type\":\"ListItem\",\"position\":1,\"name\":\"Strona g\u0142\u00f3wna\",\"item\":\"http:\/\/swiat-tektury.pl\/en\/\"},{\"@type\":\"ListItem\",\"position\":2,\"name\":\"Sklep\",\"item\":\"http:\/\/swiat-tektury.pl\/sklep\/\"},{\"@type\":\"ListItem\",\"position\":3,\"name\":\"Fotel z nadrukiem na oparciu\"}]},{\"@type\":\"WebSite\",\"@id\":\"http:\/\/swiat-tektury.pl\/en\/#website\",\"url\":\"http:\/\/swiat-tektury.pl\/en\/\",\"name\":\"\u015bwiat-tektury.pl\",\"description\":\"Ekologiczne meble z tektury\",\"publisher\":{\"@id\":\"http:\/\/swiat-tektury.pl\/en\/#organization\"},\"potentialAction\":[{\"@type\":\"SearchAction\",\"target\":{\"@type\":\"EntryPoint\",\"urlTemplate\":\"http:\/\/swiat-tektury.pl\/en\/?s={search_term_string}\"},\"query-input\":{\"@type\":\"PropertyValueSpecification\",\"valueRequired\":true,\"valueName\":\"search_term_string\"}}],\"inLanguage\":\"en-GB\"},{\"@type\":\"Organization\",\"@id\":\"http:\/\/swiat-tektury.pl\/en\/#organization\",\"name\":\"\u015awiat tektury\",\"url\":\"http:\/\/swiat-tektury.pl\/en\/\",\"logo\":{\"@type\":\"ImageObject\",\"inLanguage\":\"en-GB\",\"@id\":\"http:\/\/swiat-tektury.pl\/en\/#\/schema\/logo\/image\/\",\"url\":\"https:\/\/swiat-tektury.pl\/wp-content\/uploads\/2019\/10\/WIAT-TEKTURY-LOGOTYP-01-e1572440309804.png\",\"contentUrl\":\"https:\/\/swiat-tektury.pl\/wp-content\/uploads\/2019\/10\/WIAT-TEKTURY-LOGOTYP-01-e1572440309804.png\",\"width\":1098,\"height\":1098,\"caption\":\"\u015awiat tektury\"},\"image\":{\"@id\":\"http:\/\/swiat-tektury.pl\/en\/#\/schema\/logo\/image\/\"},\"sameAs\":[\"https:\/\/www.facebook.com\/swiattektury\/\",\"https:\/\/www.instagram.com\/swiat_tektury\/\"]}]}<\/script>\n<!-- \/ Yoast SEO plugin. -->","yoast_head_json":{"title":"Fotel z nadrukiem na oparciu | \u015bwiat-tektury.pl","robots":{"index":"index","follow":"follow","max-snippet":"max-snippet:-1","max-image-preview":"max-image-preview:large","max-video-preview":"max-video-preview:-1"},"canonical":"https:\/\/swiat-tektury.pl\/en\/product\/fotel-z-nadrukiem-na-oparciu\/","og_locale":"en_GB","og_type":"article","og_title":"Fotel z nadrukiem na oparciu | \u015bwiat-tektury.pl","og_description":"Ekologiczny fotel z tektury.","og_url":"https:\/\/swiat-tektury.pl\/en\/product\/fotel-z-nadrukiem-na-oparciu\/","og_site_name":"\u015bwiat-tektury.pl","article_publisher":"https:\/\/www.facebook.com\/swiattektury\/","article_modified_time":"2026-01-23T10:45:15+00:00","og_image":[{"width":1920,"height":1920,"url":"http:\/\/swiat-tektury.pl\/wp-content\/uploads\/2022\/12\/Fotel_z_tektury_eko_1.jpg","type":"image\/jpeg"}],"twitter_card":"summary_large_image","twitter_misc":{"Estimated reading time":"1 minute"},"schema":{"@context":"https:\/\/schema.org","@graph":[{"@type":"WebPage","@id":"https:\/\/swiat-tektury.pl\/produkt\/fotel-z-nadrukiem-na-oparciu\/","url":"https:\/\/swiat-tektury.pl\/produkt\/fotel-z-nadrukiem-na-oparciu\/","name":"Fotel z nadrukiem na oparciu | \u015bwiat-tektury.pl","isPartOf":{"@id":"http:\/\/swiat-tektury.pl\/en\/#website"},"datePublished":"2022-12-06T12:35:00+00:00","dateModified":"2026-01-23T10:45:15+00:00","breadcrumb":{"@id":"https:\/\/swiat-tektury.pl\/produkt\/fotel-z-nadrukiem-na-oparciu\/#breadcrumb"},"inLanguage":"en-GB","potentialAction":[{"@type":"ReadAction","target":["https:\/\/swiat-tektury.pl\/produkt\/fotel-z-nadrukiem-na-oparciu\/"]}]},{"@type":"BreadcrumbList","@id":"https:\/\/swiat-tektury.pl\/produkt\/fotel-z-nadrukiem-na-oparciu\/#breadcrumb","itemListElement":[{"@type":"ListItem","position":1,"name":"Strona g\u0142\u00f3wna","item":"http:\/\/swiat-tektury.pl\/en\/"},{"@type":"ListItem","position":2,"name":"Sklep","item":"http:\/\/swiat-tektury.pl\/sklep\/"},{"@type":"ListItem","position":3,"name":"Fotel z nadrukiem na oparciu"}]},{"@type":"WebSite","@id":"http:\/\/swiat-tektury.pl\/en\/#website","url":"http:\/\/swiat-tektury.pl\/en\/","name":"\u015bwiat-tektury.pl","description":"Ekologiczne meble z tektury","publisher":{"@id":"http:\/\/swiat-tektury.pl\/en\/#organization"},"potentialAction":[{"@type":"SearchAction","target":{"@type":"EntryPoint","urlTemplate":"http:\/\/swiat-tektury.pl\/en\/?s={search_term_string}"},"query-input":{"@type":"PropertyValueSpecification","valueRequired":true,"valueName":"search_term_string"}}],"inLanguage":"en-GB"},{"@type":"Organization","@id":"http:\/\/swiat-tektury.pl\/en\/#organization","name":"\u015awiat tektury","url":"http:\/\/swiat-tektury.pl\/en\/","logo":{"@type":"ImageObject","inLanguage":"en-GB","@id":"http:\/\/swiat-tektury.pl\/en\/#\/schema\/logo\/image\/","url":"https:\/\/swiat-tektury.pl\/wp-content\/uploads\/2019\/10\/WIAT-TEKTURY-LOGOTYP-01-e1572440309804.png","contentUrl":"https:\/\/swiat-tektury.pl\/wp-content\/uploads\/2019\/10\/WIAT-TEKTURY-LOGOTYP-01-e1572440309804.png","width":1098,"height":1098,"caption":"\u015awiat tektury"},"image":{"@id":"http:\/\/swiat-tektury.pl\/en\/#\/schema\/logo\/image\/"},"sameAs":["https:\/\/www.facebook.com\/swiattektury\/","https:\/\/www.instagram.com\/swiat_tektury\/"]}]}},"_links":{"self":[{"href":"https:\/\/swiat-tektury.pl\/en\/wp-json\/wp\/v2\/product\/12356","targetHints":{"allow":["GET"]}}],"collection":[{"href":"https:\/\/swiat-tektury.pl\/en\/wp-json\/wp\/v2\/product"}],"about":[{"href":"https:\/\/swiat-tektury.pl\/en\/wp-json\/wp\/v2\/types\/product"}],"wp:attachment":[{"href":"https:\/\/swiat-tektury.pl\/en\/wp-json\/wp\/v2\/media?parent=12356"}],"wp:term":[{"taxonomy":"product_brand","embeddable":true,"href":"https:\/\/swiat-tektury.pl\/en\/wp-json\/wp\/v2\/product_brand?post=12356"},{"taxonomy":"product_cat","embeddable":true,"href":"https:\/\/swiat-tektury.pl\/en\/wp-json\/wp\/v2\/product_cat?post=12356"},{"taxonomy":"product_tag","embeddable":true,"href":"https:\/\/swiat-tektury.pl\/en\/wp-json\/wp\/v2\/product_tag?post=12356"}],"curies":[{"name":"wp","href":"https:\/\/api.w.org\/{rel}","templated":true}]}}