{"id":13626,"date":"2024-06-28T15:14:35","date_gmt":"2024-06-28T13:14:35","guid":{"rendered":"https:\/\/swiat-tektury.pl\/?post_type=product&#038;p=13626"},"modified":"2026-03-03T15:26:05","modified_gmt":"2026-03-03T14:26:05","slug":"brama","status":"publish","type":"product","link":"https:\/\/swiat-tektury.pl\/en\/product\/brama\/","title":{"rendered":"Brama"},"content":{"rendered":"<p>Szukasz pomys\u0142\u00f3w na <strong>ekologiczn\u0105 i kreatywn\u0105 zabaw\u0119 dla dzieci?<\/strong> Mamy dla Ciebie idealne rozwi\u0105zanie: <strong>meble z tektury!<\/strong>\u00a0<img decoding=\"async\" class=\"emoji\" role=\"img\" draggable=\"false\" src=\"https:\/\/s.w.org\/images\/core\/emoji\/15.0.3\/svg\/267b.svg\" alt=\"\u267b\ufe0f\" \/><\/p>\n<p>Nasze <strong>meble z tektury<\/strong> s\u0105 nie tylko przyjazne dla \u015brodowiska, ale tak\u017ce zapewniaj\u0105 nieograniczone mo\u017cliwo\u015bci zabawy i nauki. Na<strong> eventach dla dzieci<\/strong> \u015bwietnie sprawdzaj\u0105 si\u0119 nasze tekturowe konstrukcje:<\/p>\n<p><strong>Ogromna brama z tektury<\/strong> \u2013 stw\u00f3rz niezapomniane wej\u015bcie na Twoje wydarzenie.<\/p>\n<table style=\"border-collapse: collapse; width: 100%; height: 103px;\" border=\"0\" cellspacing=\"0\" cellpadding=\"0\">\n<tbody>\n<tr style=\"height: 14.5pt;\">\n<td class=\"xl63\" style=\"height: 14.5pt; width: 48pt; text-align: center;\" width=\"64\" height=\"19\"><strong>Wymiary [ szer. x g\u0142. x wys.]<\/strong><\/td>\n<td class=\"xl63\" style=\"width: 48pt; text-align: center;\" width=\"64\"><strong>Weight<\/strong><\/td>\n<td class=\"xl63\" style=\"width: 48pt; text-align: center;\" width=\"64\"><strong>Materia\u0142<\/strong><\/td>\n<\/tr>\n<tr style=\"height: 14.5pt;\">\n<td style=\"height: 14.5pt; text-align: center;\" height=\"19\">360 x 50 x 280 cm<\/td>\n<td style=\"text-align: center;\">\n<ul>\n<li>ok. 30 kg<\/li>\n<\/ul>\n<\/td>\n<td>Tektura falista 5-warstwowa 1150 g. \/ m2<\/p>\n<p>Tektura falista 7-warstwowa 1900 g. \/ m2<\/td>\n<\/tr>\n<\/tbody>\n<\/table>\n<p>Zorganizuj niezapomniane wydarzenie <strong>dla dzieci z naszymi meblami z tektury!<\/strong><\/p>\n<p><strong>Na tej stronie mo\u017cesz zakupi\u0107 bram\u0119 w wersji eko &#8211; bez nadruk\u00f3w.<\/strong><\/p>\n<p><strong>Realizujemy konstrukcje bramy w r\u00f3\u017cnych rozmiarach oraz konfiguracjach. Istnieje mo\u017cliwo\u015b\u0107 wykonania nadruk\u00f3w na bramie. Poni\u017cej przyk\u0142ady realizacji:<\/strong><\/p>\n<div id='gallery-1' class='gallery galleryid-13626 gallery-columns-3 gallery-size-thumbnail'><figure class='gallery-item'>\n\t\t\t<div class='gallery-icon portrait'>\n\t\t\t\t<a href='https:\/\/swiat-tektury.pl\/en\/realizacje\/image0\/'><img decoding=\"async\" width=\"150\" height=\"150\" src=\"https:\/\/swiat-tektury.pl\/wp-content\/uploads\/2024\/02\/image0-150x150.jpeg\" class=\"attachment-thumbnail size-thumbnail\" alt=\"\" srcset=\"https:\/\/swiat-tektury.pl\/wp-content\/uploads\/2024\/02\/image0-150x150.jpeg 150w, https:\/\/swiat-tektury.pl\/wp-content\/uploads\/2024\/02\/image0-100x100.jpeg 100w, https:\/\/swiat-tektury.pl\/wp-content\/uploads\/2024\/02\/image0-350x350.jpeg 350w\" sizes=\"(max-width: 150px) 100vw, 150px\" \/><\/a>\n\t\t\t<\/div><\/figure><figure class='gallery-item'>\n\t\t\t<div class='gallery-icon landscape'>\n\t\t\t\t<a href='https:\/\/swiat-tektury.pl\/en\/2024\/06\/10\/ekologiczna-zabawa-dla-dzieci-z-meblami-z-tektury-%f0%9f%8e%89\/438312482_393703852992744_8744431542709594319_n\/'><img decoding=\"async\" width=\"150\" height=\"150\" src=\"https:\/\/swiat-tektury.pl\/wp-content\/uploads\/2024\/06\/438312482_393703852992744_8744431542709594319_n-150x150.jpg\" class=\"attachment-thumbnail size-thumbnail\" alt=\"\" srcset=\"https:\/\/swiat-tektury.pl\/wp-content\/uploads\/2024\/06\/438312482_393703852992744_8744431542709594319_n-150x150.jpg 150w, https:\/\/swiat-tektury.pl\/wp-content\/uploads\/2024\/06\/438312482_393703852992744_8744431542709594319_n-100x100.jpg 100w, https:\/\/swiat-tektury.pl\/wp-content\/uploads\/2024\/06\/438312482_393703852992744_8744431542709594319_n-350x350.jpg 350w\" sizes=\"(max-width: 150px) 100vw, 150px\" \/><\/a>\n\t\t\t<\/div><\/figure>\n\t\t<\/div>\n\n<p><strong>Skorzystaj z formularza kontaktowego &#8222;Zadaj pytanie dotycz\u0105ce produktu&#8221; powy\u017cej, aby otrzyma\u0107 ofert\u0119 cenow\u0105.<\/strong><\/p>\n<p>&nbsp;<\/p>\n\n<div id=\"rev_slider_11_1_wrapper\" class=\"rev_slider_wrapper fullwidthbanner-container\" data-source=\"gallery\" style=\"margin:0px auto;background:transparent;padding:0px;margin-top:0px;margin-bottom:0px;\">\n<!-- START REVOLUTION SLIDER 5.4.8.1 fullwidth mode -->\n\t<div id=\"rev_slider_11_1\" class=\"rev_slider fullwidthabanner\" style=\"display:none;\" data-version=\"5.4.8.1\">\n<ul>\t<!-- SLIDE  -->\n\t<li data-index=\"rs-25\" data-transition=\"fade\" data-slotamount=\"default\" data-hideafterloop=\"0\" data-hideslideonmobile=\"off\"  data-easein=\"default\" data-easeout=\"default\" data-masterspeed=\"300\"  data-rotate=\"0\"  data-saveperformance=\"off\"  data-title=\"Tektura - zawarto\u015b\u0107\" data-param1=\"\" data-param2=\"\" data-param3=\"\" data-param4=\"\" data-param5=\"\" data-param6=\"\" data-param7=\"\" data-param8=\"\" data-param9=\"\" data-param10=\"\" data-description=\"\">\n\t\t<!-- MAIN IMAGE -->\n\t\t<img fetchpriority=\"high\" decoding=\"async\" src=\"https:\/\/swiat-tektury.pl\/wp-content\/uploads\/2024\/09\/Meble-z-tektury-sklad.jpg\"  alt=\"\" title=\"Meble z tektury &#8211; sk\u0142ad\"  width=\"1920\" height=\"1440\" data-bgposition=\"center center\" data-bgfit=\"contain\" data-bgrepeat=\"no-repeat\" class=\"rev-slidebg\" data-no-retina>\n\t\t<!-- LAYERS -->\n\t<\/li>\n<\/ul>\n<div class=\"tp-bannertimer tp-bottom\" style=\"visibility: hidden !important;\"><\/div>\t<\/div>\n<script>var htmlDiv = document.getElementById(\"rs-plugin-settings-inline-css\"); var htmlDivCss=\"\";\n\t\t\t\tif(htmlDiv) {\n\t\t\t\t\thtmlDiv.innerHTML = htmlDiv.innerHTML + htmlDivCss;\n\t\t\t\t}else{\n\t\t\t\t\tvar htmlDiv = document.createElement(\"div\");\n\t\t\t\t\thtmlDiv.innerHTML = \"<style>\" + htmlDivCss + \"<\/style>\";\n\t\t\t\t\tdocument.getElementsByTagName(\"head\")[0].appendChild(htmlDiv.childNodes[0]);\n\t\t\t\t}\n\t\t\t<\/script>\n\t\t<script type=\"text\/javascript\">\nif (setREVStartSize!==undefined) setREVStartSize(\n\t{c: '#rev_slider_11_1', gridwidth: [1240], gridheight: [868], sliderLayout: 'auto'});\n\t\t\t\nvar revapi11,\n\ttpj;\t\n(function() {\t\t\t\n\tif (!\/loaded|interactive|complete\/.test(document.readyState)) document.addEventListener(\"DOMContentLoaded\",onLoad); else onLoad();\t\n\tfunction onLoad() {\t\t\t\t\n\t\tif (tpj===undefined) { tpj = jQuery; if(\"off\" == \"on\") tpj.noConflict();}\n\tif(tpj(\"#rev_slider_11_1\").revolution == undefined){\n\t\trevslider_showDoubleJqueryError(\"#rev_slider_11_1\");\n\t}else{\n\t\trevapi11 = tpj(\"#rev_slider_11_1\").show().revolution({\n\t\t\tsliderType:\"hero\",\n\t\t\tjsFileLocation:\"\/\/swiat-tektury.pl\/wp-content\/plugins\/revslider\/public\/assets\/js\/\",\n\t\t\tsliderLayout:\"auto\",\n\t\t\tdottedOverlay:\"none\",\n\t\t\tdelay:9000,\n\t\t\tvisibilityLevels:[1240,1024,778,480],\n\t\t\tgridwidth:1240,\n\t\t\tgridheight:868,\n\t\t\tlazyType:\"none\",\n\t\t\tshadow:0,\n\t\t\tspinner:\"spinner0\",\n\t\t\tautoHeight:\"on\",\n\t\t\tdisableProgressBar:\"on\",\n\t\t\thideThumbsOnMobile:\"off\",\n\t\t\thideSliderAtLimit:0,\n\t\t\thideCaptionAtLimit:0,\n\t\t\thideAllCaptionAtLilmit:0,\n\t\t\tdebugMode:false,\n\t\t\tfallbacks: {\n\t\t\t\tsimplifyAll:\"off\",\n\t\t\t\tdisableFocusListener:false,\n\t\t\t}\n\t\t});\n\t}; \/* END OF revapi call *\/\n\t\n }; \/* END OF ON LOAD FUNCTION *\/\n}()); \/* END OF WRAPPING FUNCTION *\/\n<\/script>\n\t\t<\/div><!-- END REVOLUTION SLIDER -->","protected":false},"excerpt":{"rendered":"<p>Ekologiczna brama z kartonu.<\/p>","protected":false},"featured_media":13627,"template":"","meta":[],"product_brand":[],"product_cat":[15],"product_tag":[167,208,166,288,287,284,21,20,347,309,303,181,180,165,285,286,192],"class_list":{"0":"post-13626","1":"product","2":"type-product","3":"status-publish","4":"has-post-thumbnail","6":"product_cat-meble-dla-firm","7":"product_tag-eko","8":"product_tag-ekologia","9":"product_tag-karton","10":"product_tag-kartonowe-meble","11":"product_tag-meble-eventowe","12":"product_tag-meble-konferencyjne","13":"product_tag-meble-z-kartonu","14":"product_tag-meble-z-tektury","15":"product_tag-memory","16":"product_tag-sciana-dzialowa","17":"product_tag-sciana-dzialowa-z-tektury","18":"product_tag-stoisko-targowe","19":"product_tag-targi","20":"product_tag-tektura","21":"product_tag-tektura-falista","22":"product_tag-tekturowe-meble","23":"product_tag-zero-waste","24":"pa_meble-z-tektury-meble-eventowe","26":"first","27":"instock","28":"taxable","29":"shipping-taxable","30":"purchasable","31":"product-type-simple"},"yoast_head":"<!-- This site is optimized with the Yoast SEO plugin v26.0 - https:\/\/yoast.com\/wordpress\/plugins\/seo\/ -->\n<title>Brama | \u015bwiat-tektury.pl<\/title>\n<meta name=\"robots\" content=\"index, follow, max-snippet:-1, max-image-preview:large, max-video-preview:-1\" \/>\n<link rel=\"canonical\" href=\"https:\/\/swiat-tektury.pl\/en\/product\/brama\/\" \/>\n<meta property=\"og:locale\" content=\"en_GB\" \/>\n<meta property=\"og:type\" content=\"article\" \/>\n<meta property=\"og:title\" content=\"Brama | \u015bwiat-tektury.pl\" \/>\n<meta property=\"og:description\" content=\"Ekologiczna brama z kartonu.\" \/>\n<meta property=\"og:url\" content=\"https:\/\/swiat-tektury.pl\/en\/product\/brama\/\" \/>\n<meta property=\"og:site_name\" content=\"\u015bwiat-tektury.pl\" \/>\n<meta property=\"article:publisher\" content=\"https:\/\/www.facebook.com\/swiattektury\/\" \/>\n<meta property=\"article:modified_time\" content=\"2026-03-03T14:26:05+00:00\" \/>\n<meta property=\"og:image\" content=\"http:\/\/swiat-tektury.pl\/wp-content\/uploads\/2024\/06\/i23.png\" \/>\n\t<meta property=\"og:image:width\" content=\"1446\" \/>\n\t<meta property=\"og:image:height\" content=\"1500\" \/>\n\t<meta property=\"og:image:type\" content=\"image\/png\" \/>\n<meta name=\"twitter:card\" content=\"summary_large_image\" \/>\n<meta name=\"twitter:label1\" content=\"Estimated reading time\" \/>\n\t<meta name=\"twitter:data1\" content=\"2 minutes\" \/>\n<script type=\"application\/ld+json\" class=\"yoast-schema-graph\">{\"@context\":\"https:\/\/schema.org\",\"@graph\":[{\"@type\":\"WebPage\",\"@id\":\"https:\/\/swiat-tektury.pl\/produkt\/brama\/\",\"url\":\"https:\/\/swiat-tektury.pl\/produkt\/brama\/\",\"name\":\"Brama | \u015bwiat-tektury.pl\",\"isPartOf\":{\"@id\":\"http:\/\/swiat-tektury.pl\/en\/#website\"},\"primaryImageOfPage\":{\"@id\":\"https:\/\/swiat-tektury.pl\/produkt\/brama\/#primaryimage\"},\"image\":{\"@id\":\"https:\/\/swiat-tektury.pl\/produkt\/brama\/#primaryimage\"},\"thumbnailUrl\":\"https:\/\/swiat-tektury.pl\/wp-content\/uploads\/2024\/06\/i23.png\",\"datePublished\":\"2024-06-28T13:14:35+00:00\",\"dateModified\":\"2026-03-03T14:26:05+00:00\",\"breadcrumb\":{\"@id\":\"https:\/\/swiat-tektury.pl\/produkt\/brama\/#breadcrumb\"},\"inLanguage\":\"en-GB\",\"potentialAction\":[{\"@type\":\"ReadAction\",\"target\":[\"https:\/\/swiat-tektury.pl\/produkt\/brama\/\"]}]},{\"@type\":\"ImageObject\",\"inLanguage\":\"en-GB\",\"@id\":\"https:\/\/swiat-tektury.pl\/produkt\/brama\/#primaryimage\",\"url\":\"https:\/\/swiat-tektury.pl\/wp-content\/uploads\/2024\/06\/i23.png\",\"contentUrl\":\"https:\/\/swiat-tektury.pl\/wp-content\/uploads\/2024\/06\/i23.png\",\"width\":1446,\"height\":1500},{\"@type\":\"BreadcrumbList\",\"@id\":\"https:\/\/swiat-tektury.pl\/produkt\/brama\/#breadcrumb\",\"itemListElement\":[{\"@type\":\"ListItem\",\"position\":1,\"name\":\"Strona g\u0142\u00f3wna\",\"item\":\"http:\/\/swiat-tektury.pl\/en\/\"},{\"@type\":\"ListItem\",\"position\":2,\"name\":\"Sklep\",\"item\":\"http:\/\/swiat-tektury.pl\/sklep\/\"},{\"@type\":\"ListItem\",\"position\":3,\"name\":\"Brama\"}]},{\"@type\":\"WebSite\",\"@id\":\"http:\/\/swiat-tektury.pl\/en\/#website\",\"url\":\"http:\/\/swiat-tektury.pl\/en\/\",\"name\":\"\u015bwiat-tektury.pl\",\"description\":\"Ekologiczne meble z tektury\",\"publisher\":{\"@id\":\"http:\/\/swiat-tektury.pl\/en\/#organization\"},\"potentialAction\":[{\"@type\":\"SearchAction\",\"target\":{\"@type\":\"EntryPoint\",\"urlTemplate\":\"http:\/\/swiat-tektury.pl\/en\/?s={search_term_string}\"},\"query-input\":{\"@type\":\"PropertyValueSpecification\",\"valueRequired\":true,\"valueName\":\"search_term_string\"}}],\"inLanguage\":\"en-GB\"},{\"@type\":\"Organization\",\"@id\":\"http:\/\/swiat-tektury.pl\/en\/#organization\",\"name\":\"\u015awiat tektury\",\"url\":\"http:\/\/swiat-tektury.pl\/en\/\",\"logo\":{\"@type\":\"ImageObject\",\"inLanguage\":\"en-GB\",\"@id\":\"http:\/\/swiat-tektury.pl\/en\/#\/schema\/logo\/image\/\",\"url\":\"https:\/\/swiat-tektury.pl\/wp-content\/uploads\/2019\/10\/WIAT-TEKTURY-LOGOTYP-01-e1572440309804.png\",\"contentUrl\":\"https:\/\/swiat-tektury.pl\/wp-content\/uploads\/2019\/10\/WIAT-TEKTURY-LOGOTYP-01-e1572440309804.png\",\"width\":1098,\"height\":1098,\"caption\":\"\u015awiat tektury\"},\"image\":{\"@id\":\"http:\/\/swiat-tektury.pl\/en\/#\/schema\/logo\/image\/\"},\"sameAs\":[\"https:\/\/www.facebook.com\/swiattektury\/\",\"https:\/\/www.instagram.com\/swiat_tektury\/\"]}]}<\/script>\n<!-- \/ Yoast SEO plugin. -->","yoast_head_json":{"title":"Brama | \u015bwiat-tektury.pl","robots":{"index":"index","follow":"follow","max-snippet":"max-snippet:-1","max-image-preview":"max-image-preview:large","max-video-preview":"max-video-preview:-1"},"canonical":"https:\/\/swiat-tektury.pl\/en\/product\/brama\/","og_locale":"en_GB","og_type":"article","og_title":"Brama | \u015bwiat-tektury.pl","og_description":"Ekologiczna brama z kartonu.","og_url":"https:\/\/swiat-tektury.pl\/en\/product\/brama\/","og_site_name":"\u015bwiat-tektury.pl","article_publisher":"https:\/\/www.facebook.com\/swiattektury\/","article_modified_time":"2026-03-03T14:26:05+00:00","og_image":[{"width":1446,"height":1500,"url":"http:\/\/swiat-tektury.pl\/wp-content\/uploads\/2024\/06\/i23.png","type":"image\/png"}],"twitter_card":"summary_large_image","twitter_misc":{"Estimated reading time":"2 minutes"},"schema":{"@context":"https:\/\/schema.org","@graph":[{"@type":"WebPage","@id":"https:\/\/swiat-tektury.pl\/produkt\/brama\/","url":"https:\/\/swiat-tektury.pl\/produkt\/brama\/","name":"Brama | \u015bwiat-tektury.pl","isPartOf":{"@id":"http:\/\/swiat-tektury.pl\/en\/#website"},"primaryImageOfPage":{"@id":"https:\/\/swiat-tektury.pl\/produkt\/brama\/#primaryimage"},"image":{"@id":"https:\/\/swiat-tektury.pl\/produkt\/brama\/#primaryimage"},"thumbnailUrl":"https:\/\/swiat-tektury.pl\/wp-content\/uploads\/2024\/06\/i23.png","datePublished":"2024-06-28T13:14:35+00:00","dateModified":"2026-03-03T14:26:05+00:00","breadcrumb":{"@id":"https:\/\/swiat-tektury.pl\/produkt\/brama\/#breadcrumb"},"inLanguage":"en-GB","potentialAction":[{"@type":"ReadAction","target":["https:\/\/swiat-tektury.pl\/produkt\/brama\/"]}]},{"@type":"ImageObject","inLanguage":"en-GB","@id":"https:\/\/swiat-tektury.pl\/produkt\/brama\/#primaryimage","url":"https:\/\/swiat-tektury.pl\/wp-content\/uploads\/2024\/06\/i23.png","contentUrl":"https:\/\/swiat-tektury.pl\/wp-content\/uploads\/2024\/06\/i23.png","width":1446,"height":1500},{"@type":"BreadcrumbList","@id":"https:\/\/swiat-tektury.pl\/produkt\/brama\/#breadcrumb","itemListElement":[{"@type":"ListItem","position":1,"name":"Strona g\u0142\u00f3wna","item":"http:\/\/swiat-tektury.pl\/en\/"},{"@type":"ListItem","position":2,"name":"Sklep","item":"http:\/\/swiat-tektury.pl\/sklep\/"},{"@type":"ListItem","position":3,"name":"Brama"}]},{"@type":"WebSite","@id":"http:\/\/swiat-tektury.pl\/en\/#website","url":"http:\/\/swiat-tektury.pl\/en\/","name":"\u015bwiat-tektury.pl","description":"Ekologiczne meble z tektury","publisher":{"@id":"http:\/\/swiat-tektury.pl\/en\/#organization"},"potentialAction":[{"@type":"SearchAction","target":{"@type":"EntryPoint","urlTemplate":"http:\/\/swiat-tektury.pl\/en\/?s={search_term_string}"},"query-input":{"@type":"PropertyValueSpecification","valueRequired":true,"valueName":"search_term_string"}}],"inLanguage":"en-GB"},{"@type":"Organization","@id":"http:\/\/swiat-tektury.pl\/en\/#organization","name":"\u015awiat tektury","url":"http:\/\/swiat-tektury.pl\/en\/","logo":{"@type":"ImageObject","inLanguage":"en-GB","@id":"http:\/\/swiat-tektury.pl\/en\/#\/schema\/logo\/image\/","url":"https:\/\/swiat-tektury.pl\/wp-content\/uploads\/2019\/10\/WIAT-TEKTURY-LOGOTYP-01-e1572440309804.png","contentUrl":"https:\/\/swiat-tektury.pl\/wp-content\/uploads\/2019\/10\/WIAT-TEKTURY-LOGOTYP-01-e1572440309804.png","width":1098,"height":1098,"caption":"\u015awiat tektury"},"image":{"@id":"http:\/\/swiat-tektury.pl\/en\/#\/schema\/logo\/image\/"},"sameAs":["https:\/\/www.facebook.com\/swiattektury\/","https:\/\/www.instagram.com\/swiat_tektury\/"]}]}},"_links":{"self":[{"href":"https:\/\/swiat-tektury.pl\/en\/wp-json\/wp\/v2\/product\/13626","targetHints":{"allow":["GET"]}}],"collection":[{"href":"https:\/\/swiat-tektury.pl\/en\/wp-json\/wp\/v2\/product"}],"about":[{"href":"https:\/\/swiat-tektury.pl\/en\/wp-json\/wp\/v2\/types\/product"}],"wp:featuredmedia":[{"embeddable":true,"href":"https:\/\/swiat-tektury.pl\/en\/wp-json\/wp\/v2\/media\/13627"}],"wp:attachment":[{"href":"https:\/\/swiat-tektury.pl\/en\/wp-json\/wp\/v2\/media?parent=13626"}],"wp:term":[{"taxonomy":"product_brand","embeddable":true,"href":"https:\/\/swiat-tektury.pl\/en\/wp-json\/wp\/v2\/product_brand?post=13626"},{"taxonomy":"product_cat","embeddable":true,"href":"https:\/\/swiat-tektury.pl\/en\/wp-json\/wp\/v2\/product_cat?post=13626"},{"taxonomy":"product_tag","embeddable":true,"href":"https:\/\/swiat-tektury.pl\/en\/wp-json\/wp\/v2\/product_tag?post=13626"}],"curies":[{"name":"wp","href":"https:\/\/api.w.org\/{rel}","templated":true}]}}