{"id":13938,"date":"2024-11-18T12:17:35","date_gmt":"2024-11-18T11:17:35","guid":{"rendered":"https:\/\/swiat-tektury.pl\/?post_type=product&#038;p=13938"},"modified":"2024-11-18T13:36:24","modified_gmt":"2024-11-18T12:36:24","slug":"renifer-ozdoba-swiateczna","status":"publish","type":"product","link":"https:\/\/swiat-tektury.pl\/en\/product\/renifer-ozdoba-swiateczna\/","title":{"rendered":"Renifer z tektury &#8211; ozdoba \u015bwi\u0105teczna"},"content":{"rendered":"<p>Renifer z tektury z nadrukiem po obu stronach. Idealna ozdoba \u015bwi\u0105teczna z naszej najnowszej kolekcji \u015bwi\u0105tecznej.<\/p>\n<ul>\n<li>materia\u0142: tektura falista 5-warstwowa<\/li>\n<li>grubo\u015b\u0107 tektury: ok. 8 mm<\/li>\n<li>gramatura tektury: ok. 1060 g\/m2 bez nadruku<\/li>\n<li>rozmiar: 48 x 34 cm<\/li>\n<\/ul>\n<p>&nbsp;<\/p>\n<p><a href=\"https:\/\/swiat-tektury.pl\/wp-content\/uploads\/2024\/09\/Meble-z-tektury-sklad.jpg\"><img fetchpriority=\"high\" decoding=\"async\" class=\"aligncenter size-full wp-image-13833\" src=\"https:\/\/swiat-tektury.pl\/wp-content\/uploads\/2024\/09\/Meble-z-tektury-sklad.jpg\" alt=\"\" width=\"1920\" height=\"1440\" srcset=\"https:\/\/swiat-tektury.pl\/wp-content\/uploads\/2024\/09\/Meble-z-tektury-sklad.jpg 1920w, https:\/\/swiat-tektury.pl\/wp-content\/uploads\/2024\/09\/Meble-z-tektury-sklad-300x225.jpg 300w, https:\/\/swiat-tektury.pl\/wp-content\/uploads\/2024\/09\/Meble-z-tektury-sklad-1024x768.jpg 1024w, https:\/\/swiat-tektury.pl\/wp-content\/uploads\/2024\/09\/Meble-z-tektury-sklad-768x576.jpg 768w, https:\/\/swiat-tektury.pl\/wp-content\/uploads\/2024\/09\/Meble-z-tektury-sklad-1536x1152.jpg 1536w, https:\/\/swiat-tektury.pl\/wp-content\/uploads\/2024\/09\/Meble-z-tektury-sklad-16x12.jpg 16w, https:\/\/swiat-tektury.pl\/wp-content\/uploads\/2024\/09\/Meble-z-tektury-sklad-636x477.jpg 636w\" sizes=\"(max-width: 1920px) 100vw, 1920px\" \/><\/a><\/p>","protected":false},"excerpt":{"rendered":"<p>Renifer z tektury &#8211; ozdoba \u015bwi\u0105teczna<\/p>","protected":false},"featured_media":13945,"template":"","meta":[],"product_brand":[],"product_cat":[15],"product_tag":[167,208,166,355],"class_list":{"0":"post-13938","1":"product","2":"type-product","3":"status-publish","4":"has-post-thumbnail","6":"product_cat-meble-dla-firm","7":"product_tag-eko","8":"product_tag-ekologia","9":"product_tag-karton","10":"product_tag-ozdoby","11":"pa_meble-z-tektury-ozdoby-tekturowe","13":"first","14":"instock","15":"taxable","16":"shipping-taxable","17":"purchasable","18":"product-type-simple"},"yoast_head":"<!-- This site is optimized with the Yoast SEO plugin v26.0 - https:\/\/yoast.com\/wordpress\/plugins\/seo\/ -->\n<title>Renifer z tektury - ozdoba \u015bwi\u0105teczna | \u015bwiat-tektury.pl<\/title>\n<meta name=\"description\" content=\"Renifer z tektury z nadrukiem jednostronnym, wolnostoj\u0105cy. Idealna ozdoba \u015bwi\u0105teczna z naszej najnowszej kolekcji \u015bwi\u0105tecznej.\" \/>\n<meta name=\"robots\" content=\"index, follow, max-snippet:-1, max-image-preview:large, max-video-preview:-1\" \/>\n<link rel=\"canonical\" href=\"https:\/\/swiat-tektury.pl\/en\/product\/renifer-ozdoba-swiateczna\/\" \/>\n<meta property=\"og:locale\" content=\"en_GB\" \/>\n<meta property=\"og:type\" content=\"article\" \/>\n<meta property=\"og:title\" content=\"Renifer z tektury - ozdoba \u015bwi\u0105teczna | \u015bwiat-tektury.pl\" \/>\n<meta property=\"og:description\" content=\"Renifer z tektury z nadrukiem jednostronnym, wolnostoj\u0105cy. Idealna ozdoba \u015bwi\u0105teczna z naszej najnowszej kolekcji \u015bwi\u0105tecznej.\" \/>\n<meta property=\"og:url\" content=\"https:\/\/swiat-tektury.pl\/en\/product\/renifer-ozdoba-swiateczna\/\" \/>\n<meta property=\"og:site_name\" content=\"\u015bwiat-tektury.pl\" \/>\n<meta property=\"article:publisher\" content=\"https:\/\/www.facebook.com\/swiattektury\/\" \/>\n<meta property=\"article:modified_time\" content=\"2024-11-18T12:36:24+00:00\" \/>\n<meta property=\"og:image\" content=\"https:\/\/swiat-tektury.pl\/wp-content\/uploads\/2024\/11\/reniger-lq.jpg\" \/>\n\t<meta property=\"og:image:width\" content=\"1024\" \/>\n\t<meta property=\"og:image:height\" content=\"1024\" \/>\n\t<meta property=\"og:image:type\" content=\"image\/jpeg\" \/>\n<meta name=\"twitter:card\" content=\"summary_large_image\" \/>\n<meta name=\"twitter:label1\" content=\"Estimated reading time\" \/>\n\t<meta name=\"twitter:data1\" content=\"1 minute\" \/>\n<script type=\"application\/ld+json\" class=\"yoast-schema-graph\">{\"@context\":\"https:\/\/schema.org\",\"@graph\":[{\"@type\":\"WebPage\",\"@id\":\"https:\/\/swiat-tektury.pl\/produkt\/renifer-ozdoba-swiateczna\/\",\"url\":\"https:\/\/swiat-tektury.pl\/produkt\/renifer-ozdoba-swiateczna\/\",\"name\":\"Renifer z tektury - ozdoba \u015bwi\u0105teczna | \u015bwiat-tektury.pl\",\"isPartOf\":{\"@id\":\"http:\/\/swiat-tektury.pl\/en\/#website\"},\"primaryImageOfPage\":{\"@id\":\"https:\/\/swiat-tektury.pl\/produkt\/renifer-ozdoba-swiateczna\/#primaryimage\"},\"image\":{\"@id\":\"https:\/\/swiat-tektury.pl\/produkt\/renifer-ozdoba-swiateczna\/#primaryimage\"},\"thumbnailUrl\":\"https:\/\/swiat-tektury.pl\/wp-content\/uploads\/2024\/11\/reniger-lq.jpg\",\"datePublished\":\"2024-11-18T11:17:35+00:00\",\"dateModified\":\"2024-11-18T12:36:24+00:00\",\"description\":\"Renifer z tektury z nadrukiem jednostronnym, wolnostoj\u0105cy. Idealna ozdoba \u015bwi\u0105teczna z naszej najnowszej kolekcji \u015bwi\u0105tecznej.\",\"breadcrumb\":{\"@id\":\"https:\/\/swiat-tektury.pl\/produkt\/renifer-ozdoba-swiateczna\/#breadcrumb\"},\"inLanguage\":\"en-GB\",\"potentialAction\":[{\"@type\":\"ReadAction\",\"target\":[\"https:\/\/swiat-tektury.pl\/produkt\/renifer-ozdoba-swiateczna\/\"]}]},{\"@type\":\"ImageObject\",\"inLanguage\":\"en-GB\",\"@id\":\"https:\/\/swiat-tektury.pl\/produkt\/renifer-ozdoba-swiateczna\/#primaryimage\",\"url\":\"https:\/\/swiat-tektury.pl\/wp-content\/uploads\/2024\/11\/reniger-lq.jpg\",\"contentUrl\":\"https:\/\/swiat-tektury.pl\/wp-content\/uploads\/2024\/11\/reniger-lq.jpg\",\"width\":1024,\"height\":1024},{\"@type\":\"BreadcrumbList\",\"@id\":\"https:\/\/swiat-tektury.pl\/produkt\/renifer-ozdoba-swiateczna\/#breadcrumb\",\"itemListElement\":[{\"@type\":\"ListItem\",\"position\":1,\"name\":\"Strona g\u0142\u00f3wna\",\"item\":\"http:\/\/swiat-tektury.pl\/en\/\"},{\"@type\":\"ListItem\",\"position\":2,\"name\":\"Sklep\",\"item\":\"http:\/\/swiat-tektury.pl\/sklep\/\"},{\"@type\":\"ListItem\",\"position\":3,\"name\":\"Renifer z tektury &#8211; ozdoba \u015bwi\u0105teczna\"}]},{\"@type\":\"WebSite\",\"@id\":\"http:\/\/swiat-tektury.pl\/en\/#website\",\"url\":\"http:\/\/swiat-tektury.pl\/en\/\",\"name\":\"\u015bwiat-tektury.pl\",\"description\":\"Ekologiczne meble z tektury\",\"publisher\":{\"@id\":\"http:\/\/swiat-tektury.pl\/en\/#organization\"},\"potentialAction\":[{\"@type\":\"SearchAction\",\"target\":{\"@type\":\"EntryPoint\",\"urlTemplate\":\"http:\/\/swiat-tektury.pl\/en\/?s={search_term_string}\"},\"query-input\":{\"@type\":\"PropertyValueSpecification\",\"valueRequired\":true,\"valueName\":\"search_term_string\"}}],\"inLanguage\":\"en-GB\"},{\"@type\":\"Organization\",\"@id\":\"http:\/\/swiat-tektury.pl\/en\/#organization\",\"name\":\"\u015awiat tektury\",\"url\":\"http:\/\/swiat-tektury.pl\/en\/\",\"logo\":{\"@type\":\"ImageObject\",\"inLanguage\":\"en-GB\",\"@id\":\"http:\/\/swiat-tektury.pl\/en\/#\/schema\/logo\/image\/\",\"url\":\"https:\/\/swiat-tektury.pl\/wp-content\/uploads\/2019\/10\/WIAT-TEKTURY-LOGOTYP-01-e1572440309804.png\",\"contentUrl\":\"https:\/\/swiat-tektury.pl\/wp-content\/uploads\/2019\/10\/WIAT-TEKTURY-LOGOTYP-01-e1572440309804.png\",\"width\":1098,\"height\":1098,\"caption\":\"\u015awiat tektury\"},\"image\":{\"@id\":\"http:\/\/swiat-tektury.pl\/en\/#\/schema\/logo\/image\/\"},\"sameAs\":[\"https:\/\/www.facebook.com\/swiattektury\/\",\"https:\/\/www.instagram.com\/swiat_tektury\/\"]}]}<\/script>\n<!-- \/ Yoast SEO plugin. -->","yoast_head_json":{"title":"Renifer z tektury - ozdoba \u015bwi\u0105teczna | \u015bwiat-tektury.pl","description":"Renifer z tektury z nadrukiem jednostronnym, wolnostoj\u0105cy. Idealna ozdoba \u015bwi\u0105teczna z naszej najnowszej kolekcji \u015bwi\u0105tecznej.","robots":{"index":"index","follow":"follow","max-snippet":"max-snippet:-1","max-image-preview":"max-image-preview:large","max-video-preview":"max-video-preview:-1"},"canonical":"https:\/\/swiat-tektury.pl\/en\/product\/renifer-ozdoba-swiateczna\/","og_locale":"en_GB","og_type":"article","og_title":"Renifer z tektury - ozdoba \u015bwi\u0105teczna | \u015bwiat-tektury.pl","og_description":"Renifer z tektury z nadrukiem jednostronnym, wolnostoj\u0105cy. Idealna ozdoba \u015bwi\u0105teczna z naszej najnowszej kolekcji \u015bwi\u0105tecznej.","og_url":"https:\/\/swiat-tektury.pl\/en\/product\/renifer-ozdoba-swiateczna\/","og_site_name":"\u015bwiat-tektury.pl","article_publisher":"https:\/\/www.facebook.com\/swiattektury\/","article_modified_time":"2024-11-18T12:36:24+00:00","og_image":[{"width":1024,"height":1024,"url":"https:\/\/swiat-tektury.pl\/wp-content\/uploads\/2024\/11\/reniger-lq.jpg","type":"image\/jpeg"}],"twitter_card":"summary_large_image","twitter_misc":{"Estimated reading time":"1 minute"},"schema":{"@context":"https:\/\/schema.org","@graph":[{"@type":"WebPage","@id":"https:\/\/swiat-tektury.pl\/produkt\/renifer-ozdoba-swiateczna\/","url":"https:\/\/swiat-tektury.pl\/produkt\/renifer-ozdoba-swiateczna\/","name":"Renifer z tektury - ozdoba \u015bwi\u0105teczna | \u015bwiat-tektury.pl","isPartOf":{"@id":"http:\/\/swiat-tektury.pl\/en\/#website"},"primaryImageOfPage":{"@id":"https:\/\/swiat-tektury.pl\/produkt\/renifer-ozdoba-swiateczna\/#primaryimage"},"image":{"@id":"https:\/\/swiat-tektury.pl\/produkt\/renifer-ozdoba-swiateczna\/#primaryimage"},"thumbnailUrl":"https:\/\/swiat-tektury.pl\/wp-content\/uploads\/2024\/11\/reniger-lq.jpg","datePublished":"2024-11-18T11:17:35+00:00","dateModified":"2024-11-18T12:36:24+00:00","description":"Renifer z tektury z nadrukiem jednostronnym, wolnostoj\u0105cy. Idealna ozdoba \u015bwi\u0105teczna z naszej najnowszej kolekcji \u015bwi\u0105tecznej.","breadcrumb":{"@id":"https:\/\/swiat-tektury.pl\/produkt\/renifer-ozdoba-swiateczna\/#breadcrumb"},"inLanguage":"en-GB","potentialAction":[{"@type":"ReadAction","target":["https:\/\/swiat-tektury.pl\/produkt\/renifer-ozdoba-swiateczna\/"]}]},{"@type":"ImageObject","inLanguage":"en-GB","@id":"https:\/\/swiat-tektury.pl\/produkt\/renifer-ozdoba-swiateczna\/#primaryimage","url":"https:\/\/swiat-tektury.pl\/wp-content\/uploads\/2024\/11\/reniger-lq.jpg","contentUrl":"https:\/\/swiat-tektury.pl\/wp-content\/uploads\/2024\/11\/reniger-lq.jpg","width":1024,"height":1024},{"@type":"BreadcrumbList","@id":"https:\/\/swiat-tektury.pl\/produkt\/renifer-ozdoba-swiateczna\/#breadcrumb","itemListElement":[{"@type":"ListItem","position":1,"name":"Strona g\u0142\u00f3wna","item":"http:\/\/swiat-tektury.pl\/en\/"},{"@type":"ListItem","position":2,"name":"Sklep","item":"http:\/\/swiat-tektury.pl\/sklep\/"},{"@type":"ListItem","position":3,"name":"Renifer z tektury &#8211; ozdoba \u015bwi\u0105teczna"}]},{"@type":"WebSite","@id":"http:\/\/swiat-tektury.pl\/en\/#website","url":"http:\/\/swiat-tektury.pl\/en\/","name":"\u015bwiat-tektury.pl","description":"Ekologiczne meble z tektury","publisher":{"@id":"http:\/\/swiat-tektury.pl\/en\/#organization"},"potentialAction":[{"@type":"SearchAction","target":{"@type":"EntryPoint","urlTemplate":"http:\/\/swiat-tektury.pl\/en\/?s={search_term_string}"},"query-input":{"@type":"PropertyValueSpecification","valueRequired":true,"valueName":"search_term_string"}}],"inLanguage":"en-GB"},{"@type":"Organization","@id":"http:\/\/swiat-tektury.pl\/en\/#organization","name":"\u015awiat tektury","url":"http:\/\/swiat-tektury.pl\/en\/","logo":{"@type":"ImageObject","inLanguage":"en-GB","@id":"http:\/\/swiat-tektury.pl\/en\/#\/schema\/logo\/image\/","url":"https:\/\/swiat-tektury.pl\/wp-content\/uploads\/2019\/10\/WIAT-TEKTURY-LOGOTYP-01-e1572440309804.png","contentUrl":"https:\/\/swiat-tektury.pl\/wp-content\/uploads\/2019\/10\/WIAT-TEKTURY-LOGOTYP-01-e1572440309804.png","width":1098,"height":1098,"caption":"\u015awiat tektury"},"image":{"@id":"http:\/\/swiat-tektury.pl\/en\/#\/schema\/logo\/image\/"},"sameAs":["https:\/\/www.facebook.com\/swiattektury\/","https:\/\/www.instagram.com\/swiat_tektury\/"]}]}},"_links":{"self":[{"href":"https:\/\/swiat-tektury.pl\/en\/wp-json\/wp\/v2\/product\/13938","targetHints":{"allow":["GET"]}}],"collection":[{"href":"https:\/\/swiat-tektury.pl\/en\/wp-json\/wp\/v2\/product"}],"about":[{"href":"https:\/\/swiat-tektury.pl\/en\/wp-json\/wp\/v2\/types\/product"}],"wp:featuredmedia":[{"embeddable":true,"href":"https:\/\/swiat-tektury.pl\/en\/wp-json\/wp\/v2\/media\/13945"}],"wp:attachment":[{"href":"https:\/\/swiat-tektury.pl\/en\/wp-json\/wp\/v2\/media?parent=13938"}],"wp:term":[{"taxonomy":"product_brand","embeddable":true,"href":"https:\/\/swiat-tektury.pl\/en\/wp-json\/wp\/v2\/product_brand?post=13938"},{"taxonomy":"product_cat","embeddable":true,"href":"https:\/\/swiat-tektury.pl\/en\/wp-json\/wp\/v2\/product_cat?post=13938"},{"taxonomy":"product_tag","embeddable":true,"href":"https:\/\/swiat-tektury.pl\/en\/wp-json\/wp\/v2\/product_tag?post=13938"}],"curies":[{"name":"wp","href":"https:\/\/api.w.org\/{rel}","templated":true}]}}