{"id":13959,"date":"2024-11-21T09:59:40","date_gmt":"2024-11-21T08:59:40","guid":{"rendered":"https:\/\/swiat-tektury.pl\/?post_type=product&#038;p=13959"},"modified":"2026-03-05T11:08:51","modified_gmt":"2026-03-05T10:08:51","slug":"drapak-dla-kota-kopia","status":"publish","type":"product","link":"https:\/\/swiat-tektury.pl\/en\/product\/drapak-dla-kota-kopia\/","title":{"rendered":"Du\u017cy drapak dla kota"},"content":{"rendered":"<div class=\"_1voj4 _z9prt _1xzdi _ai5yc _5d6n2 _15lj1\">\n<div class=\"_2d49e_5pK0q\">\n<div class=\"_1voj4 _z9prt _1xzdi _ai5yc _5d6n2 _15lj1\">\n<div class=\"_2d49e_5pK0q\">\n<p>Drapak z tektury z nadrukiem po obu stronach.<\/p>\n<ul>\n<li>materia\u0142: tektura falista 5-warstwowa<\/li>\n<li>grubo\u015b\u0107 tektury: ok. 8 mm<\/li>\n<li>gramatura tektury: ok. 1060 g\/m2 bez nadruku<\/li>\n<\/ul>\n<p><b>Tw\u00f3j kot uwielbia kartony?<\/b><\/p>\n<p>Spraw mu rado\u015b\u0107 i podaruj\u00a0<b>drapak z tektury<\/b>!<\/p>\n<p>&nbsp;<\/p>\n<\/div>\n<\/div>\n<\/div>\n<\/div>","protected":false},"excerpt":{"rendered":"<p>Ekologiczny drapak dla kota z tektury.<\/p>","protected":false},"featured_media":15199,"template":"","meta":[],"product_brand":[],"product_cat":[16],"product_tag":[357,167,208,166,288,287,284,21,20,165,285,286,192],"class_list":{"0":"post-13959","1":"product","2":"type-product","3":"status-publish","4":"has-post-thumbnail","6":"product_cat-meble-do-domu","7":"product_tag-drapak-dla-kota","8":"product_tag-eko","9":"product_tag-ekologia","10":"product_tag-karton","11":"product_tag-kartonowe-meble","12":"product_tag-meble-eventowe","13":"product_tag-meble-konferencyjne","14":"product_tag-meble-z-kartonu","15":"product_tag-meble-z-tektury","16":"product_tag-tektura","17":"product_tag-tektura-falista","18":"product_tag-tekturowe-meble","19":"product_tag-zero-waste","20":"pa_meble-z-tektury-dla-zwierzat","22":"first","23":"instock","24":"taxable","25":"shipping-taxable","26":"purchasable","27":"product-type-simple"},"yoast_head":"<!-- This site is optimized with the Yoast SEO plugin v26.0 - https:\/\/yoast.com\/wordpress\/plugins\/seo\/ -->\n<title>Du\u017cy drapak dla kota | \u015bwiat-tektury.pl<\/title>\n<meta name=\"description\" content=\"Ekologiczny drapak dla kota z tektury. Meble z tektury ociepl\u0105 ka\u017cde wn\u0119trze. \u015awietnie odnajd\u0105 si\u0119 w\u015br\u00f3d tradycyjnych mebli, ale mo\u017cecie te\u017c urz\u0105dzi\u0107 swoje pomieszczenia w ca\u0142o\u015bci z tektury.\" \/>\n<meta name=\"robots\" content=\"index, follow, max-snippet:-1, max-image-preview:large, max-video-preview:-1\" \/>\n<link rel=\"canonical\" href=\"https:\/\/swiat-tektury.pl\/en\/product\/drapak-dla-kota-kopia\/\" \/>\n<meta property=\"og:locale\" content=\"en_GB\" \/>\n<meta property=\"og:type\" content=\"article\" \/>\n<meta property=\"og:title\" content=\"Du\u017cy drapak dla kota | \u015bwiat-tektury.pl\" \/>\n<meta property=\"og:description\" content=\"Ekologiczny drapak dla kota z tektury. Meble z tektury ociepl\u0105 ka\u017cde wn\u0119trze. \u015awietnie odnajd\u0105 si\u0119 w\u015br\u00f3d tradycyjnych mebli, ale mo\u017cecie te\u017c urz\u0105dzi\u0107 swoje pomieszczenia w ca\u0142o\u015bci z tektury.\" \/>\n<meta property=\"og:url\" content=\"https:\/\/swiat-tektury.pl\/en\/product\/drapak-dla-kota-kopia\/\" \/>\n<meta property=\"og:site_name\" content=\"\u015bwiat-tektury.pl\" \/>\n<meta property=\"article:publisher\" content=\"https:\/\/www.facebook.com\/swiattektury\/\" \/>\n<meta property=\"article:modified_time\" content=\"2026-03-05T10:08:51+00:00\" \/>\n<meta property=\"og:image\" content=\"http:\/\/swiat-tektury.pl\/wp-content\/uploads\/2024\/11\/Drapak_dla_kota_z_tektury_eko_1-1.jpg\" \/>\n\t<meta property=\"og:image:width\" content=\"1920\" \/>\n\t<meta property=\"og:image:height\" content=\"1920\" \/>\n\t<meta property=\"og:image:type\" content=\"image\/jpeg\" \/>\n<meta name=\"twitter:card\" content=\"summary_large_image\" \/>\n<meta name=\"twitter:label1\" content=\"Estimated reading time\" \/>\n\t<meta name=\"twitter:data1\" content=\"1 minute\" \/>\n<script type=\"application\/ld+json\" class=\"yoast-schema-graph\">{\"@context\":\"https:\/\/schema.org\",\"@graph\":[{\"@type\":\"WebPage\",\"@id\":\"https:\/\/swiat-tektury.pl\/produkt\/drapak-dla-kota-kopia\/\",\"url\":\"https:\/\/swiat-tektury.pl\/produkt\/drapak-dla-kota-kopia\/\",\"name\":\"Du\u017cy drapak dla kota | \u015bwiat-tektury.pl\",\"isPartOf\":{\"@id\":\"http:\/\/swiat-tektury.pl\/en\/#website\"},\"primaryImageOfPage\":{\"@id\":\"https:\/\/swiat-tektury.pl\/produkt\/drapak-dla-kota-kopia\/#primaryimage\"},\"image\":{\"@id\":\"https:\/\/swiat-tektury.pl\/produkt\/drapak-dla-kota-kopia\/#primaryimage\"},\"thumbnailUrl\":\"https:\/\/swiat-tektury.pl\/wp-content\/uploads\/2024\/11\/Drapak_dla_kota_z_tektury_eko_1-1.jpg\",\"datePublished\":\"2024-11-21T08:59:40+00:00\",\"dateModified\":\"2026-03-05T10:08:51+00:00\",\"description\":\"Ekologiczny drapak dla kota z tektury. Meble z tektury ociepl\u0105 ka\u017cde wn\u0119trze. \u015awietnie odnajd\u0105 si\u0119 w\u015br\u00f3d tradycyjnych mebli, ale mo\u017cecie te\u017c urz\u0105dzi\u0107 swoje pomieszczenia w ca\u0142o\u015bci z tektury.\",\"breadcrumb\":{\"@id\":\"https:\/\/swiat-tektury.pl\/produkt\/drapak-dla-kota-kopia\/#breadcrumb\"},\"inLanguage\":\"en-GB\",\"potentialAction\":[{\"@type\":\"ReadAction\",\"target\":[\"https:\/\/swiat-tektury.pl\/produkt\/drapak-dla-kota-kopia\/\"]}]},{\"@type\":\"ImageObject\",\"inLanguage\":\"en-GB\",\"@id\":\"https:\/\/swiat-tektury.pl\/produkt\/drapak-dla-kota-kopia\/#primaryimage\",\"url\":\"https:\/\/swiat-tektury.pl\/wp-content\/uploads\/2024\/11\/Drapak_dla_kota_z_tektury_eko_1-1.jpg\",\"contentUrl\":\"https:\/\/swiat-tektury.pl\/wp-content\/uploads\/2024\/11\/Drapak_dla_kota_z_tektury_eko_1-1.jpg\",\"width\":1920,\"height\":1920},{\"@type\":\"BreadcrumbList\",\"@id\":\"https:\/\/swiat-tektury.pl\/produkt\/drapak-dla-kota-kopia\/#breadcrumb\",\"itemListElement\":[{\"@type\":\"ListItem\",\"position\":1,\"name\":\"Strona g\u0142\u00f3wna\",\"item\":\"http:\/\/swiat-tektury.pl\/en\/\"},{\"@type\":\"ListItem\",\"position\":2,\"name\":\"Sklep\",\"item\":\"http:\/\/swiat-tektury.pl\/sklep\/\"},{\"@type\":\"ListItem\",\"position\":3,\"name\":\"Du\u017cy drapak dla kota\"}]},{\"@type\":\"WebSite\",\"@id\":\"http:\/\/swiat-tektury.pl\/en\/#website\",\"url\":\"http:\/\/swiat-tektury.pl\/en\/\",\"name\":\"\u015bwiat-tektury.pl\",\"description\":\"Ekologiczne meble z tektury\",\"publisher\":{\"@id\":\"http:\/\/swiat-tektury.pl\/en\/#organization\"},\"potentialAction\":[{\"@type\":\"SearchAction\",\"target\":{\"@type\":\"EntryPoint\",\"urlTemplate\":\"http:\/\/swiat-tektury.pl\/en\/?s={search_term_string}\"},\"query-input\":{\"@type\":\"PropertyValueSpecification\",\"valueRequired\":true,\"valueName\":\"search_term_string\"}}],\"inLanguage\":\"en-GB\"},{\"@type\":\"Organization\",\"@id\":\"http:\/\/swiat-tektury.pl\/en\/#organization\",\"name\":\"\u015awiat tektury\",\"url\":\"http:\/\/swiat-tektury.pl\/en\/\",\"logo\":{\"@type\":\"ImageObject\",\"inLanguage\":\"en-GB\",\"@id\":\"http:\/\/swiat-tektury.pl\/en\/#\/schema\/logo\/image\/\",\"url\":\"https:\/\/swiat-tektury.pl\/wp-content\/uploads\/2019\/10\/WIAT-TEKTURY-LOGOTYP-01-e1572440309804.png\",\"contentUrl\":\"https:\/\/swiat-tektury.pl\/wp-content\/uploads\/2019\/10\/WIAT-TEKTURY-LOGOTYP-01-e1572440309804.png\",\"width\":1098,\"height\":1098,\"caption\":\"\u015awiat tektury\"},\"image\":{\"@id\":\"http:\/\/swiat-tektury.pl\/en\/#\/schema\/logo\/image\/\"},\"sameAs\":[\"https:\/\/www.facebook.com\/swiattektury\/\",\"https:\/\/www.instagram.com\/swiat_tektury\/\"]}]}<\/script>\n<!-- \/ Yoast SEO plugin. -->","yoast_head_json":{"title":"Du\u017cy drapak dla kota | \u015bwiat-tektury.pl","description":"Ekologiczny drapak dla kota z tektury. Meble z tektury ociepl\u0105 ka\u017cde wn\u0119trze. \u015awietnie odnajd\u0105 si\u0119 w\u015br\u00f3d tradycyjnych mebli, ale mo\u017cecie te\u017c urz\u0105dzi\u0107 swoje pomieszczenia w ca\u0142o\u015bci z tektury.","robots":{"index":"index","follow":"follow","max-snippet":"max-snippet:-1","max-image-preview":"max-image-preview:large","max-video-preview":"max-video-preview:-1"},"canonical":"https:\/\/swiat-tektury.pl\/en\/product\/drapak-dla-kota-kopia\/","og_locale":"en_GB","og_type":"article","og_title":"Du\u017cy drapak dla kota | \u015bwiat-tektury.pl","og_description":"Ekologiczny drapak dla kota z tektury. Meble z tektury ociepl\u0105 ka\u017cde wn\u0119trze. \u015awietnie odnajd\u0105 si\u0119 w\u015br\u00f3d tradycyjnych mebli, ale mo\u017cecie te\u017c urz\u0105dzi\u0107 swoje pomieszczenia w ca\u0142o\u015bci z tektury.","og_url":"https:\/\/swiat-tektury.pl\/en\/product\/drapak-dla-kota-kopia\/","og_site_name":"\u015bwiat-tektury.pl","article_publisher":"https:\/\/www.facebook.com\/swiattektury\/","article_modified_time":"2026-03-05T10:08:51+00:00","og_image":[{"width":1920,"height":1920,"url":"http:\/\/swiat-tektury.pl\/wp-content\/uploads\/2024\/11\/Drapak_dla_kota_z_tektury_eko_1-1.jpg","type":"image\/jpeg"}],"twitter_card":"summary_large_image","twitter_misc":{"Estimated reading time":"1 minute"},"schema":{"@context":"https:\/\/schema.org","@graph":[{"@type":"WebPage","@id":"https:\/\/swiat-tektury.pl\/produkt\/drapak-dla-kota-kopia\/","url":"https:\/\/swiat-tektury.pl\/produkt\/drapak-dla-kota-kopia\/","name":"Du\u017cy drapak dla kota | \u015bwiat-tektury.pl","isPartOf":{"@id":"http:\/\/swiat-tektury.pl\/en\/#website"},"primaryImageOfPage":{"@id":"https:\/\/swiat-tektury.pl\/produkt\/drapak-dla-kota-kopia\/#primaryimage"},"image":{"@id":"https:\/\/swiat-tektury.pl\/produkt\/drapak-dla-kota-kopia\/#primaryimage"},"thumbnailUrl":"https:\/\/swiat-tektury.pl\/wp-content\/uploads\/2024\/11\/Drapak_dla_kota_z_tektury_eko_1-1.jpg","datePublished":"2024-11-21T08:59:40+00:00","dateModified":"2026-03-05T10:08:51+00:00","description":"Ekologiczny drapak dla kota z tektury. Meble z tektury ociepl\u0105 ka\u017cde wn\u0119trze. \u015awietnie odnajd\u0105 si\u0119 w\u015br\u00f3d tradycyjnych mebli, ale mo\u017cecie te\u017c urz\u0105dzi\u0107 swoje pomieszczenia w ca\u0142o\u015bci z tektury.","breadcrumb":{"@id":"https:\/\/swiat-tektury.pl\/produkt\/drapak-dla-kota-kopia\/#breadcrumb"},"inLanguage":"en-GB","potentialAction":[{"@type":"ReadAction","target":["https:\/\/swiat-tektury.pl\/produkt\/drapak-dla-kota-kopia\/"]}]},{"@type":"ImageObject","inLanguage":"en-GB","@id":"https:\/\/swiat-tektury.pl\/produkt\/drapak-dla-kota-kopia\/#primaryimage","url":"https:\/\/swiat-tektury.pl\/wp-content\/uploads\/2024\/11\/Drapak_dla_kota_z_tektury_eko_1-1.jpg","contentUrl":"https:\/\/swiat-tektury.pl\/wp-content\/uploads\/2024\/11\/Drapak_dla_kota_z_tektury_eko_1-1.jpg","width":1920,"height":1920},{"@type":"BreadcrumbList","@id":"https:\/\/swiat-tektury.pl\/produkt\/drapak-dla-kota-kopia\/#breadcrumb","itemListElement":[{"@type":"ListItem","position":1,"name":"Strona g\u0142\u00f3wna","item":"http:\/\/swiat-tektury.pl\/en\/"},{"@type":"ListItem","position":2,"name":"Sklep","item":"http:\/\/swiat-tektury.pl\/sklep\/"},{"@type":"ListItem","position":3,"name":"Du\u017cy drapak dla kota"}]},{"@type":"WebSite","@id":"http:\/\/swiat-tektury.pl\/en\/#website","url":"http:\/\/swiat-tektury.pl\/en\/","name":"\u015bwiat-tektury.pl","description":"Ekologiczne meble z tektury","publisher":{"@id":"http:\/\/swiat-tektury.pl\/en\/#organization"},"potentialAction":[{"@type":"SearchAction","target":{"@type":"EntryPoint","urlTemplate":"http:\/\/swiat-tektury.pl\/en\/?s={search_term_string}"},"query-input":{"@type":"PropertyValueSpecification","valueRequired":true,"valueName":"search_term_string"}}],"inLanguage":"en-GB"},{"@type":"Organization","@id":"http:\/\/swiat-tektury.pl\/en\/#organization","name":"\u015awiat tektury","url":"http:\/\/swiat-tektury.pl\/en\/","logo":{"@type":"ImageObject","inLanguage":"en-GB","@id":"http:\/\/swiat-tektury.pl\/en\/#\/schema\/logo\/image\/","url":"https:\/\/swiat-tektury.pl\/wp-content\/uploads\/2019\/10\/WIAT-TEKTURY-LOGOTYP-01-e1572440309804.png","contentUrl":"https:\/\/swiat-tektury.pl\/wp-content\/uploads\/2019\/10\/WIAT-TEKTURY-LOGOTYP-01-e1572440309804.png","width":1098,"height":1098,"caption":"\u015awiat tektury"},"image":{"@id":"http:\/\/swiat-tektury.pl\/en\/#\/schema\/logo\/image\/"},"sameAs":["https:\/\/www.facebook.com\/swiattektury\/","https:\/\/www.instagram.com\/swiat_tektury\/"]}]}},"_links":{"self":[{"href":"https:\/\/swiat-tektury.pl\/en\/wp-json\/wp\/v2\/product\/13959","targetHints":{"allow":["GET"]}}],"collection":[{"href":"https:\/\/swiat-tektury.pl\/en\/wp-json\/wp\/v2\/product"}],"about":[{"href":"https:\/\/swiat-tektury.pl\/en\/wp-json\/wp\/v2\/types\/product"}],"wp:featuredmedia":[{"embeddable":true,"href":"https:\/\/swiat-tektury.pl\/en\/wp-json\/wp\/v2\/media\/15199"}],"wp:attachment":[{"href":"https:\/\/swiat-tektury.pl\/en\/wp-json\/wp\/v2\/media?parent=13959"}],"wp:term":[{"taxonomy":"product_brand","embeddable":true,"href":"https:\/\/swiat-tektury.pl\/en\/wp-json\/wp\/v2\/product_brand?post=13959"},{"taxonomy":"product_cat","embeddable":true,"href":"https:\/\/swiat-tektury.pl\/en\/wp-json\/wp\/v2\/product_cat?post=13959"},{"taxonomy":"product_tag","embeddable":true,"href":"https:\/\/swiat-tektury.pl\/en\/wp-json\/wp\/v2\/product_tag?post=13959"}],"curies":[{"name":"wp","href":"https:\/\/api.w.org\/{rel}","templated":true}]}}