{"id":14683,"date":"2025-09-23T15:14:29","date_gmt":"2025-09-23T13:14:29","guid":{"rendered":"https:\/\/swiat-tektury.pl\/?post_type=product&#038;p=14683"},"modified":"2025-09-23T15:22:04","modified_gmt":"2025-09-23T13:22:04","slug":"postac-tyler-posey","status":"publish","type":"product","link":"https:\/\/swiat-tektury.pl\/en\/product\/postac-tyler-posey\/","title":{"rendered":"Posta\u0107 Tyler Posey"},"content":{"rendered":"<div class=\"_1voj4 _z9prt _1xzdi _ai5yc _5d6n2 _15lj1\">\n<div class=\"_2d49e_5pK0q\">\n<div class=\"_1voj4 _z9prt _1xzdi _ai5yc _5d6n2 _15lj1\">\n<div class=\"_2d49e_5pK0q\">\n<p><strong>Tyler Posey &#8211; Twoja Gwiazda wykonana z tektury!<\/strong><\/p>\n<p><strong>Zabierz na imprez\u0119 samego Tyler&#8217;a Poseyd&#8217;a!<\/strong>\u00a0Ta\u00a0<strong>wolnostoj\u0105ca posta\u0107 z kartonu<\/strong>\u00a0to idealny spos\u00f3b na dodanie\u00a0<strong>gwiazdorskiego blasku<\/strong>\u00a0ka\u017cdej imprezie.<\/p>\n<p><strong>Zaskocz znajomych<\/strong>\u00a0oryginalnym prezentem na urodziny lub inn\u0105 okazj\u0119.\u00a0<strong>Wysokiej jako\u015bci nadruk jednostronny<\/strong> i stabilne podp\u00f3rki zapewni\u0105, \u017ce Tyler b\u0119dzie sta\u0142 dumnie przez ca\u0142\u0105 imprez\u0119.<\/p>\n<p>Bardzo \u0142atwy i szybki monta\u017c, dzi\u0119ki podp\u00f3rce doklejanej z ty\u0142u &#8211; wystarczy wsun\u0105\u0107 dwa tekturowe wsporniki i posta\u0107 mo\u017ce ju\u017c samodzielnie sta\u0107.<\/p>\n<p>Sprawd\u017a inne nasze<strong> postacie<\/strong>, a je\u015bli nie znajdziesz w\u015br\u00f3d nich swojego ulubie\u0144ca, <strong>napisz do nas a wykonamy go dla Ciebie<\/strong>.<\/p>\n<p>Istnieje r\u00f3wnie\u017c mo\u017cliwo\u015b\u0107 wykonania <strong>postaci z dowolnego zdj\u0119cia.<\/strong><\/p>\n<p><img fetchpriority=\"high\" decoding=\"async\" src=\"https:\/\/swiat-tektury.pl\/nowy\/wp-content\/uploads\/2025\/02\/PostacieSkladane.png\" alt=\"\" width=\"2385\" height=\"3489\" class=\"aligncenter size-full wp-image-1158\" \/><\/p>\n<\/div>\n<\/div>\n<\/div>\n<\/div>\n<div class=\"_1voj4 _z9prt _1xzdi _ai5yc _5d6n2 _15lj1\">\n<div class=\"_2d49e_5pK0q\">\n<h2>Dodatkowe informacje:<\/h2>\n<\/div>\n<\/div>\n<ul>\n<li>materia\u0142: tektura falista 5-warstwowa<\/li>\n<li>grubo\u015b\u0107 tektury: ok. 8 mm<\/li>\n<li>gramatura tektury: ok. 1150 g\/m2 bez nadruku<\/li>\n<li>wysoko\u015b\u0107 postaci 178 cm<\/li>\n<\/ul>\n<p>&nbsp;<\/p>\n<p><em>Wysy\u0142ka postaci w dw\u00f3ch wariantach (do wyboru przy sk\u0142adaniu zam\u00f3wienia):<\/em><\/p>\n<ul>\n<li style=\"list-style-type: none;\">\n<ul>\n<li><em>wysy\u0142ka postaci w ca\u0142o\u015bci (paczka gabarytowa &#8211; koszt 60 z\u0142)<\/em><\/li>\n<li><em>wysy\u0142ka postaci z\u0142o\u017conej na p\u00f3\u0142 (paczka standardowa &#8211; 25 z\u0142)<\/em><\/li>\n<\/ul>\n<\/li>\n<\/ul>\n<div id=\"gtx-trans\" style=\"position: absolute; left: 245px; top: 584.391px;\">\n<div class=\"gtx-trans-icon\"><\/div>\n<\/div>","protected":false},"excerpt":{"rendered":"<p>Posta\u0107 Tyler&#8217;a Posey&#8217;a<span style=\"font-size: 1rem;\">\u00a0wyci\u0119ta z tektury.<\/span><\/p>","protected":false},"featured_media":14684,"template":"","meta":[],"product_brand":[],"product_cat":[15,16],"product_tag":[350,167,166,21,20,323,324,319,165],"class_list":{"0":"post-14683","1":"product","2":"type-product","3":"status-publish","4":"has-post-thumbnail","6":"product_cat-meble-dla-firm","7":"product_cat-meble-do-domu","8":"product_tag-brad-pitt","9":"product_tag-eko","10":"product_tag-karton","11":"product_tag-meble-z-kartonu","12":"product_tag-meble-z-tektury","13":"product_tag-postac","14":"product_tag-prezent","15":"product_tag-stand","16":"product_tag-tektura","17":"pa_meble-z-tektury-postacie-ksztalty-stojace","19":"first","20":"instock","21":"sale","22":"taxable","23":"shipping-taxable","24":"purchasable","25":"product-type-simple"},"yoast_head":"<!-- This site is optimized with the Yoast SEO plugin v26.0 - https:\/\/yoast.com\/wordpress\/plugins\/seo\/ -->\n<title>Posta\u0107 Tyler Posey | \u015bwiat-tektury.pl<\/title>\n<meta name=\"description\" content=\"Stand tekturowy z nadrukiem jednostronnym i podp\u00f3rkami.\" \/>\n<meta name=\"robots\" content=\"index, follow, max-snippet:-1, max-image-preview:large, max-video-preview:-1\" \/>\n<link rel=\"canonical\" href=\"https:\/\/swiat-tektury.pl\/en\/product\/postac-tyler-posey\/\" \/>\n<meta property=\"og:locale\" content=\"en_GB\" \/>\n<meta property=\"og:type\" content=\"article\" \/>\n<meta property=\"og:title\" content=\"Posta\u0107 Tyler Posey | \u015bwiat-tektury.pl\" \/>\n<meta property=\"og:description\" content=\"Stand tekturowy z nadrukiem jednostronnym i podp\u00f3rkami.\" \/>\n<meta property=\"og:url\" content=\"https:\/\/swiat-tektury.pl\/en\/product\/postac-tyler-posey\/\" \/>\n<meta property=\"og:site_name\" content=\"\u015bwiat-tektury.pl\" \/>\n<meta property=\"article:publisher\" content=\"https:\/\/www.facebook.com\/swiattektury\/\" \/>\n<meta property=\"article:modified_time\" content=\"2025-09-23T13:22:04+00:00\" \/>\n<meta property=\"og:image\" content=\"https:\/\/swiat-tektury.pl\/wp-content\/uploads\/2025\/09\/Postac_z_tektury-podglad-5.jpg\" \/>\n\t<meta property=\"og:image:width\" content=\"1004\" \/>\n\t<meta property=\"og:image:height\" content=\"1000\" \/>\n\t<meta property=\"og:image:type\" content=\"image\/jpeg\" \/>\n<meta name=\"twitter:card\" content=\"summary_large_image\" \/>\n<meta name=\"twitter:label1\" content=\"Estimated reading time\" \/>\n\t<meta name=\"twitter:data1\" content=\"2 minutes\" \/>\n<script type=\"application\/ld+json\" class=\"yoast-schema-graph\">{\"@context\":\"https:\/\/schema.org\",\"@graph\":[{\"@type\":\"WebPage\",\"@id\":\"https:\/\/swiat-tektury.pl\/produkt\/postac-tyler-posey\/\",\"url\":\"https:\/\/swiat-tektury.pl\/produkt\/postac-tyler-posey\/\",\"name\":\"Posta\u0107 Tyler Posey | \u015bwiat-tektury.pl\",\"isPartOf\":{\"@id\":\"http:\/\/swiat-tektury.pl\/en\/#website\"},\"primaryImageOfPage\":{\"@id\":\"https:\/\/swiat-tektury.pl\/produkt\/postac-tyler-posey\/#primaryimage\"},\"image\":{\"@id\":\"https:\/\/swiat-tektury.pl\/produkt\/postac-tyler-posey\/#primaryimage\"},\"thumbnailUrl\":\"https:\/\/swiat-tektury.pl\/wp-content\/uploads\/2025\/09\/Postac_z_tektury-podglad-5.jpg\",\"datePublished\":\"2025-09-23T13:14:29+00:00\",\"dateModified\":\"2025-09-23T13:22:04+00:00\",\"description\":\"Stand tekturowy z nadrukiem jednostronnym i podp\u00f3rkami.\",\"breadcrumb\":{\"@id\":\"https:\/\/swiat-tektury.pl\/produkt\/postac-tyler-posey\/#breadcrumb\"},\"inLanguage\":\"en-GB\",\"potentialAction\":[{\"@type\":\"ReadAction\",\"target\":[\"https:\/\/swiat-tektury.pl\/produkt\/postac-tyler-posey\/\"]}]},{\"@type\":\"ImageObject\",\"inLanguage\":\"en-GB\",\"@id\":\"https:\/\/swiat-tektury.pl\/produkt\/postac-tyler-posey\/#primaryimage\",\"url\":\"https:\/\/swiat-tektury.pl\/wp-content\/uploads\/2025\/09\/Postac_z_tektury-podglad-5.jpg\",\"contentUrl\":\"https:\/\/swiat-tektury.pl\/wp-content\/uploads\/2025\/09\/Postac_z_tektury-podglad-5.jpg\",\"width\":1004,\"height\":1000},{\"@type\":\"BreadcrumbList\",\"@id\":\"https:\/\/swiat-tektury.pl\/produkt\/postac-tyler-posey\/#breadcrumb\",\"itemListElement\":[{\"@type\":\"ListItem\",\"position\":1,\"name\":\"Strona g\u0142\u00f3wna\",\"item\":\"http:\/\/swiat-tektury.pl\/en\/\"},{\"@type\":\"ListItem\",\"position\":2,\"name\":\"Sklep\",\"item\":\"http:\/\/swiat-tektury.pl\/sklep\/\"},{\"@type\":\"ListItem\",\"position\":3,\"name\":\"Posta\u0107 Tyler Posey\"}]},{\"@type\":\"WebSite\",\"@id\":\"http:\/\/swiat-tektury.pl\/en\/#website\",\"url\":\"http:\/\/swiat-tektury.pl\/en\/\",\"name\":\"\u015bwiat-tektury.pl\",\"description\":\"Ekologiczne meble z tektury\",\"publisher\":{\"@id\":\"http:\/\/swiat-tektury.pl\/en\/#organization\"},\"potentialAction\":[{\"@type\":\"SearchAction\",\"target\":{\"@type\":\"EntryPoint\",\"urlTemplate\":\"http:\/\/swiat-tektury.pl\/en\/?s={search_term_string}\"},\"query-input\":{\"@type\":\"PropertyValueSpecification\",\"valueRequired\":true,\"valueName\":\"search_term_string\"}}],\"inLanguage\":\"en-GB\"},{\"@type\":\"Organization\",\"@id\":\"http:\/\/swiat-tektury.pl\/en\/#organization\",\"name\":\"\u015awiat tektury\",\"url\":\"http:\/\/swiat-tektury.pl\/en\/\",\"logo\":{\"@type\":\"ImageObject\",\"inLanguage\":\"en-GB\",\"@id\":\"http:\/\/swiat-tektury.pl\/en\/#\/schema\/logo\/image\/\",\"url\":\"https:\/\/swiat-tektury.pl\/wp-content\/uploads\/2019\/10\/WIAT-TEKTURY-LOGOTYP-01-e1572440309804.png\",\"contentUrl\":\"https:\/\/swiat-tektury.pl\/wp-content\/uploads\/2019\/10\/WIAT-TEKTURY-LOGOTYP-01-e1572440309804.png\",\"width\":1098,\"height\":1098,\"caption\":\"\u015awiat tektury\"},\"image\":{\"@id\":\"http:\/\/swiat-tektury.pl\/en\/#\/schema\/logo\/image\/\"},\"sameAs\":[\"https:\/\/www.facebook.com\/swiattektury\/\",\"https:\/\/www.instagram.com\/swiat_tektury\/\"]}]}<\/script>\n<!-- \/ Yoast SEO plugin. -->","yoast_head_json":{"title":"Posta\u0107 Tyler Posey | \u015bwiat-tektury.pl","description":"Stand tekturowy z nadrukiem jednostronnym i podp\u00f3rkami.","robots":{"index":"index","follow":"follow","max-snippet":"max-snippet:-1","max-image-preview":"max-image-preview:large","max-video-preview":"max-video-preview:-1"},"canonical":"https:\/\/swiat-tektury.pl\/en\/product\/postac-tyler-posey\/","og_locale":"en_GB","og_type":"article","og_title":"Posta\u0107 Tyler Posey | \u015bwiat-tektury.pl","og_description":"Stand tekturowy z nadrukiem jednostronnym i podp\u00f3rkami.","og_url":"https:\/\/swiat-tektury.pl\/en\/product\/postac-tyler-posey\/","og_site_name":"\u015bwiat-tektury.pl","article_publisher":"https:\/\/www.facebook.com\/swiattektury\/","article_modified_time":"2025-09-23T13:22:04+00:00","og_image":[{"width":1004,"height":1000,"url":"https:\/\/swiat-tektury.pl\/wp-content\/uploads\/2025\/09\/Postac_z_tektury-podglad-5.jpg","type":"image\/jpeg"}],"twitter_card":"summary_large_image","twitter_misc":{"Estimated reading time":"2 minutes"},"schema":{"@context":"https:\/\/schema.org","@graph":[{"@type":"WebPage","@id":"https:\/\/swiat-tektury.pl\/produkt\/postac-tyler-posey\/","url":"https:\/\/swiat-tektury.pl\/produkt\/postac-tyler-posey\/","name":"Posta\u0107 Tyler Posey | \u015bwiat-tektury.pl","isPartOf":{"@id":"http:\/\/swiat-tektury.pl\/en\/#website"},"primaryImageOfPage":{"@id":"https:\/\/swiat-tektury.pl\/produkt\/postac-tyler-posey\/#primaryimage"},"image":{"@id":"https:\/\/swiat-tektury.pl\/produkt\/postac-tyler-posey\/#primaryimage"},"thumbnailUrl":"https:\/\/swiat-tektury.pl\/wp-content\/uploads\/2025\/09\/Postac_z_tektury-podglad-5.jpg","datePublished":"2025-09-23T13:14:29+00:00","dateModified":"2025-09-23T13:22:04+00:00","description":"Stand tekturowy z nadrukiem jednostronnym i podp\u00f3rkami.","breadcrumb":{"@id":"https:\/\/swiat-tektury.pl\/produkt\/postac-tyler-posey\/#breadcrumb"},"inLanguage":"en-GB","potentialAction":[{"@type":"ReadAction","target":["https:\/\/swiat-tektury.pl\/produkt\/postac-tyler-posey\/"]}]},{"@type":"ImageObject","inLanguage":"en-GB","@id":"https:\/\/swiat-tektury.pl\/produkt\/postac-tyler-posey\/#primaryimage","url":"https:\/\/swiat-tektury.pl\/wp-content\/uploads\/2025\/09\/Postac_z_tektury-podglad-5.jpg","contentUrl":"https:\/\/swiat-tektury.pl\/wp-content\/uploads\/2025\/09\/Postac_z_tektury-podglad-5.jpg","width":1004,"height":1000},{"@type":"BreadcrumbList","@id":"https:\/\/swiat-tektury.pl\/produkt\/postac-tyler-posey\/#breadcrumb","itemListElement":[{"@type":"ListItem","position":1,"name":"Strona g\u0142\u00f3wna","item":"http:\/\/swiat-tektury.pl\/en\/"},{"@type":"ListItem","position":2,"name":"Sklep","item":"http:\/\/swiat-tektury.pl\/sklep\/"},{"@type":"ListItem","position":3,"name":"Posta\u0107 Tyler Posey"}]},{"@type":"WebSite","@id":"http:\/\/swiat-tektury.pl\/en\/#website","url":"http:\/\/swiat-tektury.pl\/en\/","name":"\u015bwiat-tektury.pl","description":"Ekologiczne meble z tektury","publisher":{"@id":"http:\/\/swiat-tektury.pl\/en\/#organization"},"potentialAction":[{"@type":"SearchAction","target":{"@type":"EntryPoint","urlTemplate":"http:\/\/swiat-tektury.pl\/en\/?s={search_term_string}"},"query-input":{"@type":"PropertyValueSpecification","valueRequired":true,"valueName":"search_term_string"}}],"inLanguage":"en-GB"},{"@type":"Organization","@id":"http:\/\/swiat-tektury.pl\/en\/#organization","name":"\u015awiat tektury","url":"http:\/\/swiat-tektury.pl\/en\/","logo":{"@type":"ImageObject","inLanguage":"en-GB","@id":"http:\/\/swiat-tektury.pl\/en\/#\/schema\/logo\/image\/","url":"https:\/\/swiat-tektury.pl\/wp-content\/uploads\/2019\/10\/WIAT-TEKTURY-LOGOTYP-01-e1572440309804.png","contentUrl":"https:\/\/swiat-tektury.pl\/wp-content\/uploads\/2019\/10\/WIAT-TEKTURY-LOGOTYP-01-e1572440309804.png","width":1098,"height":1098,"caption":"\u015awiat tektury"},"image":{"@id":"http:\/\/swiat-tektury.pl\/en\/#\/schema\/logo\/image\/"},"sameAs":["https:\/\/www.facebook.com\/swiattektury\/","https:\/\/www.instagram.com\/swiat_tektury\/"]}]}},"_links":{"self":[{"href":"https:\/\/swiat-tektury.pl\/en\/wp-json\/wp\/v2\/product\/14683","targetHints":{"allow":["GET"]}}],"collection":[{"href":"https:\/\/swiat-tektury.pl\/en\/wp-json\/wp\/v2\/product"}],"about":[{"href":"https:\/\/swiat-tektury.pl\/en\/wp-json\/wp\/v2\/types\/product"}],"wp:featuredmedia":[{"embeddable":true,"href":"https:\/\/swiat-tektury.pl\/en\/wp-json\/wp\/v2\/media\/14684"}],"wp:attachment":[{"href":"https:\/\/swiat-tektury.pl\/en\/wp-json\/wp\/v2\/media?parent=14683"}],"wp:term":[{"taxonomy":"product_brand","embeddable":true,"href":"https:\/\/swiat-tektury.pl\/en\/wp-json\/wp\/v2\/product_brand?post=14683"},{"taxonomy":"product_cat","embeddable":true,"href":"https:\/\/swiat-tektury.pl\/en\/wp-json\/wp\/v2\/product_cat?post=14683"},{"taxonomy":"product_tag","embeddable":true,"href":"https:\/\/swiat-tektury.pl\/en\/wp-json\/wp\/v2\/product_tag?post=14683"}],"curies":[{"name":"wp","href":"https:\/\/api.w.org\/{rel}","templated":true}]}}