{"id":15305,"date":"2026-03-09T10:06:24","date_gmt":"2026-03-09T09:06:24","guid":{"rendered":"https:\/\/swiat-tektury.pl\/?post_type=product&#038;p=15305"},"modified":"2026-03-11T11:20:49","modified_gmt":"2026-03-11T10:20:49","slug":"drzewo-v3-4","status":"publish","type":"product","link":"https:\/\/swiat-tektury.pl\/en\/product\/drzewo-v3-4\/","title":{"rendered":"Drzewo V3-4"},"content":{"rendered":"<div class=\"_1voj4 _z9prt _1xzdi _ai5yc _5d6n2 _15lj1\">\n<div class=\"_2d49e_5pK0q\">\n<div class=\"_1voj4 _z9prt _1xzdi _ai5yc _5d6n2 _15lj1\">\n<div class=\"_2d49e_5pK0q\">\n<h1>Drzewo wykonane z tektury<\/h1>\n<\/div>\n<\/div>\n<\/div>\n<\/div>\n<div class=\"_1voj4 _z9prt _1xzdi _ai5yc _5d6n2 _15lj1\">\n<div class=\"_2d49e_5pK0q\">\n<h2>Dodatkowe informacje:<\/h2>\n<\/div>\n<\/div>\n<ul>\n<li>rozmiar drzewka<br \/>\n&#8211; 180 cm &#8211; (123 x 123 x 180[cm])<br \/>\n&#8211; 240 cm &#8211; (152 x 152 x 240[cm])<\/li>\n<li>materia\u0142: tektura falista 7-warstwowa<\/li>\n<li>grubo\u015b\u0107 tektury: ok. 13 mm<\/li>\n<li>gramatura tektury: ok. 1900 g\/m2<\/li>\n<\/ul>\n\n<div id=\"rev_slider_11_1_wrapper\" class=\"rev_slider_wrapper fullwidthbanner-container\" data-source=\"gallery\" style=\"margin:0px auto;background:transparent;padding:0px;margin-top:0px;margin-bottom:0px;\">\n<!-- START REVOLUTION SLIDER 5.4.8.1 fullwidth mode -->\n\t<div id=\"rev_slider_11_1\" class=\"rev_slider fullwidthabanner\" style=\"display:none;\" data-version=\"5.4.8.1\">\n<ul>\t<!-- SLIDE  -->\n\t<li data-index=\"rs-25\" data-transition=\"fade\" data-slotamount=\"default\" data-hideafterloop=\"0\" data-hideslideonmobile=\"off\"  data-easein=\"default\" data-easeout=\"default\" data-masterspeed=\"300\"  data-rotate=\"0\"  data-saveperformance=\"off\"  data-title=\"Tektura - zawarto\u015b\u0107\" data-param1=\"\" data-param2=\"\" data-param3=\"\" data-param4=\"\" data-param5=\"\" data-param6=\"\" data-param7=\"\" data-param8=\"\" data-param9=\"\" data-param10=\"\" data-description=\"\">\n\t\t<!-- MAIN IMAGE -->\n\t\t<img fetchpriority=\"high\" decoding=\"async\" src=\"https:\/\/swiat-tektury.pl\/wp-content\/uploads\/2024\/09\/Meble-z-tektury-sklad.jpg\"  alt=\"\" title=\"Meble z tektury &#8211; sk\u0142ad\"  width=\"1920\" height=\"1440\" data-bgposition=\"center center\" data-bgfit=\"contain\" data-bgrepeat=\"no-repeat\" class=\"rev-slidebg\" data-no-retina>\n\t\t<!-- LAYERS -->\n\t<\/li>\n<\/ul>\n<div class=\"tp-bannertimer tp-bottom\" style=\"visibility: hidden !important;\"><\/div>\t<\/div>\n<script>var htmlDiv = document.getElementById(\"rs-plugin-settings-inline-css\"); var htmlDivCss=\"\";\n\t\t\t\tif(htmlDiv) {\n\t\t\t\t\thtmlDiv.innerHTML = htmlDiv.innerHTML + htmlDivCss;\n\t\t\t\t}else{\n\t\t\t\t\tvar htmlDiv = document.createElement(\"div\");\n\t\t\t\t\thtmlDiv.innerHTML = \"<style>\" + htmlDivCss + \"<\/style>\";\n\t\t\t\t\tdocument.getElementsByTagName(\"head\")[0].appendChild(htmlDiv.childNodes[0]);\n\t\t\t\t}\n\t\t\t<\/script>\n\t\t<script type=\"text\/javascript\">\nif (setREVStartSize!==undefined) setREVStartSize(\n\t{c: '#rev_slider_11_1', gridwidth: [1240], gridheight: [868], sliderLayout: 'auto'});\n\t\t\t\nvar revapi11,\n\ttpj;\t\n(function() {\t\t\t\n\tif (!\/loaded|interactive|complete\/.test(document.readyState)) document.addEventListener(\"DOMContentLoaded\",onLoad); else onLoad();\t\n\tfunction onLoad() {\t\t\t\t\n\t\tif (tpj===undefined) { tpj = jQuery; if(\"off\" == \"on\") tpj.noConflict();}\n\tif(tpj(\"#rev_slider_11_1\").revolution == undefined){\n\t\trevslider_showDoubleJqueryError(\"#rev_slider_11_1\");\n\t}else{\n\t\trevapi11 = tpj(\"#rev_slider_11_1\").show().revolution({\n\t\t\tsliderType:\"hero\",\n\t\t\tjsFileLocation:\"\/\/swiat-tektury.pl\/wp-content\/plugins\/revslider\/public\/assets\/js\/\",\n\t\t\tsliderLayout:\"auto\",\n\t\t\tdottedOverlay:\"none\",\n\t\t\tdelay:9000,\n\t\t\tvisibilityLevels:[1240,1024,778,480],\n\t\t\tgridwidth:1240,\n\t\t\tgridheight:868,\n\t\t\tlazyType:\"none\",\n\t\t\tshadow:0,\n\t\t\tspinner:\"spinner0\",\n\t\t\tautoHeight:\"on\",\n\t\t\tdisableProgressBar:\"on\",\n\t\t\thideThumbsOnMobile:\"off\",\n\t\t\thideSliderAtLimit:0,\n\t\t\thideCaptionAtLimit:0,\n\t\t\thideAllCaptionAtLilmit:0,\n\t\t\tdebugMode:false,\n\t\t\tfallbacks: {\n\t\t\t\tsimplifyAll:\"off\",\n\t\t\t\tdisableFocusListener:false,\n\t\t\t}\n\t\t});\n\t}; \/* END OF revapi call *\/\n\t\n }; \/* END OF ON LOAD FUNCTION *\/\n}()); \/* END OF WRAPPING FUNCTION *\/\n<\/script>\n\t\t<\/div><!-- END REVOLUTION SLIDER -->\n<div id=\"gtx-trans\" style=\"position: absolute; left: 48px; top: 137.594px;\">\n<div class=\"gtx-trans-icon\"><\/div>\n<\/div>","protected":false},"excerpt":{"rendered":"<p>Drzewo wykonane z tektury, dost\u0119pne w r\u00f3\u017cnych wymiarach \u2013 dopasowane do charakteru wydarzenia oraz dost\u0119pnej przestrzeni.<\/p>","protected":false},"featured_media":15308,"template":"","meta":[],"product_brand":[],"product_cat":[15],"product_tag":[337,167,166,21,20,323,324,319,165],"class_list":{"0":"post-15305","1":"product","2":"type-product","3":"status-publish","4":"has-post-thumbnail","6":"product_cat-meble-dla-firm","7":"product_tag-drzewo","8":"product_tag-eko","9":"product_tag-karton","10":"product_tag-meble-z-kartonu","11":"product_tag-meble-z-tektury","12":"product_tag-postac","13":"product_tag-prezent","14":"product_tag-stand","15":"product_tag-tektura","16":"pa_meble-z-tektury-drzewa","18":"first","19":"instock","20":"taxable","21":"shipping-taxable","22":"purchasable","23":"product-type-variable","24":"has-default-attributes"},"yoast_head":"<!-- This site is optimized with the Yoast SEO plugin v26.0 - https:\/\/yoast.com\/wordpress\/plugins\/seo\/ -->\n<title>Drzewo V3-4 | \u015bwiat-tektury.pl<\/title>\n<meta name=\"description\" content=\"Drzewo wykonane z tektury, dost\u0119pne w r\u00f3\u017cnych wymiarach \u2013 dopasowane do charakteru wydarzenia oraz dost\u0119pnej przestrzeni.\" \/>\n<meta name=\"robots\" content=\"index, follow, max-snippet:-1, max-image-preview:large, max-video-preview:-1\" \/>\n<link rel=\"canonical\" href=\"https:\/\/swiat-tektury.pl\/en\/product\/drzewo-v3-4\/\" \/>\n<meta property=\"og:locale\" content=\"en_GB\" \/>\n<meta property=\"og:type\" content=\"article\" \/>\n<meta property=\"og:title\" content=\"Drzewo V3-4 | \u015bwiat-tektury.pl\" \/>\n<meta property=\"og:description\" content=\"Drzewo wykonane z tektury, dost\u0119pne w r\u00f3\u017cnych wymiarach \u2013 dopasowane do charakteru wydarzenia oraz dost\u0119pnej przestrzeni.\" \/>\n<meta property=\"og:url\" content=\"https:\/\/swiat-tektury.pl\/en\/product\/drzewo-v3-4\/\" \/>\n<meta property=\"og:site_name\" content=\"\u015bwiat-tektury.pl\" \/>\n<meta property=\"article:publisher\" content=\"https:\/\/www.facebook.com\/swiattektury\/\" \/>\n<meta property=\"article:modified_time\" content=\"2026-03-11T10:20:49+00:00\" \/>\n<meta property=\"og:image\" content=\"http:\/\/swiat-tektury.pl\/wp-content\/uploads\/2026\/03\/Drzewo_180_V3-4_z_tektury_eko_1.jpg\" \/>\n\t<meta property=\"og:image:width\" content=\"1920\" \/>\n\t<meta property=\"og:image:height\" content=\"1920\" \/>\n\t<meta property=\"og:image:type\" content=\"image\/jpeg\" \/>\n<meta name=\"twitter:card\" content=\"summary_large_image\" \/>\n<meta name=\"twitter:label1\" content=\"Estimated reading time\" \/>\n\t<meta name=\"twitter:data1\" content=\"1 minute\" \/>\n<script type=\"application\/ld+json\" class=\"yoast-schema-graph\">{\"@context\":\"https:\/\/schema.org\",\"@graph\":[{\"@type\":\"WebPage\",\"@id\":\"https:\/\/swiat-tektury.pl\/produkt\/drzewo-v3-4\/\",\"url\":\"https:\/\/swiat-tektury.pl\/produkt\/drzewo-v3-4\/\",\"name\":\"Drzewo V3-4 | \u015bwiat-tektury.pl\",\"isPartOf\":{\"@id\":\"http:\/\/swiat-tektury.pl\/en\/#website\"},\"primaryImageOfPage\":{\"@id\":\"https:\/\/swiat-tektury.pl\/produkt\/drzewo-v3-4\/#primaryimage\"},\"image\":{\"@id\":\"https:\/\/swiat-tektury.pl\/produkt\/drzewo-v3-4\/#primaryimage\"},\"thumbnailUrl\":\"https:\/\/swiat-tektury.pl\/wp-content\/uploads\/2026\/03\/Drzewo_180_V3-4_z_tektury_eko_1.jpg\",\"datePublished\":\"2026-03-09T09:06:24+00:00\",\"dateModified\":\"2026-03-11T10:20:49+00:00\",\"description\":\"Drzewo wykonane z tektury, dost\u0119pne w r\u00f3\u017cnych wymiarach \u2013 dopasowane do charakteru wydarzenia oraz dost\u0119pnej przestrzeni.\",\"breadcrumb\":{\"@id\":\"https:\/\/swiat-tektury.pl\/produkt\/drzewo-v3-4\/#breadcrumb\"},\"inLanguage\":\"en-GB\",\"potentialAction\":[{\"@type\":\"ReadAction\",\"target\":[\"https:\/\/swiat-tektury.pl\/produkt\/drzewo-v3-4\/\"]}]},{\"@type\":\"ImageObject\",\"inLanguage\":\"en-GB\",\"@id\":\"https:\/\/swiat-tektury.pl\/produkt\/drzewo-v3-4\/#primaryimage\",\"url\":\"https:\/\/swiat-tektury.pl\/wp-content\/uploads\/2026\/03\/Drzewo_180_V3-4_z_tektury_eko_1.jpg\",\"contentUrl\":\"https:\/\/swiat-tektury.pl\/wp-content\/uploads\/2026\/03\/Drzewo_180_V3-4_z_tektury_eko_1.jpg\",\"width\":1920,\"height\":1920},{\"@type\":\"BreadcrumbList\",\"@id\":\"https:\/\/swiat-tektury.pl\/produkt\/drzewo-v3-4\/#breadcrumb\",\"itemListElement\":[{\"@type\":\"ListItem\",\"position\":1,\"name\":\"Strona g\u0142\u00f3wna\",\"item\":\"http:\/\/swiat-tektury.pl\/en\/\"},{\"@type\":\"ListItem\",\"position\":2,\"name\":\"Sklep\",\"item\":\"http:\/\/swiat-tektury.pl\/sklep\/\"},{\"@type\":\"ListItem\",\"position\":3,\"name\":\"Drzewo V3-4\"}]},{\"@type\":\"WebSite\",\"@id\":\"http:\/\/swiat-tektury.pl\/en\/#website\",\"url\":\"http:\/\/swiat-tektury.pl\/en\/\",\"name\":\"\u015bwiat-tektury.pl\",\"description\":\"Ekologiczne meble z tektury\",\"publisher\":{\"@id\":\"http:\/\/swiat-tektury.pl\/en\/#organization\"},\"potentialAction\":[{\"@type\":\"SearchAction\",\"target\":{\"@type\":\"EntryPoint\",\"urlTemplate\":\"http:\/\/swiat-tektury.pl\/en\/?s={search_term_string}\"},\"query-input\":{\"@type\":\"PropertyValueSpecification\",\"valueRequired\":true,\"valueName\":\"search_term_string\"}}],\"inLanguage\":\"en-GB\"},{\"@type\":\"Organization\",\"@id\":\"http:\/\/swiat-tektury.pl\/en\/#organization\",\"name\":\"\u015awiat tektury\",\"url\":\"http:\/\/swiat-tektury.pl\/en\/\",\"logo\":{\"@type\":\"ImageObject\",\"inLanguage\":\"en-GB\",\"@id\":\"http:\/\/swiat-tektury.pl\/en\/#\/schema\/logo\/image\/\",\"url\":\"https:\/\/swiat-tektury.pl\/wp-content\/uploads\/2019\/10\/WIAT-TEKTURY-LOGOTYP-01-e1572440309804.png\",\"contentUrl\":\"https:\/\/swiat-tektury.pl\/wp-content\/uploads\/2019\/10\/WIAT-TEKTURY-LOGOTYP-01-e1572440309804.png\",\"width\":1098,\"height\":1098,\"caption\":\"\u015awiat tektury\"},\"image\":{\"@id\":\"http:\/\/swiat-tektury.pl\/en\/#\/schema\/logo\/image\/\"},\"sameAs\":[\"https:\/\/www.facebook.com\/swiattektury\/\",\"https:\/\/www.instagram.com\/swiat_tektury\/\"]}]}<\/script>\n<!-- \/ Yoast SEO plugin. -->","yoast_head_json":{"title":"Drzewo V3-4 | \u015bwiat-tektury.pl","description":"Drzewo wykonane z tektury, dost\u0119pne w r\u00f3\u017cnych wymiarach \u2013 dopasowane do charakteru wydarzenia oraz dost\u0119pnej przestrzeni.","robots":{"index":"index","follow":"follow","max-snippet":"max-snippet:-1","max-image-preview":"max-image-preview:large","max-video-preview":"max-video-preview:-1"},"canonical":"https:\/\/swiat-tektury.pl\/en\/product\/drzewo-v3-4\/","og_locale":"en_GB","og_type":"article","og_title":"Drzewo V3-4 | \u015bwiat-tektury.pl","og_description":"Drzewo wykonane z tektury, dost\u0119pne w r\u00f3\u017cnych wymiarach \u2013 dopasowane do charakteru wydarzenia oraz dost\u0119pnej przestrzeni.","og_url":"https:\/\/swiat-tektury.pl\/en\/product\/drzewo-v3-4\/","og_site_name":"\u015bwiat-tektury.pl","article_publisher":"https:\/\/www.facebook.com\/swiattektury\/","article_modified_time":"2026-03-11T10:20:49+00:00","og_image":[{"width":1920,"height":1920,"url":"http:\/\/swiat-tektury.pl\/wp-content\/uploads\/2026\/03\/Drzewo_180_V3-4_z_tektury_eko_1.jpg","type":"image\/jpeg"}],"twitter_card":"summary_large_image","twitter_misc":{"Estimated reading time":"1 minute"},"schema":{"@context":"https:\/\/schema.org","@graph":[{"@type":"WebPage","@id":"https:\/\/swiat-tektury.pl\/produkt\/drzewo-v3-4\/","url":"https:\/\/swiat-tektury.pl\/produkt\/drzewo-v3-4\/","name":"Drzewo V3-4 | \u015bwiat-tektury.pl","isPartOf":{"@id":"http:\/\/swiat-tektury.pl\/en\/#website"},"primaryImageOfPage":{"@id":"https:\/\/swiat-tektury.pl\/produkt\/drzewo-v3-4\/#primaryimage"},"image":{"@id":"https:\/\/swiat-tektury.pl\/produkt\/drzewo-v3-4\/#primaryimage"},"thumbnailUrl":"https:\/\/swiat-tektury.pl\/wp-content\/uploads\/2026\/03\/Drzewo_180_V3-4_z_tektury_eko_1.jpg","datePublished":"2026-03-09T09:06:24+00:00","dateModified":"2026-03-11T10:20:49+00:00","description":"Drzewo wykonane z tektury, dost\u0119pne w r\u00f3\u017cnych wymiarach \u2013 dopasowane do charakteru wydarzenia oraz dost\u0119pnej przestrzeni.","breadcrumb":{"@id":"https:\/\/swiat-tektury.pl\/produkt\/drzewo-v3-4\/#breadcrumb"},"inLanguage":"en-GB","potentialAction":[{"@type":"ReadAction","target":["https:\/\/swiat-tektury.pl\/produkt\/drzewo-v3-4\/"]}]},{"@type":"ImageObject","inLanguage":"en-GB","@id":"https:\/\/swiat-tektury.pl\/produkt\/drzewo-v3-4\/#primaryimage","url":"https:\/\/swiat-tektury.pl\/wp-content\/uploads\/2026\/03\/Drzewo_180_V3-4_z_tektury_eko_1.jpg","contentUrl":"https:\/\/swiat-tektury.pl\/wp-content\/uploads\/2026\/03\/Drzewo_180_V3-4_z_tektury_eko_1.jpg","width":1920,"height":1920},{"@type":"BreadcrumbList","@id":"https:\/\/swiat-tektury.pl\/produkt\/drzewo-v3-4\/#breadcrumb","itemListElement":[{"@type":"ListItem","position":1,"name":"Strona g\u0142\u00f3wna","item":"http:\/\/swiat-tektury.pl\/en\/"},{"@type":"ListItem","position":2,"name":"Sklep","item":"http:\/\/swiat-tektury.pl\/sklep\/"},{"@type":"ListItem","position":3,"name":"Drzewo V3-4"}]},{"@type":"WebSite","@id":"http:\/\/swiat-tektury.pl\/en\/#website","url":"http:\/\/swiat-tektury.pl\/en\/","name":"\u015bwiat-tektury.pl","description":"Ekologiczne meble z tektury","publisher":{"@id":"http:\/\/swiat-tektury.pl\/en\/#organization"},"potentialAction":[{"@type":"SearchAction","target":{"@type":"EntryPoint","urlTemplate":"http:\/\/swiat-tektury.pl\/en\/?s={search_term_string}"},"query-input":{"@type":"PropertyValueSpecification","valueRequired":true,"valueName":"search_term_string"}}],"inLanguage":"en-GB"},{"@type":"Organization","@id":"http:\/\/swiat-tektury.pl\/en\/#organization","name":"\u015awiat tektury","url":"http:\/\/swiat-tektury.pl\/en\/","logo":{"@type":"ImageObject","inLanguage":"en-GB","@id":"http:\/\/swiat-tektury.pl\/en\/#\/schema\/logo\/image\/","url":"https:\/\/swiat-tektury.pl\/wp-content\/uploads\/2019\/10\/WIAT-TEKTURY-LOGOTYP-01-e1572440309804.png","contentUrl":"https:\/\/swiat-tektury.pl\/wp-content\/uploads\/2019\/10\/WIAT-TEKTURY-LOGOTYP-01-e1572440309804.png","width":1098,"height":1098,"caption":"\u015awiat tektury"},"image":{"@id":"http:\/\/swiat-tektury.pl\/en\/#\/schema\/logo\/image\/"},"sameAs":["https:\/\/www.facebook.com\/swiattektury\/","https:\/\/www.instagram.com\/swiat_tektury\/"]}]}},"_links":{"self":[{"href":"https:\/\/swiat-tektury.pl\/en\/wp-json\/wp\/v2\/product\/15305","targetHints":{"allow":["GET"]}}],"collection":[{"href":"https:\/\/swiat-tektury.pl\/en\/wp-json\/wp\/v2\/product"}],"about":[{"href":"https:\/\/swiat-tektury.pl\/en\/wp-json\/wp\/v2\/types\/product"}],"wp:featuredmedia":[{"embeddable":true,"href":"https:\/\/swiat-tektury.pl\/en\/wp-json\/wp\/v2\/media\/15308"}],"wp:attachment":[{"href":"https:\/\/swiat-tektury.pl\/en\/wp-json\/wp\/v2\/media?parent=15305"}],"wp:term":[{"taxonomy":"product_brand","embeddable":true,"href":"https:\/\/swiat-tektury.pl\/en\/wp-json\/wp\/v2\/product_brand?post=15305"},{"taxonomy":"product_cat","embeddable":true,"href":"https:\/\/swiat-tektury.pl\/en\/wp-json\/wp\/v2\/product_cat?post=15305"},{"taxonomy":"product_tag","embeddable":true,"href":"https:\/\/swiat-tektury.pl\/en\/wp-json\/wp\/v2\/product_tag?post=15305"}],"curies":[{"name":"wp","href":"https:\/\/api.w.org\/{rel}","templated":true}]}}