{"id":8207,"date":"2019-02-28T14:01:05","date_gmt":"2019-02-28T13:01:05","guid":{"rendered":"https:\/\/swiat-tektury.pl\/?post_type=product&#038;p=8207"},"modified":"2026-03-05T11:23:04","modified_gmt":"2026-03-05T10:23:04","slug":"stolik-dla-dzieci","status":"publish","type":"product","link":"https:\/\/swiat-tektury.pl\/en\/product\/stolik-dla-dzieci\/","title":{"rendered":"Children's table"},"content":{"rendered":"<p><strong>Tektura<\/strong> to od lat niedoceniany surowiec. Pozwala na konstruowanie niebanalnych i w pe\u0142ni funkcjonalnych <strong>kartonowych mebli<\/strong>.<\/p>\n<p><strong>Meble z tektury<\/strong> mog\u0105 pom\u00f3c w rozwoju kreatywno\u015bci u dzieci. Mo\u017cna po nich malowa\u0107, przykleja\u0107 ozdoby i dekorowa\u0107 na r\u00f3\u017cne sposoby.<\/p>\n<p>Nasze produkty buduj\u0105 wi\u0119ksz\u0105 \u015bwiadomo\u015b\u0107 w temacie ekologii i podej\u015bcia <strong>zero waste<\/strong> nawet u najm\u0142odszych dzieci.<\/p>\n<p><strong>Dzi\u0119ki niskiej wadze nasze produkty s\u0105 niezwykle bezpieczne dla najm\u0142odszych.<\/strong><\/p>\n<p>Stolik dla najm\u0142odszych,&nbsp;<strong>\u0142atwy do z\u0142o\u017cenia, bardzo wytrzyma\u0142y<\/strong>.<br \/>\n<strong>Idealny do nauki i zabawy<\/strong>.<\/p>\n<p>Mo\u017cliwo\u015b\u0107 zam\u00f3wienia stolika z blatem do gier planszowych.<\/p>\n<p>Niska waga,&nbsp;<strong>brak ostrych naro\u017cnik\u00f3w<\/strong>&nbsp;i specyfika materia\u0142u powoduj\u0105, \u017ce jest to&nbsp;najbezpieczniejszy na \u015bwiecie&nbsp;<strong>stolik dla dzieci!<\/strong><\/p>\n<p><strong>Stolik<\/strong> zosta\u0142 wykonany&nbsp;zgodnie z norm\u0105 rozmiar\u00f3w <strong>mebli dla dzieci<\/strong>: PN-EN 1729-1:2007<\/p>\n<table style=\"border-collapse: collapse; width: 100%; height: 103px;\" border=\"0\" cellspacing=\"0\" cellpadding=\"0\">\n<tbody>\n<tr style=\"height: 14.5pt;\">\n<td class=\"xl63\" style=\"height: 14.5pt; width: 48pt; text-align: center;\" width=\"64\" height=\"19\"><strong>Wymiary [szer. x g\u0142. x wys.]<\/strong><\/td>\n<td class=\"xl63\" style=\"width: 48pt; text-align: center;\" width=\"64\"><strong>Weight<\/strong><\/td>\n<td class=\"xl63\" style=\"width: 48pt; text-align: center;\" width=\"64\"><strong>Materia\u0142<\/strong><\/td>\n<\/tr>\n<tr style=\"height: 14.5pt;\">\n<td style=\"height: 14.5pt; text-align: center;\" height=\"19\">65 x 65 x 46 cm (3-5 lat)<\/p>\n<p>65 x 65 x 59 cm (6 lat +)<\/td>\n<td style=\"text-align: center;\">ok. 1,4 kg<\/p>\n<p>ok. 1,7 kg<\/td>\n<td>Tektura falista 5-warstwowa 1090 g. \/ m2<\/td>\n<\/tr>\n<\/tbody>\n<\/table>\n<p>Do z\u0142o\u017cenia naszych <strong>mebli<\/strong> nie potrzebne s\u0105 \u017cadne narz\u0119dzia. Do ka\u017cdego zestawu do\u0142\u0105czona jest instrukcja monta\u017cu, a ca\u0142y process trwa zaledwie kilka minut. Klikaj\u0105c w poni\u017cszy link mo\u017cesz zobaczy\u0107, jak sk\u0142adany jest ten <strong>mebel<\/strong>.<\/p>\n<p style=\"text-align: center;\"><a class=\"fasc-button fasc-size-xlarge fasc-type-flat fasc-rounded-medium fasc-ico-before dashicons-admin-tools fasc-style-bold\" style=\"background-color: #000000; color: #ffffff;\" href=\"https:\/\/swiat-tektury.pl\/wp-content\/uploads\/2022\/12\/Instrukcja-Stolik-dzieciecy-z-tektury-2.pdf\">Instrukcja monta\u017cu<\/a><\/p>\n\n<div id=\"rev_slider_11_1_wrapper\" class=\"rev_slider_wrapper fullwidthbanner-container\" data-source=\"gallery\" style=\"margin:0px auto;background:transparent;padding:0px;margin-top:0px;margin-bottom:0px;\">\n<!-- START REVOLUTION SLIDER 5.4.8.1 fullwidth mode -->\n\t<div id=\"rev_slider_11_1\" class=\"rev_slider fullwidthabanner\" style=\"display:none;\" data-version=\"5.4.8.1\">\n<ul>\t<!-- SLIDE  -->\n\t<li data-index=\"rs-25\" data-transition=\"fade\" data-slotamount=\"default\" data-hideafterloop=\"0\" data-hideslideonmobile=\"off\"  data-easein=\"default\" data-easeout=\"default\" data-masterspeed=\"300\"  data-rotate=\"0\"  data-saveperformance=\"off\"  data-title=\"Tektura - zawarto\u015b\u0107\" data-param1=\"\" data-param2=\"\" data-param3=\"\" data-param4=\"\" data-param5=\"\" data-param6=\"\" data-param7=\"\" data-param8=\"\" data-param9=\"\" data-param10=\"\" data-description=\"\">\n\t\t<!-- MAIN IMAGE -->\n\t\t<img fetchpriority=\"high\" decoding=\"async\" src=\"https:\/\/swiat-tektury.pl\/wp-content\/uploads\/2024\/09\/Meble-z-tektury-sklad.jpg\"  alt=\"\" title=\"Meble z tektury &#8211; sk\u0142ad\"  width=\"1920\" height=\"1440\" data-bgposition=\"center center\" data-bgfit=\"contain\" data-bgrepeat=\"no-repeat\" class=\"rev-slidebg\" data-no-retina>\n\t\t<!-- LAYERS -->\n\t<\/li>\n<\/ul>\n<div class=\"tp-bannertimer tp-bottom\" style=\"visibility: hidden !important;\"><\/div>\t<\/div>\n<script>var htmlDiv = document.getElementById(\"rs-plugin-settings-inline-css\"); var htmlDivCss=\"\";\n\t\t\t\tif(htmlDiv) {\n\t\t\t\t\thtmlDiv.innerHTML = htmlDiv.innerHTML + htmlDivCss;\n\t\t\t\t}else{\n\t\t\t\t\tvar htmlDiv = document.createElement(\"div\");\n\t\t\t\t\thtmlDiv.innerHTML = \"<style>\" + htmlDivCss + \"<\/style>\";\n\t\t\t\t\tdocument.getElementsByTagName(\"head\")[0].appendChild(htmlDiv.childNodes[0]);\n\t\t\t\t}\n\t\t\t<\/script>\n\t\t<script type=\"text\/javascript\">\nif (setREVStartSize!==undefined) setREVStartSize(\n\t{c: '#rev_slider_11_1', gridwidth: [1240], gridheight: [868], sliderLayout: 'auto'});\n\t\t\t\nvar revapi11,\n\ttpj;\t\n(function() {\t\t\t\n\tif (!\/loaded|interactive|complete\/.test(document.readyState)) document.addEventListener(\"DOMContentLoaded\",onLoad); else onLoad();\t\n\tfunction onLoad() {\t\t\t\t\n\t\tif (tpj===undefined) { tpj = jQuery; if(\"off\" == \"on\") tpj.noConflict();}\n\tif(tpj(\"#rev_slider_11_1\").revolution == undefined){\n\t\trevslider_showDoubleJqueryError(\"#rev_slider_11_1\");\n\t}else{\n\t\trevapi11 = tpj(\"#rev_slider_11_1\").show().revolution({\n\t\t\tsliderType:\"hero\",\n\t\t\tjsFileLocation:\"\/\/swiat-tektury.pl\/wp-content\/plugins\/revslider\/public\/assets\/js\/\",\n\t\t\tsliderLayout:\"auto\",\n\t\t\tdottedOverlay:\"none\",\n\t\t\tdelay:9000,\n\t\t\tvisibilityLevels:[1240,1024,778,480],\n\t\t\tgridwidth:1240,\n\t\t\tgridheight:868,\n\t\t\tlazyType:\"none\",\n\t\t\tshadow:0,\n\t\t\tspinner:\"spinner0\",\n\t\t\tautoHeight:\"on\",\n\t\t\tdisableProgressBar:\"on\",\n\t\t\thideThumbsOnMobile:\"off\",\n\t\t\thideSliderAtLimit:0,\n\t\t\thideCaptionAtLimit:0,\n\t\t\thideAllCaptionAtLilmit:0,\n\t\t\tdebugMode:false,\n\t\t\tfallbacks: {\n\t\t\t\tsimplifyAll:\"off\",\n\t\t\t\tdisableFocusListener:false,\n\t\t\t}\n\t\t});\n\t}; \/* END OF revapi call *\/\n\t\n }; \/* END OF ON LOAD FUNCTION *\/\n}()); \/* END OF WRAPPING FUNCTION *\/\n<\/script>\n\t\t<\/div><!-- END REVOLUTION SLIDER -->","protected":false},"excerpt":{"rendered":"<p>Ekologiczny stolik z tektury dla dzieci.<\/p>","protected":false},"featured_media":15210,"template":"","meta":[],"product_brand":[],"product_cat":[17],"product_tag":[167,208,166,288,294,287,284,21,20,299,165,285,286,192],"class_list":{"0":"post-8207","1":"product","2":"type-product","3":"status-publish","4":"has-post-thumbnail","6":"product_cat-meble-dla-dzieci","7":"product_tag-eko","8":"product_tag-ekologia","9":"product_tag-karton","10":"product_tag-kartonowe-meble","11":"product_tag-meble-dzieciece","12":"product_tag-meble-eventowe","13":"product_tag-meble-konferencyjne","14":"product_tag-meble-z-kartonu","15":"product_tag-meble-z-tektury","16":"product_tag-stolik-dzieciecy","17":"product_tag-tektura","18":"product_tag-tektura-falista","19":"product_tag-tekturowe-meble","20":"product_tag-zero-waste","21":"pa_meble-z-tektury-biurka-stoliki","22":"pa_meble-z-tektury-meble-dzieciece","24":"first","25":"instock","26":"taxable","27":"shipping-taxable","28":"purchasable","29":"product-type-variable","30":"has-default-attributes"},"yoast_head":"<!-- This site is optimized with the Yoast SEO plugin v26.0 - https:\/\/yoast.com\/wordpress\/plugins\/seo\/ -->\n<title>Stolik dla dzieci | \u015bwiat-tektury.pl<\/title>\n<meta name=\"description\" content=\"Stolik wykonany z tektury dla najm\u0142odszych,\u00a0\u0142atwy do z\u0142o\u017cenia, bardzo wytrzyma\u0142y. Idealny do nauki i zabawy. Meble z tektury mog\u0105 pom\u00f3c w rozwoju kreatywno\u015bci u dzieci. Mo\u017cna po nich malowa\u0107, przykleja\u0107 ozdoby i dekorowa\u0107 na r\u00f3\u017cne sposoby. Nasze produkty buduj\u0105 wi\u0119ksz\u0105 \u015bwiadomo\u015b\u0107 w temacie ekologii i podej\u015bcia zero waste nawet u najm\u0142odszych dzieci.\" \/>\n<meta name=\"robots\" content=\"index, follow, max-snippet:-1, max-image-preview:large, max-video-preview:-1\" \/>\n<link rel=\"canonical\" href=\"https:\/\/swiat-tektury.pl\/en\/product\/stolik-dla-dzieci\/\" \/>\n<meta property=\"og:locale\" content=\"en_GB\" \/>\n<meta property=\"og:type\" content=\"article\" \/>\n<meta property=\"og:title\" content=\"Stolik dla dzieci | \u015bwiat-tektury.pl\" \/>\n<meta property=\"og:description\" content=\"Stolik wykonany z tektury dla najm\u0142odszych,\u00a0\u0142atwy do z\u0142o\u017cenia, bardzo wytrzyma\u0142y. Idealny do nauki i zabawy. Meble z tektury mog\u0105 pom\u00f3c w rozwoju kreatywno\u015bci u dzieci. Mo\u017cna po nich malowa\u0107, przykleja\u0107 ozdoby i dekorowa\u0107 na r\u00f3\u017cne sposoby. Nasze produkty buduj\u0105 wi\u0119ksz\u0105 \u015bwiadomo\u015b\u0107 w temacie ekologii i podej\u015bcia zero waste nawet u najm\u0142odszych dzieci.\" \/>\n<meta property=\"og:url\" content=\"https:\/\/swiat-tektury.pl\/en\/product\/stolik-dla-dzieci\/\" \/>\n<meta property=\"og:site_name\" content=\"\u015bwiat-tektury.pl\" \/>\n<meta property=\"article:publisher\" content=\"https:\/\/www.facebook.com\/swiattektury\/\" \/>\n<meta property=\"article:modified_time\" content=\"2026-03-05T10:23:04+00:00\" \/>\n<meta property=\"og:image\" content=\"http:\/\/swiat-tektury.pl\/wp-content\/uploads\/2019\/02\/Stolik_dzieciecy_z_tektury_eko_1-1.jpg\" \/>\n\t<meta property=\"og:image:width\" content=\"1920\" \/>\n\t<meta property=\"og:image:height\" content=\"1920\" \/>\n\t<meta property=\"og:image:type\" content=\"image\/jpeg\" \/>\n<meta name=\"twitter:card\" content=\"summary_large_image\" \/>\n<meta name=\"twitter:label1\" content=\"Estimated reading time\" \/>\n\t<meta name=\"twitter:data1\" content=\"2 minutes\" \/>\n<script type=\"application\/ld+json\" class=\"yoast-schema-graph\">{\"@context\":\"https:\/\/schema.org\",\"@graph\":[{\"@type\":\"WebPage\",\"@id\":\"https:\/\/swiat-tektury.pl\/produkt\/stolik-dla-dzieci\/\",\"url\":\"https:\/\/swiat-tektury.pl\/produkt\/stolik-dla-dzieci\/\",\"name\":\"Stolik dla dzieci | \u015bwiat-tektury.pl\",\"isPartOf\":{\"@id\":\"http:\/\/swiat-tektury.pl\/en\/#website\"},\"primaryImageOfPage\":{\"@id\":\"https:\/\/swiat-tektury.pl\/produkt\/stolik-dla-dzieci\/#primaryimage\"},\"image\":{\"@id\":\"https:\/\/swiat-tektury.pl\/produkt\/stolik-dla-dzieci\/#primaryimage\"},\"thumbnailUrl\":\"https:\/\/swiat-tektury.pl\/wp-content\/uploads\/2019\/02\/Stolik_dzieciecy_z_tektury_eko_1-1.jpg\",\"datePublished\":\"2019-02-28T13:01:05+00:00\",\"dateModified\":\"2026-03-05T10:23:04+00:00\",\"description\":\"Stolik wykonany z tektury dla najm\u0142odszych,\u00a0\u0142atwy do z\u0142o\u017cenia, bardzo wytrzyma\u0142y. Idealny do nauki i zabawy. Meble z tektury mog\u0105 pom\u00f3c w rozwoju kreatywno\u015bci u dzieci. Mo\u017cna po nich malowa\u0107, przykleja\u0107 ozdoby i dekorowa\u0107 na r\u00f3\u017cne sposoby. Nasze produkty buduj\u0105 wi\u0119ksz\u0105 \u015bwiadomo\u015b\u0107 w temacie ekologii i podej\u015bcia zero waste nawet u najm\u0142odszych dzieci.\",\"breadcrumb\":{\"@id\":\"https:\/\/swiat-tektury.pl\/produkt\/stolik-dla-dzieci\/#breadcrumb\"},\"inLanguage\":\"en-GB\",\"potentialAction\":[{\"@type\":\"ReadAction\",\"target\":[\"https:\/\/swiat-tektury.pl\/produkt\/stolik-dla-dzieci\/\"]}]},{\"@type\":\"ImageObject\",\"inLanguage\":\"en-GB\",\"@id\":\"https:\/\/swiat-tektury.pl\/produkt\/stolik-dla-dzieci\/#primaryimage\",\"url\":\"https:\/\/swiat-tektury.pl\/wp-content\/uploads\/2019\/02\/Stolik_dzieciecy_z_tektury_eko_1-1.jpg\",\"contentUrl\":\"https:\/\/swiat-tektury.pl\/wp-content\/uploads\/2019\/02\/Stolik_dzieciecy_z_tektury_eko_1-1.jpg\",\"width\":1920,\"height\":1920},{\"@type\":\"BreadcrumbList\",\"@id\":\"https:\/\/swiat-tektury.pl\/produkt\/stolik-dla-dzieci\/#breadcrumb\",\"itemListElement\":[{\"@type\":\"ListItem\",\"position\":1,\"name\":\"Strona g\u0142\u00f3wna\",\"item\":\"http:\/\/swiat-tektury.pl\/en\/\"},{\"@type\":\"ListItem\",\"position\":2,\"name\":\"Sklep\",\"item\":\"http:\/\/swiat-tektury.pl\/sklep\/\"},{\"@type\":\"ListItem\",\"position\":3,\"name\":\"Stolik dla dzieci\"}]},{\"@type\":\"WebSite\",\"@id\":\"http:\/\/swiat-tektury.pl\/en\/#website\",\"url\":\"http:\/\/swiat-tektury.pl\/en\/\",\"name\":\"\u015bwiat-tektury.pl\",\"description\":\"Ekologiczne meble z tektury\",\"publisher\":{\"@id\":\"http:\/\/swiat-tektury.pl\/en\/#organization\"},\"potentialAction\":[{\"@type\":\"SearchAction\",\"target\":{\"@type\":\"EntryPoint\",\"urlTemplate\":\"http:\/\/swiat-tektury.pl\/en\/?s={search_term_string}\"},\"query-input\":{\"@type\":\"PropertyValueSpecification\",\"valueRequired\":true,\"valueName\":\"search_term_string\"}}],\"inLanguage\":\"en-GB\"},{\"@type\":\"Organization\",\"@id\":\"http:\/\/swiat-tektury.pl\/en\/#organization\",\"name\":\"\u015awiat tektury\",\"url\":\"http:\/\/swiat-tektury.pl\/en\/\",\"logo\":{\"@type\":\"ImageObject\",\"inLanguage\":\"en-GB\",\"@id\":\"http:\/\/swiat-tektury.pl\/en\/#\/schema\/logo\/image\/\",\"url\":\"https:\/\/swiat-tektury.pl\/wp-content\/uploads\/2019\/10\/WIAT-TEKTURY-LOGOTYP-01-e1572440309804.png\",\"contentUrl\":\"https:\/\/swiat-tektury.pl\/wp-content\/uploads\/2019\/10\/WIAT-TEKTURY-LOGOTYP-01-e1572440309804.png\",\"width\":1098,\"height\":1098,\"caption\":\"\u015awiat tektury\"},\"image\":{\"@id\":\"http:\/\/swiat-tektury.pl\/en\/#\/schema\/logo\/image\/\"},\"sameAs\":[\"https:\/\/www.facebook.com\/swiattektury\/\",\"https:\/\/www.instagram.com\/swiat_tektury\/\"]}]}<\/script>\n<!-- \/ Yoast SEO plugin. -->","yoast_head_json":{"title":"Stolik dla dzieci | \u015bwiat-tektury.pl","description":"Stolik wykonany z tektury dla najm\u0142odszych,\u00a0\u0142atwy do z\u0142o\u017cenia, bardzo wytrzyma\u0142y. Idealny do nauki i zabawy. Meble z tektury mog\u0105 pom\u00f3c w rozwoju kreatywno\u015bci u dzieci. Mo\u017cna po nich malowa\u0107, przykleja\u0107 ozdoby i dekorowa\u0107 na r\u00f3\u017cne sposoby. Nasze produkty buduj\u0105 wi\u0119ksz\u0105 \u015bwiadomo\u015b\u0107 w temacie ekologii i podej\u015bcia zero waste nawet u najm\u0142odszych dzieci.","robots":{"index":"index","follow":"follow","max-snippet":"max-snippet:-1","max-image-preview":"max-image-preview:large","max-video-preview":"max-video-preview:-1"},"canonical":"https:\/\/swiat-tektury.pl\/en\/product\/stolik-dla-dzieci\/","og_locale":"en_GB","og_type":"article","og_title":"Stolik dla dzieci | \u015bwiat-tektury.pl","og_description":"Stolik wykonany z tektury dla najm\u0142odszych,\u00a0\u0142atwy do z\u0142o\u017cenia, bardzo wytrzyma\u0142y. Idealny do nauki i zabawy. Meble z tektury mog\u0105 pom\u00f3c w rozwoju kreatywno\u015bci u dzieci. Mo\u017cna po nich malowa\u0107, przykleja\u0107 ozdoby i dekorowa\u0107 na r\u00f3\u017cne sposoby. Nasze produkty buduj\u0105 wi\u0119ksz\u0105 \u015bwiadomo\u015b\u0107 w temacie ekologii i podej\u015bcia zero waste nawet u najm\u0142odszych dzieci.","og_url":"https:\/\/swiat-tektury.pl\/en\/product\/stolik-dla-dzieci\/","og_site_name":"\u015bwiat-tektury.pl","article_publisher":"https:\/\/www.facebook.com\/swiattektury\/","article_modified_time":"2026-03-05T10:23:04+00:00","og_image":[{"width":1920,"height":1920,"url":"http:\/\/swiat-tektury.pl\/wp-content\/uploads\/2019\/02\/Stolik_dzieciecy_z_tektury_eko_1-1.jpg","type":"image\/jpeg"}],"twitter_card":"summary_large_image","twitter_misc":{"Estimated reading time":"2 minutes"},"schema":{"@context":"https:\/\/schema.org","@graph":[{"@type":"WebPage","@id":"https:\/\/swiat-tektury.pl\/produkt\/stolik-dla-dzieci\/","url":"https:\/\/swiat-tektury.pl\/produkt\/stolik-dla-dzieci\/","name":"Stolik dla dzieci | \u015bwiat-tektury.pl","isPartOf":{"@id":"http:\/\/swiat-tektury.pl\/en\/#website"},"primaryImageOfPage":{"@id":"https:\/\/swiat-tektury.pl\/produkt\/stolik-dla-dzieci\/#primaryimage"},"image":{"@id":"https:\/\/swiat-tektury.pl\/produkt\/stolik-dla-dzieci\/#primaryimage"},"thumbnailUrl":"https:\/\/swiat-tektury.pl\/wp-content\/uploads\/2019\/02\/Stolik_dzieciecy_z_tektury_eko_1-1.jpg","datePublished":"2019-02-28T13:01:05+00:00","dateModified":"2026-03-05T10:23:04+00:00","description":"Stolik wykonany z tektury dla najm\u0142odszych,\u00a0\u0142atwy do z\u0142o\u017cenia, bardzo wytrzyma\u0142y. Idealny do nauki i zabawy. Meble z tektury mog\u0105 pom\u00f3c w rozwoju kreatywno\u015bci u dzieci. Mo\u017cna po nich malowa\u0107, przykleja\u0107 ozdoby i dekorowa\u0107 na r\u00f3\u017cne sposoby. Nasze produkty buduj\u0105 wi\u0119ksz\u0105 \u015bwiadomo\u015b\u0107 w temacie ekologii i podej\u015bcia zero waste nawet u najm\u0142odszych dzieci.","breadcrumb":{"@id":"https:\/\/swiat-tektury.pl\/produkt\/stolik-dla-dzieci\/#breadcrumb"},"inLanguage":"en-GB","potentialAction":[{"@type":"ReadAction","target":["https:\/\/swiat-tektury.pl\/produkt\/stolik-dla-dzieci\/"]}]},{"@type":"ImageObject","inLanguage":"en-GB","@id":"https:\/\/swiat-tektury.pl\/produkt\/stolik-dla-dzieci\/#primaryimage","url":"https:\/\/swiat-tektury.pl\/wp-content\/uploads\/2019\/02\/Stolik_dzieciecy_z_tektury_eko_1-1.jpg","contentUrl":"https:\/\/swiat-tektury.pl\/wp-content\/uploads\/2019\/02\/Stolik_dzieciecy_z_tektury_eko_1-1.jpg","width":1920,"height":1920},{"@type":"BreadcrumbList","@id":"https:\/\/swiat-tektury.pl\/produkt\/stolik-dla-dzieci\/#breadcrumb","itemListElement":[{"@type":"ListItem","position":1,"name":"Strona g\u0142\u00f3wna","item":"http:\/\/swiat-tektury.pl\/en\/"},{"@type":"ListItem","position":2,"name":"Sklep","item":"http:\/\/swiat-tektury.pl\/sklep\/"},{"@type":"ListItem","position":3,"name":"Stolik dla dzieci"}]},{"@type":"WebSite","@id":"http:\/\/swiat-tektury.pl\/en\/#website","url":"http:\/\/swiat-tektury.pl\/en\/","name":"\u015bwiat-tektury.pl","description":"Ekologiczne meble z tektury","publisher":{"@id":"http:\/\/swiat-tektury.pl\/en\/#organization"},"potentialAction":[{"@type":"SearchAction","target":{"@type":"EntryPoint","urlTemplate":"http:\/\/swiat-tektury.pl\/en\/?s={search_term_string}"},"query-input":{"@type":"PropertyValueSpecification","valueRequired":true,"valueName":"search_term_string"}}],"inLanguage":"en-GB"},{"@type":"Organization","@id":"http:\/\/swiat-tektury.pl\/en\/#organization","name":"\u015awiat tektury","url":"http:\/\/swiat-tektury.pl\/en\/","logo":{"@type":"ImageObject","inLanguage":"en-GB","@id":"http:\/\/swiat-tektury.pl\/en\/#\/schema\/logo\/image\/","url":"https:\/\/swiat-tektury.pl\/wp-content\/uploads\/2019\/10\/WIAT-TEKTURY-LOGOTYP-01-e1572440309804.png","contentUrl":"https:\/\/swiat-tektury.pl\/wp-content\/uploads\/2019\/10\/WIAT-TEKTURY-LOGOTYP-01-e1572440309804.png","width":1098,"height":1098,"caption":"\u015awiat tektury"},"image":{"@id":"http:\/\/swiat-tektury.pl\/en\/#\/schema\/logo\/image\/"},"sameAs":["https:\/\/www.facebook.com\/swiattektury\/","https:\/\/www.instagram.com\/swiat_tektury\/"]}]}},"_links":{"self":[{"href":"https:\/\/swiat-tektury.pl\/en\/wp-json\/wp\/v2\/product\/8207","targetHints":{"allow":["GET"]}}],"collection":[{"href":"https:\/\/swiat-tektury.pl\/en\/wp-json\/wp\/v2\/product"}],"about":[{"href":"https:\/\/swiat-tektury.pl\/en\/wp-json\/wp\/v2\/types\/product"}],"wp:featuredmedia":[{"embeddable":true,"href":"https:\/\/swiat-tektury.pl\/en\/wp-json\/wp\/v2\/media\/15210"}],"wp:attachment":[{"href":"https:\/\/swiat-tektury.pl\/en\/wp-json\/wp\/v2\/media?parent=8207"}],"wp:term":[{"taxonomy":"product_brand","embeddable":true,"href":"https:\/\/swiat-tektury.pl\/en\/wp-json\/wp\/v2\/product_brand?post=8207"},{"taxonomy":"product_cat","embeddable":true,"href":"https:\/\/swiat-tektury.pl\/en\/wp-json\/wp\/v2\/product_cat?post=8207"},{"taxonomy":"product_tag","embeddable":true,"href":"https:\/\/swiat-tektury.pl\/en\/wp-json\/wp\/v2\/product_tag?post=8207"}],"curies":[{"name":"wp","href":"https:\/\/api.w.org\/{rel}","templated":true}]}}