{"id":8545,"date":"2019-11-20T16:30:18","date_gmt":"2019-11-20T15:30:18","guid":{"rendered":"https:\/\/swiat-tektury.pl\/?post_type=product&#038;p=8545"},"modified":"2026-03-05T11:54:46","modified_gmt":"2026-03-05T10:54:46","slug":"lada-duza","status":"publish","type":"product","link":"https:\/\/swiat-tektury.pl\/en\/product\/lada-duza\/","title":{"rendered":"Large counter"},"content":{"rendered":"<div class=\"_155f60df\">\n<div class=\"_427cbe5b\">\n<div class=\"_155f60df\">\n<div class=\"_427cbe5b\">\n<p><strong>Tektura<\/strong> to od lat niedoceniany surowiec. Pozwala na konstruowanie niebanalnych i w pe\u0142ni funkcjonalnych <strong>kartonowych mebli<\/strong>.<\/p>\n<p>Nasze <strong>meble<\/strong> s\u0105 nie tylko eleganckie, ale r\u00f3wnie\u017c wygodne i trwa\u0142e. Monta\u017c nie wymaga narz\u0119dzi, a kiedy nie b\u0119dziesz ich potrzebowa\u0142, w ka\u017cdej chwili mo\u017cesz je roz\u0142o\u017cy\u0107 i schowa\u0107 np. za szaf\u0119.<\/p>\n<p><strong>Meble z tektury<\/strong> ociepl\u0105 ka\u017cde wn\u0119trze. \u015awietnie odnajd\u0105 si\u0119 w\u015br\u00f3d tradycyjnych <strong>mebli<\/strong>, ale mo\u017cecie te\u017c urz\u0105dzi\u0107 swoje pomieszczenia w ca\u0142o\u015bci z <strong>tektury<\/strong>.<\/p>\n<p>Nasza&nbsp;<b>lada z tektury<\/b> sprawdzi\u0142a si\u0119 ju\u017c podczas niejednego wydarzenia. Przykuwa uwag\u0119 na targach, konferencjach, wystawach&#8230;. Nie tylko dlatego, \u017ce jest pi\u0119kna, niedroga, praktyczna i mo\u017cna na niej nadrukowa\u0107 np. swoje logo. ale r\u00f3wnie\u017c dlatego, \u017ce jest <strong>eko. <\/strong>A chyba wszystkim nam na tym zale\u017cy?<\/p>\n<table style=\"border-collapse: collapse; width: 100%; height: 103px;\" border=\"0\" cellspacing=\"0\" cellpadding=\"0\">\n<tbody>\n<tr style=\"height: 14.5pt;\">\n<td class=\"xl63\" style=\"height: 14.5pt; width: 48pt; text-align: center;\" width=\"64\" height=\"19\"><strong>Wymiary [szer. x g\u0142. x wys.]<\/strong><\/td>\n<td class=\"xl63\" style=\"width: 48pt; text-align: center;\" width=\"64\"><strong>Weight<\/strong><\/td>\n<td class=\"xl63\" style=\"width: 48pt; text-align: center;\" width=\"64\"><strong>Materia\u0142<\/strong><\/td>\n<\/tr>\n<tr style=\"height: 14.5pt;\">\n<td style=\"height: 14.5pt; text-align: center;\" height=\"19\">138 x 43 x 112 cm<\/td>\n<td style=\"text-align: center;\">ok. 8 kg<\/td>\n<td>\n<ul>\n<li>Tektura falista 5-warstwowa 1090 g. \/ m2<\/li>\n<li>Tektura falista 7-warstwowa 1545 g. \/ m2<\/li>\n<\/ul>\n<\/td>\n<\/tr>\n<\/tbody>\n<\/table>\n<p><strong>Chcesz sprawi\u0107, aby ten produkt by\u0142 jeszcze bardziej wyj\u0105tkowy?<\/strong><\/p>\n<p>Szukasz pomys\u0142u na prezent lub po prostu chcesz mie\u0107 spersonalizowany mebel?<\/p>\n<p>Istnieje mo\u017cliwo\u015b\u0107 wykonania dodatkowego nadruku wed\u0142ug Twojego pomys\u0142u.<\/p>\n<p>Mo\u017cesz nanie\u015b\u0107 dowolny napis, zdj\u0119cie lub po prostu co\u015b namalowa\u0107.<\/p>\n<p>Skorzystaj z naszego kreatora klikaj\u0105c w poni\u017cszy link.<\/p>\n<p style=\"text-align: center;\"><a class=\"fasc-button fasc-size-xlarge fasc-type-flat fasc-rounded-medium ico-fa fasc-ico-before fa-pencil fasc-style-bold\" style=\"background-color: #000000; color: #ffffff;\" href=\"https:\/\/swiat-tektury.pl\/en\/create-your-own\/?task2=update&amp;product_id=12395&amp;view=m&amp;cik=fe9007d32710deccee9063a381e71ac5\">Zaprojektuj sw\u00f3j nadruk<\/a><\/p>\n<p>Do z\u0142o\u017cenia naszych <strong>mebli<\/strong> nie potrzebne s\u0105 \u017cadne narz\u0119dzia. Do ka\u017cdego zestawu do\u0142\u0105czona jest instrukcja monta\u017cu, a ca\u0142y process trwa zaledwie kilka minut. Klikaj\u0105c w poni\u017cszy link mo\u017cesz zobaczy\u0107, jak sk\u0142adany jest ten <strong>mebel<\/strong>.<\/p>\n<p style=\"text-align: center;\"><a class=\"fasc-button fasc-size-xlarge fasc-type-flat fasc-rounded-medium fasc-ico-before dashicons-admin-tools fasc-style-bold\" style=\"background-color: #000000; color: #ffffff;\" href=\"https:\/\/swiat-tektury.pl\/wp-content\/uploads\/2022\/12\/Instrukcja-Lada-z-tektury-duza.pdf\">Instrukcja monta\u017cu<\/a><\/p>\n\n<div id=\"rev_slider_11_1_wrapper\" class=\"rev_slider_wrapper fullwidthbanner-container\" data-source=\"gallery\" style=\"margin:0px auto;background:transparent;padding:0px;margin-top:0px;margin-bottom:0px;\">\n<!-- START REVOLUTION SLIDER 5.4.8.1 fullwidth mode -->\n\t<div id=\"rev_slider_11_1\" class=\"rev_slider fullwidthabanner\" style=\"display:none;\" data-version=\"5.4.8.1\">\n<ul>\t<!-- SLIDE  -->\n\t<li data-index=\"rs-25\" data-transition=\"fade\" data-slotamount=\"default\" data-hideafterloop=\"0\" data-hideslideonmobile=\"off\"  data-easein=\"default\" data-easeout=\"default\" data-masterspeed=\"300\"  data-rotate=\"0\"  data-saveperformance=\"off\"  data-title=\"Tektura - zawarto\u015b\u0107\" data-param1=\"\" data-param2=\"\" data-param3=\"\" data-param4=\"\" data-param5=\"\" data-param6=\"\" data-param7=\"\" data-param8=\"\" data-param9=\"\" data-param10=\"\" data-description=\"\">\n\t\t<!-- MAIN IMAGE -->\n\t\t<img fetchpriority=\"high\" decoding=\"async\" src=\"https:\/\/swiat-tektury.pl\/wp-content\/uploads\/2024\/09\/Meble-z-tektury-sklad.jpg\"  alt=\"\" title=\"Meble z tektury &#8211; sk\u0142ad\"  width=\"1920\" height=\"1440\" data-bgposition=\"center center\" data-bgfit=\"contain\" data-bgrepeat=\"no-repeat\" class=\"rev-slidebg\" data-no-retina>\n\t\t<!-- LAYERS -->\n\t<\/li>\n<\/ul>\n<div class=\"tp-bannertimer tp-bottom\" style=\"visibility: hidden !important;\"><\/div>\t<\/div>\n<script>var htmlDiv = document.getElementById(\"rs-plugin-settings-inline-css\"); var htmlDivCss=\"\";\n\t\t\t\tif(htmlDiv) {\n\t\t\t\t\thtmlDiv.innerHTML = htmlDiv.innerHTML + htmlDivCss;\n\t\t\t\t}else{\n\t\t\t\t\tvar htmlDiv = document.createElement(\"div\");\n\t\t\t\t\thtmlDiv.innerHTML = \"<style>\" + htmlDivCss + \"<\/style>\";\n\t\t\t\t\tdocument.getElementsByTagName(\"head\")[0].appendChild(htmlDiv.childNodes[0]);\n\t\t\t\t}\n\t\t\t<\/script>\n\t\t<script type=\"text\/javascript\">\nif (setREVStartSize!==undefined) setREVStartSize(\n\t{c: '#rev_slider_11_1', gridwidth: [1240], gridheight: [868], sliderLayout: 'auto'});\n\t\t\t\nvar revapi11,\n\ttpj;\t\n(function() {\t\t\t\n\tif (!\/loaded|interactive|complete\/.test(document.readyState)) document.addEventListener(\"DOMContentLoaded\",onLoad); else onLoad();\t\n\tfunction onLoad() {\t\t\t\t\n\t\tif (tpj===undefined) { tpj = jQuery; if(\"off\" == \"on\") tpj.noConflict();}\n\tif(tpj(\"#rev_slider_11_1\").revolution == undefined){\n\t\trevslider_showDoubleJqueryError(\"#rev_slider_11_1\");\n\t}else{\n\t\trevapi11 = tpj(\"#rev_slider_11_1\").show().revolution({\n\t\t\tsliderType:\"hero\",\n\t\t\tjsFileLocation:\"\/\/swiat-tektury.pl\/wp-content\/plugins\/revslider\/public\/assets\/js\/\",\n\t\t\tsliderLayout:\"auto\",\n\t\t\tdottedOverlay:\"none\",\n\t\t\tdelay:9000,\n\t\t\tvisibilityLevels:[1240,1024,778,480],\n\t\t\tgridwidth:1240,\n\t\t\tgridheight:868,\n\t\t\tlazyType:\"none\",\n\t\t\tshadow:0,\n\t\t\tspinner:\"spinner0\",\n\t\t\tautoHeight:\"on\",\n\t\t\tdisableProgressBar:\"on\",\n\t\t\thideThumbsOnMobile:\"off\",\n\t\t\thideSliderAtLimit:0,\n\t\t\thideCaptionAtLimit:0,\n\t\t\thideAllCaptionAtLilmit:0,\n\t\t\tdebugMode:false,\n\t\t\tfallbacks: {\n\t\t\t\tsimplifyAll:\"off\",\n\t\t\t\tdisableFocusListener:false,\n\t\t\t}\n\t\t});\n\t}; \/* END OF revapi call *\/\n\t\n }; \/* END OF ON LOAD FUNCTION *\/\n}()); \/* END OF WRAPPING FUNCTION *\/\n<\/script>\n\t\t<\/div><!-- END REVOLUTION SLIDER -->\n<\/div>\n<\/div>\n<\/div>\n<\/div>","protected":false},"excerpt":{"rendered":"<p>Ekologiczna lada z tektury.<\/p>","protected":false},"featured_media":15230,"template":"","meta":[],"product_brand":[],"product_cat":[15],"product_tag":[291,167,208,166,288,301,287,284,21,20,181,180,165,285,286,192],"class_list":{"0":"post-8545","1":"product","2":"type-product","3":"status-publish","4":"has-post-thumbnail","6":"product_cat-meble-dla-firm","7":"product_tag-druk-uv","8":"product_tag-eko","9":"product_tag-ekologia","10":"product_tag-karton","11":"product_tag-kartonowe-meble","12":"product_tag-lada-z-tektury","13":"product_tag-meble-eventowe","14":"product_tag-meble-konferencyjne","15":"product_tag-meble-z-kartonu","16":"product_tag-meble-z-tektury","17":"product_tag-stoisko-targowe","18":"product_tag-targi","19":"product_tag-tektura","20":"product_tag-tektura-falista","21":"product_tag-tekturowe-meble","22":"product_tag-zero-waste","23":"pa_meble-z-tektury-lady","25":"first","26":"instock","27":"taxable","28":"shipping-taxable","29":"purchasable","30":"product-type-simple"},"yoast_head":"<!-- This site is optimized with the Yoast SEO plugin v26.0 - https:\/\/yoast.com\/wordpress\/plugins\/seo\/ -->\n<title>Lada du\u017ca | \u015bwiat-tektury.pl<\/title>\n<meta name=\"description\" content=\"Ekologiczna lada wykonana w ca\u0142o\u015bci z tektury. Meble z tektury ociepl\u0105 ka\u017cde wn\u0119trze. \u015awietnie odnajd\u0105 si\u0119 w\u015br\u00f3d tradycyjnych mebli, ale mo\u017cecie te\u017c urz\u0105dzi\u0107 swoje pomieszczenia w ca\u0142o\u015bci z tektury.\" \/>\n<meta name=\"robots\" content=\"index, follow, max-snippet:-1, max-image-preview:large, max-video-preview:-1\" \/>\n<link rel=\"canonical\" href=\"https:\/\/swiat-tektury.pl\/en\/product\/lada-duza\/\" \/>\n<meta property=\"og:locale\" content=\"en_GB\" \/>\n<meta property=\"og:type\" content=\"article\" \/>\n<meta property=\"og:title\" content=\"Lada du\u017ca | \u015bwiat-tektury.pl\" \/>\n<meta property=\"og:description\" content=\"Ekologiczna lada wykonana w ca\u0142o\u015bci z tektury. Meble z tektury ociepl\u0105 ka\u017cde wn\u0119trze. \u015awietnie odnajd\u0105 si\u0119 w\u015br\u00f3d tradycyjnych mebli, ale mo\u017cecie te\u017c urz\u0105dzi\u0107 swoje pomieszczenia w ca\u0142o\u015bci z tektury.\" \/>\n<meta property=\"og:url\" content=\"https:\/\/swiat-tektury.pl\/en\/product\/lada-duza\/\" \/>\n<meta property=\"og:site_name\" content=\"\u015bwiat-tektury.pl\" \/>\n<meta property=\"article:publisher\" content=\"https:\/\/www.facebook.com\/swiattektury\/\" \/>\n<meta property=\"article:modified_time\" content=\"2026-03-05T10:54:46+00:00\" \/>\n<meta property=\"og:image\" content=\"http:\/\/swiat-tektury.pl\/wp-content\/uploads\/2019\/11\/Lada_duza_z_tektury_eko_1.jpg\" \/>\n\t<meta property=\"og:image:width\" content=\"1920\" \/>\n\t<meta property=\"og:image:height\" content=\"1920\" \/>\n\t<meta property=\"og:image:type\" content=\"image\/jpeg\" \/>\n<meta name=\"twitter:card\" content=\"summary_large_image\" \/>\n<meta name=\"twitter:label1\" content=\"Estimated reading time\" \/>\n\t<meta name=\"twitter:data1\" content=\"2 minutes\" \/>\n<script type=\"application\/ld+json\" class=\"yoast-schema-graph\">{\"@context\":\"https:\/\/schema.org\",\"@graph\":[{\"@type\":\"WebPage\",\"@id\":\"https:\/\/swiat-tektury.pl\/produkt\/lada-duza\/\",\"url\":\"https:\/\/swiat-tektury.pl\/produkt\/lada-duza\/\",\"name\":\"Lada du\u017ca | \u015bwiat-tektury.pl\",\"isPartOf\":{\"@id\":\"http:\/\/swiat-tektury.pl\/en\/#website\"},\"primaryImageOfPage\":{\"@id\":\"https:\/\/swiat-tektury.pl\/produkt\/lada-duza\/#primaryimage\"},\"image\":{\"@id\":\"https:\/\/swiat-tektury.pl\/produkt\/lada-duza\/#primaryimage\"},\"thumbnailUrl\":\"https:\/\/swiat-tektury.pl\/wp-content\/uploads\/2019\/11\/Lada_duza_z_tektury_eko_1.jpg\",\"datePublished\":\"2019-11-20T15:30:18+00:00\",\"dateModified\":\"2026-03-05T10:54:46+00:00\",\"description\":\"Ekologiczna lada wykonana w ca\u0142o\u015bci z tektury. Meble z tektury ociepl\u0105 ka\u017cde wn\u0119trze. \u015awietnie odnajd\u0105 si\u0119 w\u015br\u00f3d tradycyjnych mebli, ale mo\u017cecie te\u017c urz\u0105dzi\u0107 swoje pomieszczenia w ca\u0142o\u015bci z tektury.\",\"breadcrumb\":{\"@id\":\"https:\/\/swiat-tektury.pl\/produkt\/lada-duza\/#breadcrumb\"},\"inLanguage\":\"en-GB\",\"potentialAction\":[{\"@type\":\"ReadAction\",\"target\":[\"https:\/\/swiat-tektury.pl\/produkt\/lada-duza\/\"]}]},{\"@type\":\"ImageObject\",\"inLanguage\":\"en-GB\",\"@id\":\"https:\/\/swiat-tektury.pl\/produkt\/lada-duza\/#primaryimage\",\"url\":\"https:\/\/swiat-tektury.pl\/wp-content\/uploads\/2019\/11\/Lada_duza_z_tektury_eko_1.jpg\",\"contentUrl\":\"https:\/\/swiat-tektury.pl\/wp-content\/uploads\/2019\/11\/Lada_duza_z_tektury_eko_1.jpg\",\"width\":1920,\"height\":1920},{\"@type\":\"BreadcrumbList\",\"@id\":\"https:\/\/swiat-tektury.pl\/produkt\/lada-duza\/#breadcrumb\",\"itemListElement\":[{\"@type\":\"ListItem\",\"position\":1,\"name\":\"Strona g\u0142\u00f3wna\",\"item\":\"http:\/\/swiat-tektury.pl\/en\/\"},{\"@type\":\"ListItem\",\"position\":2,\"name\":\"Sklep\",\"item\":\"http:\/\/swiat-tektury.pl\/sklep\/\"},{\"@type\":\"ListItem\",\"position\":3,\"name\":\"Lada du\u017ca\"}]},{\"@type\":\"WebSite\",\"@id\":\"http:\/\/swiat-tektury.pl\/en\/#website\",\"url\":\"http:\/\/swiat-tektury.pl\/en\/\",\"name\":\"\u015bwiat-tektury.pl\",\"description\":\"Ekologiczne meble z tektury\",\"publisher\":{\"@id\":\"http:\/\/swiat-tektury.pl\/en\/#organization\"},\"potentialAction\":[{\"@type\":\"SearchAction\",\"target\":{\"@type\":\"EntryPoint\",\"urlTemplate\":\"http:\/\/swiat-tektury.pl\/en\/?s={search_term_string}\"},\"query-input\":{\"@type\":\"PropertyValueSpecification\",\"valueRequired\":true,\"valueName\":\"search_term_string\"}}],\"inLanguage\":\"en-GB\"},{\"@type\":\"Organization\",\"@id\":\"http:\/\/swiat-tektury.pl\/en\/#organization\",\"name\":\"\u015awiat tektury\",\"url\":\"http:\/\/swiat-tektury.pl\/en\/\",\"logo\":{\"@type\":\"ImageObject\",\"inLanguage\":\"en-GB\",\"@id\":\"http:\/\/swiat-tektury.pl\/en\/#\/schema\/logo\/image\/\",\"url\":\"https:\/\/swiat-tektury.pl\/wp-content\/uploads\/2019\/10\/WIAT-TEKTURY-LOGOTYP-01-e1572440309804.png\",\"contentUrl\":\"https:\/\/swiat-tektury.pl\/wp-content\/uploads\/2019\/10\/WIAT-TEKTURY-LOGOTYP-01-e1572440309804.png\",\"width\":1098,\"height\":1098,\"caption\":\"\u015awiat tektury\"},\"image\":{\"@id\":\"http:\/\/swiat-tektury.pl\/en\/#\/schema\/logo\/image\/\"},\"sameAs\":[\"https:\/\/www.facebook.com\/swiattektury\/\",\"https:\/\/www.instagram.com\/swiat_tektury\/\"]}]}<\/script>\n<!-- \/ Yoast SEO plugin. -->","yoast_head_json":{"title":"Lada du\u017ca | \u015bwiat-tektury.pl","description":"Ekologiczna lada wykonana w ca\u0142o\u015bci z tektury. Meble z tektury ociepl\u0105 ka\u017cde wn\u0119trze. \u015awietnie odnajd\u0105 si\u0119 w\u015br\u00f3d tradycyjnych mebli, ale mo\u017cecie te\u017c urz\u0105dzi\u0107 swoje pomieszczenia w ca\u0142o\u015bci z tektury.","robots":{"index":"index","follow":"follow","max-snippet":"max-snippet:-1","max-image-preview":"max-image-preview:large","max-video-preview":"max-video-preview:-1"},"canonical":"https:\/\/swiat-tektury.pl\/en\/product\/lada-duza\/","og_locale":"en_GB","og_type":"article","og_title":"Lada du\u017ca | \u015bwiat-tektury.pl","og_description":"Ekologiczna lada wykonana w ca\u0142o\u015bci z tektury. Meble z tektury ociepl\u0105 ka\u017cde wn\u0119trze. \u015awietnie odnajd\u0105 si\u0119 w\u015br\u00f3d tradycyjnych mebli, ale mo\u017cecie te\u017c urz\u0105dzi\u0107 swoje pomieszczenia w ca\u0142o\u015bci z tektury.","og_url":"https:\/\/swiat-tektury.pl\/en\/product\/lada-duza\/","og_site_name":"\u015bwiat-tektury.pl","article_publisher":"https:\/\/www.facebook.com\/swiattektury\/","article_modified_time":"2026-03-05T10:54:46+00:00","og_image":[{"width":1920,"height":1920,"url":"http:\/\/swiat-tektury.pl\/wp-content\/uploads\/2019\/11\/Lada_duza_z_tektury_eko_1.jpg","type":"image\/jpeg"}],"twitter_card":"summary_large_image","twitter_misc":{"Estimated reading time":"2 minutes"},"schema":{"@context":"https:\/\/schema.org","@graph":[{"@type":"WebPage","@id":"https:\/\/swiat-tektury.pl\/produkt\/lada-duza\/","url":"https:\/\/swiat-tektury.pl\/produkt\/lada-duza\/","name":"Lada du\u017ca | \u015bwiat-tektury.pl","isPartOf":{"@id":"http:\/\/swiat-tektury.pl\/en\/#website"},"primaryImageOfPage":{"@id":"https:\/\/swiat-tektury.pl\/produkt\/lada-duza\/#primaryimage"},"image":{"@id":"https:\/\/swiat-tektury.pl\/produkt\/lada-duza\/#primaryimage"},"thumbnailUrl":"https:\/\/swiat-tektury.pl\/wp-content\/uploads\/2019\/11\/Lada_duza_z_tektury_eko_1.jpg","datePublished":"2019-11-20T15:30:18+00:00","dateModified":"2026-03-05T10:54:46+00:00","description":"Ekologiczna lada wykonana w ca\u0142o\u015bci z tektury. Meble z tektury ociepl\u0105 ka\u017cde wn\u0119trze. \u015awietnie odnajd\u0105 si\u0119 w\u015br\u00f3d tradycyjnych mebli, ale mo\u017cecie te\u017c urz\u0105dzi\u0107 swoje pomieszczenia w ca\u0142o\u015bci z tektury.","breadcrumb":{"@id":"https:\/\/swiat-tektury.pl\/produkt\/lada-duza\/#breadcrumb"},"inLanguage":"en-GB","potentialAction":[{"@type":"ReadAction","target":["https:\/\/swiat-tektury.pl\/produkt\/lada-duza\/"]}]},{"@type":"ImageObject","inLanguage":"en-GB","@id":"https:\/\/swiat-tektury.pl\/produkt\/lada-duza\/#primaryimage","url":"https:\/\/swiat-tektury.pl\/wp-content\/uploads\/2019\/11\/Lada_duza_z_tektury_eko_1.jpg","contentUrl":"https:\/\/swiat-tektury.pl\/wp-content\/uploads\/2019\/11\/Lada_duza_z_tektury_eko_1.jpg","width":1920,"height":1920},{"@type":"BreadcrumbList","@id":"https:\/\/swiat-tektury.pl\/produkt\/lada-duza\/#breadcrumb","itemListElement":[{"@type":"ListItem","position":1,"name":"Strona g\u0142\u00f3wna","item":"http:\/\/swiat-tektury.pl\/en\/"},{"@type":"ListItem","position":2,"name":"Sklep","item":"http:\/\/swiat-tektury.pl\/sklep\/"},{"@type":"ListItem","position":3,"name":"Lada du\u017ca"}]},{"@type":"WebSite","@id":"http:\/\/swiat-tektury.pl\/en\/#website","url":"http:\/\/swiat-tektury.pl\/en\/","name":"\u015bwiat-tektury.pl","description":"Ekologiczne meble z tektury","publisher":{"@id":"http:\/\/swiat-tektury.pl\/en\/#organization"},"potentialAction":[{"@type":"SearchAction","target":{"@type":"EntryPoint","urlTemplate":"http:\/\/swiat-tektury.pl\/en\/?s={search_term_string}"},"query-input":{"@type":"PropertyValueSpecification","valueRequired":true,"valueName":"search_term_string"}}],"inLanguage":"en-GB"},{"@type":"Organization","@id":"http:\/\/swiat-tektury.pl\/en\/#organization","name":"\u015awiat tektury","url":"http:\/\/swiat-tektury.pl\/en\/","logo":{"@type":"ImageObject","inLanguage":"en-GB","@id":"http:\/\/swiat-tektury.pl\/en\/#\/schema\/logo\/image\/","url":"https:\/\/swiat-tektury.pl\/wp-content\/uploads\/2019\/10\/WIAT-TEKTURY-LOGOTYP-01-e1572440309804.png","contentUrl":"https:\/\/swiat-tektury.pl\/wp-content\/uploads\/2019\/10\/WIAT-TEKTURY-LOGOTYP-01-e1572440309804.png","width":1098,"height":1098,"caption":"\u015awiat tektury"},"image":{"@id":"http:\/\/swiat-tektury.pl\/en\/#\/schema\/logo\/image\/"},"sameAs":["https:\/\/www.facebook.com\/swiattektury\/","https:\/\/www.instagram.com\/swiat_tektury\/"]}]}},"_links":{"self":[{"href":"https:\/\/swiat-tektury.pl\/en\/wp-json\/wp\/v2\/product\/8545","targetHints":{"allow":["GET"]}}],"collection":[{"href":"https:\/\/swiat-tektury.pl\/en\/wp-json\/wp\/v2\/product"}],"about":[{"href":"https:\/\/swiat-tektury.pl\/en\/wp-json\/wp\/v2\/types\/product"}],"wp:featuredmedia":[{"embeddable":true,"href":"https:\/\/swiat-tektury.pl\/en\/wp-json\/wp\/v2\/media\/15230"}],"wp:attachment":[{"href":"https:\/\/swiat-tektury.pl\/en\/wp-json\/wp\/v2\/media?parent=8545"}],"wp:term":[{"taxonomy":"product_brand","embeddable":true,"href":"https:\/\/swiat-tektury.pl\/en\/wp-json\/wp\/v2\/product_brand?post=8545"},{"taxonomy":"product_cat","embeddable":true,"href":"https:\/\/swiat-tektury.pl\/en\/wp-json\/wp\/v2\/product_cat?post=8545"},{"taxonomy":"product_tag","embeddable":true,"href":"https:\/\/swiat-tektury.pl\/en\/wp-json\/wp\/v2\/product_tag?post=8545"}],"curies":[{"name":"wp","href":"https:\/\/api.w.org\/{rel}","templated":true}]}}